{"id":1066,"date":"2025-02-07T13:22:18","date_gmt":"2025-02-07T16:22:18","guid":{"rendered":"\/SiteCLIN\/?page_id=1066"},"modified":"2025-02-10T14:20:41","modified_gmt":"2025-02-10T17:20:41","slug":"acesso-de-contratos","status":"publish","type":"page","link":"https:\/\/www.clin.rj.gov.br\/SiteCLIN\/?page_id=1066","title":{"rendered":"Acesso de Contratos"},"content":{"rendered":"\t\t<div data-elementor-type=\"wp-page\" data-elementor-id=\"1066\" class=\"elementor elementor-1066\" data-elementor-post-type=\"page\">\n\t\t\t\t<div class=\"elementor-element elementor-element-defd874 e-flex e-con-boxed e-con e-parent\" data-id=\"defd874\" data-element_type=\"container\" data-settings=\"{&quot;background_background&quot;:&quot;classic&quot;}\">\n\t\t\t\t\t<div class=\"e-con-inner\">\n\t\t\t\t<div class=\"elementor-element elementor-element-53add05 elementor-widget__width-initial elementor-widget elementor-widget-heading\" data-id=\"53add05\" data-element_type=\"widget\" data-widget_type=\"heading.default\">\n\t\t\t\t<div class=\"elementor-widget-container\">\n\t\t\t\t\t<h2 class=\"elementor-heading-title elementor-size-default\">Contratos<\/h2>\t\t\t\t<\/div>\n\t\t\t\t<\/div>\n\t\t\t\t\t<\/div>\n\t\t\t\t<\/div>\n\t\t<div class=\"elementor-element elementor-element-d0ceec5 e-flex e-con-boxed e-con e-parent\" data-id=\"d0ceec5\" data-element_type=\"container\">\n\t\t\t\t\t<div class=\"e-con-inner\">\n\t\t\t\t<div class=\"elementor-element elementor-element-1557888 elementor-widget__width-initial elementor-invisible elementor-widget elementor-widget-heading\" data-id=\"1557888\" data-element_type=\"widget\" data-settings=\"{&quot;_animation&quot;:&quot;bounceIn&quot;}\" data-widget_type=\"heading.default\">\n\t\t\t\t<div class=\"elementor-widget-container\">\n\t\t\t\t\t<h2 class=\"elementor-heading-title elementor-size-default\"><a href=\"http:\/\/www.clin.rj.gov.br\/SiteCLIN\/wp-content\/uploads\/2025\/02\/REGULAMENTO_DE_LICITACOES_E_CONTRATOS_CLIN_compressed.pdf\" target=\"_blank\">Clique aqui para acessar o Regulamento Interno de Licita\u00e7\u00f5es e Contratos (RILC) da Companhia Municipal de Limpeza Urbana de Niter\u00f3i (CLIN)<\/a><\/h2>\t\t\t\t<\/div>\n\t\t\t\t<\/div>\n\t\t\t\t\t<\/div>\n\t\t\t\t<\/div>\n\t\t<div class=\"elementor-element elementor-element-e67136e e-flex e-con-boxed e-con e-parent\" data-id=\"e67136e\" data-element_type=\"container\">\n\t\t\t\t\t<div class=\"e-con-inner\">\n\t\t\t\t<div class=\"elementor-element elementor-element-6186224 elementor-widget__width-initial elementor-invisible elementor-widget elementor-widget-heading\" data-id=\"6186224\" data-element_type=\"widget\" data-settings=\"{&quot;_animation&quot;:&quot;bounceIn&quot;}\" data-widget_type=\"heading.default\">\n\t\t\t\t<div class=\"elementor-widget-container\">\n\t\t\t\t\t<h2 class=\"elementor-heading-title elementor-size-default\"><a href=\"http:\/\/www.clin.rj.gov.br\/SiteCLIN\/?page_id=21\">VOLTAR<\/a><\/h2>\t\t\t\t<\/div>\n\t\t\t\t<\/div>\n\t\t\t\t\t<\/div>\n\t\t\t\t<\/div>\n\t\t<div class=\"elementor-element elementor-element-53c5a4a e-flex e-con-boxed e-con e-parent\" data-id=\"53c5a4a\" data-element_type=\"container\">\n\t\t\t\t\t<div class=\"e-con-inner\">\n\t\t\t\t<div class=\"elementor-element elementor-element-0c25f3b elementor-widget elementor-widget-html\" data-id=\"0c25f3b\" data-element_type=\"widget\" data-widget_type=\"html.default\">\n\t\t\t\t<div class=\"elementor-widget-container\">\n\t\t\t\t\t<iframe src=\"https:\/\/www.clin.rj.gov.br\/SiteCLIN\/antigo\/contratos.php\" width=\"100%\" height=\"720\" scrolling=\"yes\" class=\"iframe-class\" frameborder=\"0\"><\/iframe>\t\t\t\t<\/div>\n\t\t\t\t<\/div>\n\t\t\t\t\t<\/div>\n\t\t\t\t<\/div>\n\t\t\t\t<\/div>\n\t\t","protected":false},"excerpt":{"rendered":"<p>Contratos Clique aqui para acessar o Regulamento Interno de Licita\u00e7\u00f5es e Contratos (RILC) da Companhia Municipal de Limpeza Urbana de Niter\u00f3i (CLIN) VOLTAR<\/p>\n","protected":false},"author":1,"featured_media":0,"parent":0,"menu_order":0,"comment_status":"closed","ping_status":"closed","template":"","meta":{"footnotes":""},"class_list":["post-1066","page","type-page","status-publish","hentry"],"_links":{"self":[{"href":"https:\/\/www.clin.rj.gov.br\/SiteCLIN\/index.php?rest_route=\/wp\/v2\/pages\/1066","targetHints":{"allow":["GET"]}}],"collection":[{"href":"https:\/\/www.clin.rj.gov.br\/SiteCLIN\/index.php?rest_route=\/wp\/v2\/pages"}],"about":[{"href":"https:\/\/www.clin.rj.gov.br\/SiteCLIN\/index.php?rest_route=\/wp\/v2\/types\/page"}],"author":[{"embeddable":true,"href":"https:\/\/www.clin.rj.gov.br\/SiteCLIN\/index.php?rest_route=\/wp\/v2\/users\/1"}],"replies":[{"embeddable":true,"href":"https:\/\/www.clin.rj.gov.br\/SiteCLIN\/index.php?rest_route=%2Fwp%2Fv2%2Fcomments&post=1066"}],"version-history":[{"count":32,"href":"https:\/\/www.clin.rj.gov.br\/SiteCLIN\/index.php?rest_route=\/wp\/v2\/pages\/1066\/revisions"}],"predecessor-version":[{"id":2277,"href":"https:\/\/www.clin.rj.gov.br\/SiteCLIN\/index.php?rest_route=\/wp\/v2\/pages\/1066\/revisions\/2277"}],"wp:attachment":[{"href":"https:\/\/www.clin.rj.gov.br\/SiteCLIN\/index.php?rest_route=%2Fwp%2Fv2%2Fmedia&parent=1066"}],"curies":[{"name":"wp","href":"https:\/\/api.w.org\/{rel}","templated":true}]}}