{"id":1144,"date":"2025-02-07T15:38:27","date_gmt":"2025-02-07T18:38:27","guid":{"rendered":"\/SiteCLIN\/?page_id=1144"},"modified":"2025-03-10T15:21:47","modified_gmt":"2025-03-10T18:21:47","slug":"projetos-sociais","status":"publish","type":"page","link":"https:\/\/www.clin.rj.gov.br\/SiteCLIN\/?page_id=1144","title":{"rendered":"Projetos Sociais"},"content":{"rendered":"\t\t<div data-elementor-type=\"wp-page\" data-elementor-id=\"1144\" class=\"elementor elementor-1144\" data-elementor-post-type=\"page\">\n\t\t\t\t<div class=\"elementor-element elementor-element-3ce9f5c e-con-full e-flex e-con e-parent\" data-id=\"3ce9f5c\" data-element_type=\"container\" data-settings=\"{&quot;background_background&quot;:&quot;gradient&quot;}\">\n\t\t\t\t<div class=\"elementor-element elementor-element-8909b2f elementor-widget elementor-widget-image\" data-id=\"8909b2f\" data-element_type=\"widget\" data-widget_type=\"image.default\">\n\t\t\t\t<div class=\"elementor-widget-container\">\n\t\t\t\t\t\t\t\t\t\t\t\t\t\t\t<img decoding=\"async\" src=\"https:\/\/www.clin.rj.gov.br\/SiteCLIN\/wp-content\/uploads\/projetos-sociais.png\" title=\"\" alt=\"\" loading=\"lazy\" \/>\t\t\t\t\t\t\t\t\t\t\t\t\t\t\t<\/div>\n\t\t\t\t<\/div>\n\t\t\t\t<\/div>\n\t\t<div class=\"elementor-element elementor-element-68c17e2 e-flex e-con-boxed e-con e-parent\" data-id=\"68c17e2\" data-element_type=\"container\">\n\t\t\t\t\t<div class=\"e-con-inner\">\n\t\t\t\t<div class=\"elementor-element elementor-element-7bc2f6c elementor-widget elementor-widget-heading\" data-id=\"7bc2f6c\" data-element_type=\"widget\" data-widget_type=\"heading.default\">\n\t\t\t\t<div class=\"elementor-widget-container\">\n\t\t\t\t\t<h2 class=\"elementor-heading-title elementor-size-default\">Programa Mais Vida Clin<\/h2>\t\t\t\t<\/div>\n\t\t\t\t<\/div>\n\t\t\t\t\t<\/div>\n\t\t\t\t<\/div>\n\t\t<div class=\"elementor-element elementor-element-3ec785e e-flex e-con-boxed e-con e-parent\" data-id=\"3ec785e\" data-element_type=\"container\">\n\t\t\t\t\t<div class=\"e-con-inner\">\n\t\t<div class=\"elementor-element elementor-element-c0d6bde e-con-full e-flex e-con e-child\" data-id=\"c0d6bde\" data-element_type=\"container\">\n\t\t\t\t<div class=\"elementor-element elementor-element-4b5b455 elementor-widget__width-initial elementor-widget elementor-widget-image\" data-id=\"4b5b455\" data-element_type=\"widget\" data-widget_type=\"image.default\">\n\t\t\t\t<div class=\"elementor-widget-container\">\n\t\t\t\t\t\t\t\t\t\t\t\t\t\t\t<img fetchpriority=\"high\" decoding=\"async\" width=\"800\" height=\"480\" src=\"https:\/\/www.clin.rj.gov.br\/SiteCLIN\/wp-content\/uploads\/2025\/02\/WhatsApp-Image-2023-02-14-at-15.17.49-1.jpg\" class=\"attachment-large size-large wp-image-1326\" alt=\"\" \/>\t\t\t\t\t\t\t\t\t\t\t\t\t\t\t<\/div>\n\t\t\t\t<\/div>\n\t\t\t\t<\/div>\n\t\t<div class=\"elementor-element elementor-element-520d3f5 e-con-full e-flex e-con e-child\" data-id=\"520d3f5\" data-element_type=\"container\">\n\t\t\t\t<div class=\"elementor-element elementor-element-0e29c77 elementor-widget elementor-widget-text-editor\" data-id=\"0e29c77\" data-element_type=\"widget\" data-widget_type=\"text-editor.default\">\n\t\t\t\t<div class=\"elementor-widget-container\">\n\t\t\t\t\t\t\t\t\t<p>O programa + Vida Clin tem o objetivo de promover uma ampla discuss\u00e3o sobre o uso abusivo de \u00e1lcool e outras drogas, e suas consequ\u00eancias para a sa\u00fade e a qualidade de vida. O projeto, que \u00e9 voltado para os funcion\u00e1rios da Clin e seus familiares, conta com quatro frentes de trabalho: acolhimento individual; grupo de forma\u00e7\u00e3o de multiplicadores, de redu\u00e7\u00e3o de danos e de fam\u00edlia. Esses espa\u00e7os t\u00eam como objetivo a constru\u00e7\u00e3o de v\u00ednculo e confian\u00e7a, orienta\u00e7\u00e3o, acompanhamento e encaminhamento para tratamento especializado.<\/p><p>A preven\u00e7\u00e3o \u00e0s drogas no mundo do trabalho, nas comunidades e na fam\u00edlia \u00e9 uma parte importante da responsabilidade social da Empresa. Em parceria com a sociedade civil, a Clin torna-se um poderoso agente de enfrentamento ao abuso de \u00e1lcool e outras drogas, reconstruindo novos caminhos poss\u00edveis e f\u00e9rteis para a promo\u00e7\u00e3o da sa\u00fade e qualidade de vida do trabalhador.<\/p>\t\t\t\t\t\t\t\t<\/div>\n\t\t\t\t<\/div>\n\t\t\t\t<\/div>\n\t\t\t\t\t<\/div>\n\t\t\t\t<\/div>\n\t\t<div class=\"elementor-element elementor-element-c17c719 e-flex e-con-boxed e-con e-parent\" data-id=\"c17c719\" data-element_type=\"container\">\n\t\t\t\t\t<div class=\"e-con-inner\">\n\t\t\t\t<div class=\"elementor-element elementor-element-de1f406 elementor-widget elementor-widget-heading\" data-id=\"de1f406\" data-element_type=\"widget\" data-widget_type=\"heading.default\">\n\t\t\t\t<div class=\"elementor-widget-container\">\n\t\t\t\t\t<h2 class=\"elementor-heading-title elementor-size-default\">Coral Vozes da Clin<\/h2>\t\t\t\t<\/div>\n\t\t\t\t<\/div>\n\t\t\t\t\t<\/div>\n\t\t\t\t<\/div>\n\t\t<div class=\"elementor-element elementor-element-cff2fd7 e-flex e-con-boxed e-con e-parent\" data-id=\"cff2fd7\" data-element_type=\"container\">\n\t\t\t\t\t<div class=\"e-con-inner\">\n\t\t<div class=\"elementor-element elementor-element-a04f409 e-con-full e-flex e-con e-child\" data-id=\"a04f409\" data-element_type=\"container\">\n\t\t\t\t<div class=\"elementor-element elementor-element-e4df754 elementor-widget elementor-widget-text-editor\" data-id=\"e4df754\" data-element_type=\"widget\" data-widget_type=\"text-editor.default\">\n\t\t\t\t<div class=\"elementor-widget-container\">\n\t\t\t\t\t\t\t\t\t<p>Desde sua funda\u00e7\u00e3o em 2008, o Coral Vozes da Clin est\u00e1 presente na vida musical de Niter\u00f3i, se apresentando regularmente nos diversos espa\u00e7os da cidade.\u00a0Formado com o objetivo de facilitar o acesso \u00e0 cultura para os colaboradores e proporcionar o entrosamento entre as diferentes categorias profissionais que comp\u00f5em a empresa, o coro tem repert\u00f3rio diverso, que contempla v\u00e1rias vertentes da MPB e prestigia compositores niteroienses.\u00a0<\/p><p>Em 2021, o Coral lan\u00e7ou seu primeiro CD pelo selo Niter\u00f3i Discos, com arranjos escritos especialmente para o grupo pelo seu regente, Marcello Sader. As faixas Que Casa \u00e9 Essa e Hino a Niter\u00f3i foram transformadas em videoclipes, gravados e lan\u00e7ados tamb\u00e9m pela Niter\u00f3i Discos.<\/p>\t\t\t\t\t\t\t\t<\/div>\n\t\t\t\t<\/div>\n\t\t\t\t<\/div>\n\t\t<div class=\"elementor-element elementor-element-a141179 e-con-full e-flex e-con e-child\" data-id=\"a141179\" data-element_type=\"container\">\n\t\t\t\t<div class=\"elementor-element elementor-element-5d94edf elementor-widget__width-initial elementor-widget elementor-widget-image\" data-id=\"5d94edf\" data-element_type=\"widget\" data-widget_type=\"image.default\">\n\t\t\t\t<div class=\"elementor-widget-container\">\n\t\t\t\t\t\t\t\t\t\t\t\t\t\t\t<img decoding=\"async\" width=\"800\" height=\"480\" src=\"https:\/\/www.clin.rj.gov.br\/SiteCLIN\/wp-content\/uploads\/2025\/02\/CORAL-DA-CLIN-1-1.jpg\" class=\"attachment-large size-large wp-image-1325\" alt=\"\" \/>\t\t\t\t\t\t\t\t\t\t\t\t\t\t\t<\/div>\n\t\t\t\t<\/div>\n\t\t\t\t<\/div>\n\t\t\t\t\t<\/div>\n\t\t\t\t<\/div>\n\t\t<div class=\"elementor-element elementor-element-bcbbac9 e-flex e-con-boxed e-con e-parent\" data-id=\"bcbbac9\" data-element_type=\"container\">\n\t\t\t\t\t<div class=\"e-con-inner\">\n\t\t\t\t<div class=\"elementor-element elementor-element-9b8fa5a elementor-widget elementor-widget-heading\" data-id=\"9b8fa5a\" data-element_type=\"widget\" data-widget_type=\"heading.default\">\n\t\t\t\t<div class=\"elementor-widget-container\">\n\t\t\t\t\t<h2 class=\"elementor-heading-title elementor-size-default\">Projeto Clin Social\n<\/h2>\t\t\t\t<\/div>\n\t\t\t\t<\/div>\n\t\t\t\t\t<\/div>\n\t\t\t\t<\/div>\n\t\t<div class=\"elementor-element elementor-element-81bab2a e-flex e-con-boxed e-con e-parent\" data-id=\"81bab2a\" data-element_type=\"container\">\n\t\t\t\t\t<div class=\"e-con-inner\">\n\t\t<div class=\"elementor-element elementor-element-e1b86a2 e-con-full e-flex e-con e-child\" data-id=\"e1b86a2\" data-element_type=\"container\">\n\t\t\t\t<div class=\"elementor-element elementor-element-86e63ba elementor-widget__width-initial elementor-widget elementor-widget-image\" data-id=\"86e63ba\" data-element_type=\"widget\" data-widget_type=\"image.default\">\n\t\t\t\t<div class=\"elementor-widget-container\">\n\t\t\t\t\t\t\t\t\t\t\t\t\t\t\t<img decoding=\"async\" width=\"800\" height=\"480\" src=\"https:\/\/www.clin.rj.gov.br\/SiteCLIN\/wp-content\/uploads\/2025\/02\/WhatsApp-Image-2023-02-14-at-15.22.08-1.jpg\" class=\"attachment-large size-large wp-image-1327\" alt=\"\" \/>\t\t\t\t\t\t\t\t\t\t\t\t\t\t\t<\/div>\n\t\t\t\t<\/div>\n\t\t\t\t<\/div>\n\t\t<div class=\"elementor-element elementor-element-7e5be63 e-con-full e-flex e-con e-child\" data-id=\"7e5be63\" data-element_type=\"container\">\n\t\t\t\t<div class=\"elementor-element elementor-element-793cf71 elementor-widget elementor-widget-text-editor\" data-id=\"793cf71\" data-element_type=\"widget\" data-widget_type=\"text-editor.default\">\n\t\t\t\t<div class=\"elementor-widget-container\">\n\t\t\t\t\t\t\t\t\t<p>A Clin, por acreditar em uma vertente mais ampla da educa\u00e7\u00e3o que busque contribuir no processo de socializa\u00e7\u00e3o e integra\u00e7\u00e3o de crian\u00e7as\/adolescentes em situa\u00e7\u00e3o de risco social, fundou o Projeto que tem como principal miss\u00e3o atender 100 crian\u00e7as\/adolescentes no contraturno escolar em escolas p\u00fablicas nas proximidades do Morro do C\u00e9u.<\/p><p><br \/>S\u00e3o oferecidas atividades esportivas, pedag\u00f3gicas e culturais visando contribuir no acesso a novas vivencias e experi\u00eancias do p\u00fablico atendido.<\/p><p><br \/>Essa \u00e9 uma iniciativa necess\u00e1ria e funciona como contrapartida social pelo fato da Clin ter utilizado o Morro do C\u00e9u por mais de 30 anos para servir de destina\u00e7\u00e3o final de res\u00edduos s\u00f3lidos do munic\u00edpio de Niter\u00f3i.<\/p>\t\t\t\t\t\t\t\t<\/div>\n\t\t\t\t<\/div>\n\t\t\t\t<\/div>\n\t\t\t\t\t<\/div>\n\t\t\t\t<\/div>\n\t\t<div class=\"elementor-element elementor-element-54d7c8f e-flex e-con-boxed e-con e-parent\" data-id=\"54d7c8f\" data-element_type=\"container\">\n\t\t\t\t\t<div class=\"e-con-inner\">\n\t\t<div class=\"elementor-element elementor-element-4ae3429 e-con-full e-flex e-con e-child\" data-id=\"4ae3429\" data-element_type=\"container\">\n\t\t\t\t<div class=\"elementor-element elementor-element-45b2c4b elementor-widget__width-initial elementor-invisible elementor-widget elementor-widget-heading\" data-id=\"45b2c4b\" data-element_type=\"widget\" data-settings=\"{&quot;_animation&quot;:&quot;bounceIn&quot;}\" data-widget_type=\"heading.default\">\n\t\t\t\t<div class=\"elementor-widget-container\">\n\t\t\t\t\t<h2 class=\"elementor-heading-title elementor-size-default\"><a href=\"http:\/\/www.clin.rj.gov.br\/SiteCLIN\/?page_id=21\">VOLTAR<\/a><\/h2>\t\t\t\t<\/div>\n\t\t\t\t<\/div>\n\t\t\t\t<\/div>\n\t\t\t\t\t<\/div>\n\t\t\t\t<\/div>\n\t\t\t\t<\/div>\n\t\t","protected":false},"excerpt":{"rendered":"<p>Programa Mais Vida Clin O programa + Vida Clin tem o objetivo de promover uma ampla discuss\u00e3o sobre o uso abusivo de \u00e1lcool e outras drogas, e suas consequ\u00eancias para a sa\u00fade e a qualidade de vida. O projeto, que \u00e9 voltado para os funcion\u00e1rios da Clin e seus familiares, conta com quatro frentes de [&hellip;]<\/p>\n","protected":false},"author":1,"featured_media":0,"parent":0,"menu_order":0,"comment_status":"closed","ping_status":"closed","template":"","meta":{"footnotes":""},"class_list":["post-1144","page","type-page","status-publish","hentry"],"_links":{"self":[{"href":"https:\/\/www.clin.rj.gov.br\/SiteCLIN\/index.php?rest_route=\/wp\/v2\/pages\/1144","targetHints":{"allow":["GET"]}}],"collection":[{"href":"https:\/\/www.clin.rj.gov.br\/SiteCLIN\/index.php?rest_route=\/wp\/v2\/pages"}],"about":[{"href":"https:\/\/www.clin.rj.gov.br\/SiteCLIN\/index.php?rest_route=\/wp\/v2\/types\/page"}],"author":[{"embeddable":true,"href":"https:\/\/www.clin.rj.gov.br\/SiteCLIN\/index.php?rest_route=\/wp\/v2\/users\/1"}],"replies":[{"embeddable":true,"href":"https:\/\/www.clin.rj.gov.br\/SiteCLIN\/index.php?rest_route=%2Fwp%2Fv2%2Fcomments&post=1144"}],"version-history":[{"count":25,"href":"https:\/\/www.clin.rj.gov.br\/SiteCLIN\/index.php?rest_route=\/wp\/v2\/pages\/1144\/revisions"}],"predecessor-version":[{"id":1861,"href":"https:\/\/www.clin.rj.gov.br\/SiteCLIN\/index.php?rest_route=\/wp\/v2\/pages\/1144\/revisions\/1861"}],"wp:attachment":[{"href":"https:\/\/www.clin.rj.gov.br\/SiteCLIN\/index.php?rest_route=%2Fwp%2Fv2%2Fmedia&parent=1144"}],"curies":[{"name":"wp","href":"https:\/\/api.w.org\/{rel}","templated":true}]}}