{"id":1158,"date":"2025-02-07T16:01:23","date_gmt":"2025-02-07T19:01:23","guid":{"rendered":"\/SiteCLIN\/?page_id=1158"},"modified":"2025-03-10T15:28:57","modified_gmt":"2025-03-10T18:28:57","slug":"projetos-sociais-2","status":"publish","type":"page","link":"https:\/\/www.clin.rj.gov.br\/SiteCLIN\/?page_id=1158","title":{"rendered":"Projetos Sociais"},"content":{"rendered":"\t\t<div data-elementor-type=\"wp-page\" data-elementor-id=\"1158\" class=\"elementor elementor-1158\" data-elementor-post-type=\"page\">\n\t\t\t\t<div class=\"elementor-element elementor-element-9ab7f06 e-con-full e-flex e-con e-parent\" data-id=\"9ab7f06\" data-element_type=\"container\">\n\t\t<div class=\"elementor-element elementor-element-09506a5 e-con-full e-flex e-con e-child\" data-id=\"09506a5\" data-element_type=\"container\" data-settings=\"{&quot;background_background&quot;:&quot;gradient&quot;}\">\n\t\t\t\t<div class=\"elementor-element elementor-element-4408a1a elementor-widget elementor-widget-image\" data-id=\"4408a1a\" data-element_type=\"widget\" data-widget_type=\"image.default\">\n\t\t\t\t<div class=\"elementor-widget-container\">\n\t\t\t\t\t\t\t\t\t\t\t\t\t\t\t<img decoding=\"async\" src=\"https:\/\/www.clin.rj.gov.br\/SiteCLIN\/wp-content\/uploads\/projetos-ambientais.png\" title=\"\" alt=\"\" loading=\"lazy\" \/>\t\t\t\t\t\t\t\t\t\t\t\t\t\t\t<\/div>\n\t\t\t\t<\/div>\n\t\t\t\t<\/div>\n\t\t\t\t<\/div>\n\t\t<div class=\"elementor-element elementor-element-b988e71 e-flex e-con-boxed e-con e-parent\" data-id=\"b988e71\" data-element_type=\"container\">\n\t\t\t\t\t<div class=\"e-con-inner\">\n\t\t\t\t<div class=\"elementor-element elementor-element-ed024f8 elementor-widget elementor-widget-heading\" data-id=\"ed024f8\" data-element_type=\"widget\" data-widget_type=\"heading.default\">\n\t\t\t\t<div class=\"elementor-widget-container\">\n\t\t\t\t\t<h2 class=\"elementor-heading-title elementor-size-default\">Viveiro de Mudas da Clin\n<\/h2>\t\t\t\t<\/div>\n\t\t\t\t<\/div>\n\t\t\t\t\t<\/div>\n\t\t\t\t<\/div>\n\t\t<div class=\"elementor-element elementor-element-47d3626 e-flex e-con-boxed e-con e-parent\" data-id=\"47d3626\" data-element_type=\"container\">\n\t\t\t\t\t<div class=\"e-con-inner\">\n\t\t<div class=\"elementor-element elementor-element-433aea5 e-con-full e-flex e-con e-child\" data-id=\"433aea5\" data-element_type=\"container\">\n\t\t\t\t<div class=\"elementor-element elementor-element-4b39e2b elementor-widget__width-initial elementor-widget elementor-widget-image\" data-id=\"4b39e2b\" data-element_type=\"widget\" data-widget_type=\"image.default\">\n\t\t\t\t<div class=\"elementor-widget-container\">\n\t\t\t\t\t\t\t\t\t\t\t\t\t\t\t<img fetchpriority=\"high\" decoding=\"async\" width=\"800\" height=\"480\" src=\"https:\/\/www.clin.rj.gov.br\/SiteCLIN\/wp-content\/uploads\/2025\/02\/image-12.jpg\" class=\"attachment-large size-large wp-image-1313\" alt=\"\" \/>\t\t\t\t\t\t\t\t\t\t\t\t\t\t\t<\/div>\n\t\t\t\t<\/div>\n\t\t\t\t<\/div>\n\t\t<div class=\"elementor-element elementor-element-fe617df e-con-full e-flex e-con e-child\" data-id=\"fe617df\" data-element_type=\"container\">\n\t\t\t\t<div class=\"elementor-element elementor-element-08fc1ec elementor-widget elementor-widget-text-editor\" data-id=\"08fc1ec\" data-element_type=\"widget\" data-widget_type=\"text-editor.default\">\n\t\t\t\t<div class=\"elementor-widget-container\">\n\t\t\t\t\t\t\t\t\t<p>O viveiro da Clin serve como base para o reflorestamento, recupera\u00e7\u00e3o de encostas e \u00e1reas degradadas e arboriza\u00e7\u00e3o de regi\u00f5es da cidade. Todas as mudas s\u00e3o produzidas a partir de res\u00edduos de poda, j\u00e1 que este material \u00e9 rico em nutrientes e auxilia no desenvolvimento das plantas. A Empresa n\u00e3o tem gasto com as embalagens em que as mudas s\u00e3o plantadas, j\u00e1 que s\u00e3o utilizados materiais recicl\u00e1veis, tais como garrafas pet, latas de \u00f3leo, embalagens de leite, entre outros.<\/p><p>S\u00e3o mais de 140 mil mudas, sendo aproximadamente 90 esp\u00e9cies da Mata Atl\u00e2ntica, como pau-brasil, babosa branca, aroeira, angico vermelho e figueira da pedra, al\u00e9m de mudas de ip\u00ea branco e roxo, a\u00e7a\u00ed, jabuticaba, pitanga, entre outras esp\u00e9cies frut\u00edferas. Al\u00e9m de fornecer mudas aos projetos da prefeitura de Niter\u00f3i, a Clin atende iniciativas de arboriza\u00e7\u00e3o criadas por associa\u00e7\u00f5es de moradores, sindicatos, entre outras entidades.<\/p>\t\t\t\t\t\t\t\t<\/div>\n\t\t\t\t<\/div>\n\t\t\t\t<\/div>\n\t\t\t\t\t<\/div>\n\t\t\t\t<\/div>\n\t\t<div class=\"elementor-element elementor-element-6166132 e-flex e-con-boxed e-con e-parent\" data-id=\"6166132\" data-element_type=\"container\">\n\t\t\t\t\t<div class=\"e-con-inner\">\n\t\t\t\t<div class=\"elementor-element elementor-element-65faeeb elementor-widget elementor-widget-heading\" data-id=\"65faeeb\" data-element_type=\"widget\" data-widget_type=\"heading.default\">\n\t\t\t\t<div class=\"elementor-widget-container\">\n\t\t\t\t\t<h2 class=\"elementor-heading-title elementor-size-default\">Educa\u00e7\u00e3o Ambiental\n<\/h2>\t\t\t\t<\/div>\n\t\t\t\t<\/div>\n\t\t\t\t\t<\/div>\n\t\t\t\t<\/div>\n\t\t<div class=\"elementor-element elementor-element-4c98641 e-flex e-con-boxed e-con e-parent\" data-id=\"4c98641\" data-element_type=\"container\">\n\t\t\t\t\t<div class=\"e-con-inner\">\n\t\t<div class=\"elementor-element elementor-element-77ceb10 e-con-full e-flex e-con e-child\" data-id=\"77ceb10\" data-element_type=\"container\">\n\t\t\t\t<div class=\"elementor-element elementor-element-ea24a14 elementor-widget elementor-widget-text-editor\" data-id=\"ea24a14\" data-element_type=\"widget\" data-widget_type=\"text-editor.default\">\n\t\t\t\t<div class=\"elementor-widget-container\">\n\t\t\t\t\t\t\t\t\t<p>Por meio da Coordena\u00e7\u00e3o de Educa\u00e7\u00e3o Ambiental \u2013 CEA, a Clin mant\u00e9m o Programa de levar informa\u00e7\u00f5es \u00fateis aos profissionais de ensino das redes municipais, estaduais e privadas, bem como aos cidad\u00e3os em suas diferentes atua\u00e7\u00f5es.<\/p><p>As principais a\u00e7\u00f5es est\u00e3o voltadas para a realiza\u00e7\u00e3o de palestras, oficinas e minicursos educativos em escolas, reparti\u00e7\u00f5es p\u00fablicas, comunidades, associa\u00e7\u00f5es e grupos sociais com intuito de sensibilizar e orientar sobre pr\u00e1ticas sustent\u00e1veis de manejo dos recursos naturais, com conte\u00fado de reciclagem, reutiliza\u00e7\u00e3o e reaproveitamento de res\u00edduos s\u00f3lidos.<\/p><p>Al\u00e9m das atividades educativas nas escolas municipais, s\u00e3o instalados cont\u00eaineres de cores diferentes para proporcionar uma destina\u00e7\u00e3o ambientalmente sustent\u00e1vel, tendo em vista a Pol\u00edtica Nacional de Res\u00edduos S\u00f3lidos (PNRS).<\/p><p>A CEA \u00e9 composta por um grupo multidisciplinar de profissionais (engenheiro, assistente social e professores), com foco na import\u00e2ncia dos diferentes olhares e do conhecimento acad\u00eamico, uma vez que a educa\u00e7\u00e3o ambiental \u00e9 considerada compromisso de todos.<\/p>\t\t\t\t\t\t\t\t<\/div>\n\t\t\t\t<\/div>\n\t\t\t\t<\/div>\n\t\t<div class=\"elementor-element elementor-element-1adf624 e-con-full e-flex e-con e-child\" data-id=\"1adf624\" data-element_type=\"container\">\n\t\t\t\t<div class=\"elementor-element elementor-element-928a772 elementor-widget__width-initial elementor-widget elementor-widget-image\" data-id=\"928a772\" data-element_type=\"widget\" data-widget_type=\"image.default\">\n\t\t\t\t<div class=\"elementor-widget-container\">\n\t\t\t\t\t\t\t\t\t\t\t\t\t\t\t<img decoding=\"async\" width=\"800\" height=\"480\" src=\"https:\/\/www.clin.rj.gov.br\/SiteCLIN\/wp-content\/uploads\/2025\/02\/image-13.jpg\" class=\"attachment-large size-large wp-image-1314\" alt=\"\" \/>\t\t\t\t\t\t\t\t\t\t\t\t\t\t\t<\/div>\n\t\t\t\t<\/div>\n\t\t\t\t<\/div>\n\t\t\t\t\t<\/div>\n\t\t\t\t<\/div>\n\t\t<div class=\"elementor-element elementor-element-8e5d5dc e-flex e-con-boxed e-con e-parent\" data-id=\"8e5d5dc\" data-element_type=\"container\">\n\t\t\t\t\t<div class=\"e-con-inner\">\n\t\t<div class=\"elementor-element elementor-element-795e40e e-con-full e-flex e-con e-child\" data-id=\"795e40e\" data-element_type=\"container\">\n\t\t\t\t<div class=\"elementor-element elementor-element-1adf3fd elementor-widget__width-initial elementor-invisible elementor-widget elementor-widget-heading\" data-id=\"1adf3fd\" data-element_type=\"widget\" data-settings=\"{&quot;_animation&quot;:&quot;bounceIn&quot;}\" data-widget_type=\"heading.default\">\n\t\t\t\t<div class=\"elementor-widget-container\">\n\t\t\t\t\t<h2 class=\"elementor-heading-title elementor-size-default\"><a href=\"http:\/\/www.clin.rj.gov.br\/SiteCLIN\/?page_id=21\">VOLTAR<\/a><\/h2>\t\t\t\t<\/div>\n\t\t\t\t<\/div>\n\t\t\t\t<\/div>\n\t\t\t\t\t<\/div>\n\t\t\t\t<\/div>\n\t\t\t\t<\/div>\n\t\t","protected":false},"excerpt":{"rendered":"<p>Viveiro de Mudas da Clin O viveiro da Clin serve como base para o reflorestamento, recupera\u00e7\u00e3o de encostas e \u00e1reas degradadas e arboriza\u00e7\u00e3o de regi\u00f5es da cidade. Todas as mudas s\u00e3o produzidas a partir de res\u00edduos de poda, j\u00e1 que este material \u00e9 rico em nutrientes e auxilia no desenvolvimento das plantas. A Empresa n\u00e3o [&hellip;]<\/p>\n","protected":false},"author":1,"featured_media":0,"parent":0,"menu_order":0,"comment_status":"closed","ping_status":"closed","template":"","meta":{"footnotes":""},"class_list":["post-1158","page","type-page","status-publish","hentry"],"_links":{"self":[{"href":"https:\/\/www.clin.rj.gov.br\/SiteCLIN\/index.php?rest_route=\/wp\/v2\/pages\/1158","targetHints":{"allow":["GET"]}}],"collection":[{"href":"https:\/\/www.clin.rj.gov.br\/SiteCLIN\/index.php?rest_route=\/wp\/v2\/pages"}],"about":[{"href":"https:\/\/www.clin.rj.gov.br\/SiteCLIN\/index.php?rest_route=\/wp\/v2\/types\/page"}],"author":[{"embeddable":true,"href":"https:\/\/www.clin.rj.gov.br\/SiteCLIN\/index.php?rest_route=\/wp\/v2\/users\/1"}],"replies":[{"embeddable":true,"href":"https:\/\/www.clin.rj.gov.br\/SiteCLIN\/index.php?rest_route=%2Fwp%2Fv2%2Fcomments&post=1158"}],"version-history":[{"count":16,"href":"https:\/\/www.clin.rj.gov.br\/SiteCLIN\/index.php?rest_route=\/wp\/v2\/pages\/1158\/revisions"}],"predecessor-version":[{"id":1864,"href":"https:\/\/www.clin.rj.gov.br\/SiteCLIN\/index.php?rest_route=\/wp\/v2\/pages\/1158\/revisions\/1864"}],"wp:attachment":[{"href":"https:\/\/www.clin.rj.gov.br\/SiteCLIN\/index.php?rest_route=%2Fwp%2Fv2%2Fmedia&parent=1158"}],"curies":[{"name":"wp","href":"https:\/\/api.w.org\/{rel}","templated":true}]}}