{"id":1290,"date":"2025-02-10T09:23:06","date_gmt":"2025-02-10T12:23:06","guid":{"rendered":"\/SiteCLIN\/?page_id=1290"},"modified":"2025-12-09T16:01:26","modified_gmt":"2025-12-09T19:01:26","slug":"onde-descartar","status":"publish","type":"page","link":"https:\/\/www.clin.rj.gov.br\/SiteCLIN\/?page_id=1290","title":{"rendered":"Onde Descartar"},"content":{"rendered":"\t\t<div data-elementor-type=\"wp-page\" data-elementor-id=\"1290\" class=\"elementor elementor-1290\" data-elementor-post-type=\"page\">\n\t\t\t\t<div class=\"elementor-element elementor-element-3cefd6f e-con-full e-flex e-con e-parent\" data-id=\"3cefd6f\" data-element_type=\"container\" data-settings=\"{&quot;background_background&quot;:&quot;classic&quot;}\">\n\t\t\t\t<div class=\"elementor-element elementor-element-d3cf811 elementor-widget__width-initial elementor-widget elementor-widget-image\" data-id=\"d3cf811\" data-element_type=\"widget\" data-widget_type=\"image.default\">\n\t\t\t\t<div class=\"elementor-widget-container\">\n\t\t\t\t\t\t\t\t\t\t\t\t\t\t\t<img decoding=\"async\" width=\"150\" height=\"109\" src=\"https:\/\/www.clin.rj.gov.br\/SiteCLIN\/wp-content\/uploads\/2025\/02\/Onde-destacar-01.png\" class=\"attachment-thumbnail size-thumbnail wp-image-1293\" alt=\"\" \/>\t\t\t\t\t\t\t\t\t\t\t\t\t\t\t<\/div>\n\t\t\t\t<\/div>\n\t\t<div class=\"elementor-element elementor-element-8dc4e5a e-con-full e-flex e-con e-child\" data-id=\"8dc4e5a\" data-element_type=\"container\">\n\t\t\t\t<div class=\"elementor-element elementor-element-f2bc568 elementor-widget elementor-widget-heading\" data-id=\"f2bc568\" data-element_type=\"widget\" data-widget_type=\"heading.default\">\n\t\t\t\t<div class=\"elementor-widget-container\">\n\t\t\t\t\t<h2 class=\"elementor-heading-title elementor-size-default\">Onde Descartar:\nSaiba como descartar corretamente seus res\u00edduos.<\/h2>\t\t\t\t<\/div>\n\t\t\t\t<\/div>\n\t\t\t\t<\/div>\n\t\t\t\t<\/div>\n\t\t<div class=\"elementor-element elementor-element-6fe466c e-flex e-con-boxed e-con e-parent\" data-id=\"6fe466c\" data-element_type=\"container\" data-settings=\"{&quot;background_background&quot;:&quot;classic&quot;}\">\n\t\t\t\t\t<div class=\"e-con-inner\">\n\t\t<div class=\"elementor-element elementor-element-4306ece e-con-full e-flex e-con e-child\" data-id=\"4306ece\" data-element_type=\"container\">\n\t\t\t\t<div class=\"elementor-element elementor-element-45c5f2d elementor-widget elementor-widget-image\" data-id=\"45c5f2d\" data-element_type=\"widget\" data-widget_type=\"image.default\">\n\t\t\t\t<div class=\"elementor-widget-container\">\n\t\t\t\t\t\t\t\t\t\t\t\t\t\t\t<img fetchpriority=\"high\" decoding=\"async\" width=\"300\" height=\"300\" src=\"https:\/\/www.clin.rj.gov.br\/SiteCLIN\/wp-content\/uploads\/2025\/02\/reciclagem-ELETRONICOS_Prancheta-1.png\" class=\"attachment-medium size-medium wp-image-1294\" alt=\"\" \/>\t\t\t\t\t\t\t\t\t\t\t\t\t\t\t<\/div>\n\t\t\t\t<\/div>\n\t\t\t\t<\/div>\n\t\t<div class=\"elementor-element elementor-element-ae6b355 e-con-full e-flex e-con e-child\" data-id=\"ae6b355\" data-element_type=\"container\" data-settings=\"{&quot;background_background&quot;:&quot;classic&quot;}\">\n\t\t\t\t<div class=\"elementor-element elementor-element-3f408da elementor-widget elementor-widget-heading\" data-id=\"3f408da\" data-element_type=\"widget\" data-widget_type=\"heading.default\">\n\t\t\t\t<div class=\"elementor-widget-container\">\n\t\t\t\t\t<h2 class=\"elementor-heading-title elementor-size-default\">ELETROELETR\u00d4NICOS<\/h2>\t\t\t\t<\/div>\n\t\t\t\t<\/div>\n\t\t\t\t<div class=\"elementor-element elementor-element-c8c06eb elementor-widget elementor-widget-text-editor\" data-id=\"c8c06eb\" data-element_type=\"widget\" data-widget_type=\"text-editor.default\">\n\t\t\t\t<div class=\"elementor-widget-container\">\n\t\t\t\t\t\t\t\t\t<p>A Clin recebe eletroeletr\u00f4nicos nos pontos do programa Ecoclin. Esta \u00e9 mais uma iniciativa para incentivar e refor\u00e7ar a pr\u00e1tica da coleta seletiva na cidade.\n\nVoc\u00ea pode conferir os endere\u00e7os dos PEVs\n<a href=\"https:\/\/www.clin.rj.gov.br\/SiteCLIN\/?page_id=575\";   style=\"color: white;\";>clicando aqui.<\/a>\n<\/p>\n\n<p> Al\u00e9m disso, voc\u00ea pode solicitar uma coleta seletiva \u00fanica para recolhimento do seu res\u00edduo. Entre em contato atrav\u00e9s do  0800 367 9100 ou Whatsapp: (21) 99753-1952<\/p>\t\t\t\t\t\t\t\t<\/div>\n\t\t\t\t<\/div>\n\t\t\t\t<\/div>\n\t\t\t\t\t<\/div>\n\t\t\t\t<\/div>\n\t\t<div class=\"elementor-element elementor-element-9539139 e-flex e-con-boxed e-con e-parent\" data-id=\"9539139\" data-element_type=\"container\" data-settings=\"{&quot;background_background&quot;:&quot;classic&quot;}\">\n\t\t\t\t\t<div class=\"e-con-inner\">\n\t\t<div class=\"elementor-element elementor-element-76aa70b e-con-full e-flex e-con e-child\" data-id=\"76aa70b\" data-element_type=\"container\">\n\t\t\t\t<div class=\"elementor-element elementor-element-bca2a6b elementor-widget elementor-widget-image\" data-id=\"bca2a6b\" data-element_type=\"widget\" data-widget_type=\"image.default\">\n\t\t\t\t<div class=\"elementor-widget-container\">\n\t\t\t\t\t\t\t\t\t\t\t\t\t\t\t<img decoding=\"async\" width=\"300\" height=\"300\" src=\"https:\/\/www.clin.rj.gov.br\/SiteCLIN\/wp-content\/uploads\/2025\/02\/reciclagem.png\" class=\"attachment-medium size-medium wp-image-1295\" alt=\"\" \/>\t\t\t\t\t\t\t\t\t\t\t\t\t\t\t<\/div>\n\t\t\t\t<\/div>\n\t\t\t\t<\/div>\n\t\t<div class=\"elementor-element elementor-element-0abf018 e-con-full e-flex e-con e-child\" data-id=\"0abf018\" data-element_type=\"container\" data-settings=\"{&quot;background_background&quot;:&quot;classic&quot;}\">\n\t\t\t\t<div class=\"elementor-element elementor-element-aa0a963 elementor-widget elementor-widget-heading\" data-id=\"aa0a963\" data-element_type=\"widget\" data-widget_type=\"heading.default\">\n\t\t\t\t<div class=\"elementor-widget-container\">\n\t\t\t\t\t<h2 class=\"elementor-heading-title elementor-size-default\">RECICL\u00c1VEIS\n<\/h2>\t\t\t\t<\/div>\n\t\t\t\t<\/div>\n\t\t\t\t<div class=\"elementor-element elementor-element-5645ffe elementor-widget elementor-widget-text-editor\" data-id=\"5645ffe\" data-element_type=\"widget\" data-widget_type=\"text-editor.default\">\n\t\t\t\t<div class=\"elementor-widget-container\">\n\t\t\t\t\t\t\t\t\t<p>Atualmente, todos as regi\u00f5es da cidade s\u00e3o atendidas pelo projeto de coleta seletiva da empresa. Alguns bairros, tais como Camboinhas, Itaipu, Itacoatiara, S\u00e3o Francisco e Charitas, n\u00e3o necessitam de cadastro para serem inclu\u00eddos no programa. Para os demais bairros ainda h\u00e1 a necessidade de cadastro e, para se cadastrar \u00e9 simples: por telefone ou pela internet. O cadastro pode ser feito por telefone (21) 99753-1952 ou no bot\u00e3o abaixo:\u00a0<\/p>\t\t\t\t\t\t\t\t<\/div>\n\t\t\t\t<\/div>\n\t\t\t\t<div class=\"elementor-element elementor-element-d32ccf0 elementor-align-left elementor-widget elementor-widget-button\" data-id=\"d32ccf0\" data-element_type=\"widget\" data-widget_type=\"button.default\">\n\t\t\t\t<div class=\"elementor-widget-container\">\n\t\t\t\t\t\t\t\t\t<div class=\"elementor-button-wrapper\">\n\t\t\t\t\t<a class=\"elementor-button elementor-button-link elementor-size-sm\" href=\"http:\/\/www.clin.rj.gov.br\/?a=ouvidoria\">\n\t\t\t\t\t\t<span class=\"elementor-button-content-wrapper\">\n\t\t\t\t\t\t\t\t\t<span class=\"elementor-button-text\">Clique aqui<\/span>\n\t\t\t\t\t<\/span>\n\t\t\t\t\t<\/a>\n\t\t\t\t<\/div>\n\t\t\t\t\t\t\t\t<\/div>\n\t\t\t\t<\/div>\n\t\t\t\t<\/div>\n\t\t\t\t\t<\/div>\n\t\t\t\t<\/div>\n\t\t<div class=\"elementor-element elementor-element-7450a1e e-flex e-con-boxed e-con e-parent\" data-id=\"7450a1e\" data-element_type=\"container\" data-settings=\"{&quot;background_background&quot;:&quot;classic&quot;}\">\n\t\t\t\t\t<div class=\"e-con-inner\">\n\t\t<div class=\"elementor-element elementor-element-53b9fd7 e-con-full e-flex e-con e-child\" data-id=\"53b9fd7\" data-element_type=\"container\">\n\t\t\t\t<div class=\"elementor-element elementor-element-fa4925b elementor-widget elementor-widget-image\" data-id=\"fa4925b\" data-element_type=\"widget\" data-widget_type=\"image.default\">\n\t\t\t\t<div class=\"elementor-widget-container\">\n\t\t\t\t\t\t\t\t\t\t\t\t\t\t\t<img loading=\"lazy\" decoding=\"async\" width=\"300\" height=\"300\" src=\"https:\/\/www.clin.rj.gov.br\/SiteCLIN\/wp-content\/uploads\/2025\/02\/OIL_Prancheta-1.png\" class=\"attachment-medium size-medium wp-image-1296\" alt=\"\" \/>\t\t\t\t\t\t\t\t\t\t\t\t\t\t\t<\/div>\n\t\t\t\t<\/div>\n\t\t\t\t<\/div>\n\t\t<div class=\"elementor-element elementor-element-5ee723e e-con-full e-flex e-con e-child\" data-id=\"5ee723e\" data-element_type=\"container\" data-settings=\"{&quot;background_background&quot;:&quot;classic&quot;}\">\n\t\t\t\t<div class=\"elementor-element elementor-element-bf96b03 elementor-widget elementor-widget-heading\" data-id=\"bf96b03\" data-element_type=\"widget\" data-widget_type=\"heading.default\">\n\t\t\t\t<div class=\"elementor-widget-container\">\n\t\t\t\t\t<h2 class=\"elementor-heading-title elementor-size-default\">\u00d3LEO VEGETAL USADO<\/h2>\t\t\t\t<\/div>\n\t\t\t\t<\/div>\n\t\t\t\t<div class=\"elementor-element elementor-element-4f916d5 elementor-widget elementor-widget-text-editor\" data-id=\"4f916d5\" data-element_type=\"widget\" data-widget_type=\"text-editor.default\">\n\t\t\t\t<div class=\"elementor-widget-container\">\n\t\t\t\t\t\t\t\t\tO \u00f3leo de cozinha usado pode ser entregue no Ponto de Entrega Volunt\u00e1ria (PEV) mais pr\u00f3ximo, solicitado para recolhimento pelo n\u00famero (21) 99753-1952 ou, ainda, encaminhado por meio da Cooperi\u00f3leo, pelo telefone (21) 98165-5089. Os endere\u00e7os dos PEVs est\u00e3o dispon\u00edveis <a href=\"https:\/\/www.clin.rj.gov.br\/SiteCLIN\/?page_id=575\" style=\"color: white;\">clicando aqui.<\/a><\/p>\t\t\t\t\t\t\t\t<\/div>\n\t\t\t\t<\/div>\n\t\t\t\t<\/div>\n\t\t\t\t\t<\/div>\n\t\t\t\t<\/div>\n\t\t<div class=\"elementor-element elementor-element-5885531 e-flex e-con-boxed e-con e-parent\" data-id=\"5885531\" data-element_type=\"container\" data-settings=\"{&quot;background_background&quot;:&quot;classic&quot;}\">\n\t\t\t\t\t<div class=\"e-con-inner\">\n\t\t<div class=\"elementor-element elementor-element-6074f3d e-con-full e-flex e-con e-child\" data-id=\"6074f3d\" data-element_type=\"container\">\n\t\t\t\t<div class=\"elementor-element elementor-element-ddb9e1c elementor-widget elementor-widget-image\" data-id=\"ddb9e1c\" data-element_type=\"widget\" data-widget_type=\"image.default\">\n\t\t\t\t<div class=\"elementor-widget-container\">\n\t\t\t\t\t\t\t\t\t\t\t\t\t\t\t<img loading=\"lazy\" decoding=\"async\" width=\"300\" height=\"191\" src=\"https:\/\/www.clin.rj.gov.br\/SiteCLIN\/wp-content\/uploads\/2025\/12\/medicamentos-300x191.png\" class=\"attachment-medium size-medium wp-image-3982\" alt=\"\" srcset=\"https:\/\/www.clin.rj.gov.br\/SiteCLIN\/wp-content\/uploads\/2025\/12\/medicamentos-300x191.png 300w, https:\/\/www.clin.rj.gov.br\/SiteCLIN\/wp-content\/uploads\/2025\/12\/medicamentos-1024x653.png 1024w, https:\/\/www.clin.rj.gov.br\/SiteCLIN\/wp-content\/uploads\/2025\/12\/medicamentos-768x490.png 768w, https:\/\/www.clin.rj.gov.br\/SiteCLIN\/wp-content\/uploads\/2025\/12\/medicamentos.png 1367w\" sizes=\"(max-width: 300px) 100vw, 300px\" \/>\t\t\t\t\t\t\t\t\t\t\t\t\t\t\t<\/div>\n\t\t\t\t<\/div>\n\t\t\t\t<\/div>\n\t\t<div class=\"elementor-element elementor-element-0290a97 e-con-full e-flex e-con e-child\" data-id=\"0290a97\" data-element_type=\"container\" data-settings=\"{&quot;background_background&quot;:&quot;classic&quot;}\">\n\t\t\t\t<div class=\"elementor-element elementor-element-b2ea82d elementor-widget elementor-widget-heading\" data-id=\"b2ea82d\" data-element_type=\"widget\" data-widget_type=\"heading.default\">\n\t\t\t\t<div class=\"elementor-widget-container\">\n\t\t\t\t\t<h2 class=\"elementor-heading-title elementor-size-default\">MEDICAMENTOS VENCIDOS<\/h2>\t\t\t\t<\/div>\n\t\t\t\t<\/div>\n\t\t\t\t<div class=\"elementor-element elementor-element-f1face8 elementor-widget elementor-widget-text-editor\" data-id=\"f1face8\" data-element_type=\"widget\" data-widget_type=\"text-editor.default\">\n\t\t\t\t<div class=\"elementor-widget-container\">\n\t\t\t\t\t\t\t\t\t<p>Devem ser entregues nas unidades da Drogaria Raia.<\/p>\t\t\t\t\t\t\t\t<\/div>\n\t\t\t\t<\/div>\n\t\t\t\t<\/div>\n\t\t\t\t\t<\/div>\n\t\t\t\t<\/div>\n\t\t<div class=\"elementor-element elementor-element-469ed71 e-flex e-con-boxed e-con e-parent\" data-id=\"469ed71\" data-element_type=\"container\" data-settings=\"{&quot;background_background&quot;:&quot;classic&quot;}\">\n\t\t\t\t\t<div class=\"e-con-inner\">\n\t\t<div class=\"elementor-element elementor-element-cba158e e-con-full e-flex e-con e-child\" data-id=\"cba158e\" data-element_type=\"container\">\n\t\t\t\t<div class=\"elementor-element elementor-element-62ede9d elementor-widget elementor-widget-image\" data-id=\"62ede9d\" data-element_type=\"widget\" data-widget_type=\"image.default\">\n\t\t\t\t<div class=\"elementor-widget-container\">\n\t\t\t\t\t\t\t\t\t\t\t\t\t\t\t<img loading=\"lazy\" decoding=\"async\" width=\"300\" height=\"300\" src=\"https:\/\/www.clin.rj.gov.br\/SiteCLIN\/wp-content\/uploads\/2025\/02\/lixo-infectante_Prancheta-1.png\" class=\"attachment-medium size-medium wp-image-1298\" alt=\"\" \/>\t\t\t\t\t\t\t\t\t\t\t\t\t\t\t<\/div>\n\t\t\t\t<\/div>\n\t\t\t\t<\/div>\n\t\t<div class=\"elementor-element elementor-element-cd9776c e-con-full e-flex e-con e-child\" data-id=\"cd9776c\" data-element_type=\"container\" data-settings=\"{&quot;background_background&quot;:&quot;classic&quot;}\">\n\t\t\t\t<div class=\"elementor-element elementor-element-6c4af38 elementor-widget elementor-widget-heading\" data-id=\"6c4af38\" data-element_type=\"widget\" data-widget_type=\"heading.default\">\n\t\t\t\t<div class=\"elementor-widget-container\">\n\t\t\t\t\t<h2 class=\"elementor-heading-title elementor-size-default\">RES\u00cdDUOS INFECTOCONTAGIOSOS<\/h2>\t\t\t\t<\/div>\n\t\t\t\t<\/div>\n\t\t\t\t<div class=\"elementor-element elementor-element-2f668d1 elementor-widget elementor-widget-text-editor\" data-id=\"2f668d1\" data-element_type=\"widget\" data-widget_type=\"text-editor.default\">\n\t\t\t\t<div class=\"elementor-widget-container\">\n\t\t\t\t\t\t\t\t\t<p>Devem ser descartados no posto de sa\u00fade mais pr\u00f3ximo.<\/p>\t\t\t\t\t\t\t\t<\/div>\n\t\t\t\t<\/div>\n\t\t\t\t<\/div>\n\t\t\t\t\t<\/div>\n\t\t\t\t<\/div>\n\t\t<div class=\"elementor-element elementor-element-4fec8b1 e-flex e-con-boxed e-con e-parent\" data-id=\"4fec8b1\" data-element_type=\"container\" data-settings=\"{&quot;background_background&quot;:&quot;classic&quot;}\">\n\t\t\t\t\t<div class=\"e-con-inner\">\n\t\t<div class=\"elementor-element elementor-element-4f09e9a e-con-full e-flex e-con e-child\" data-id=\"4f09e9a\" data-element_type=\"container\">\n\t\t\t\t<div class=\"elementor-element elementor-element-75bd42e elementor-widget elementor-widget-image\" data-id=\"75bd42e\" data-element_type=\"widget\" data-widget_type=\"image.default\">\n\t\t\t\t<div class=\"elementor-widget-container\">\n\t\t\t\t\t\t\t\t\t\t\t\t\t\t\t<img loading=\"lazy\" decoding=\"async\" width=\"300\" height=\"300\" src=\"https:\/\/www.clin.rj.gov.br\/SiteCLIN\/wp-content\/uploads\/2025\/12\/pneus-300x300.png\" class=\"attachment-medium size-medium wp-image-3983\" alt=\"\" srcset=\"https:\/\/www.clin.rj.gov.br\/SiteCLIN\/wp-content\/uploads\/2025\/12\/pneus-300x300.png 300w, https:\/\/www.clin.rj.gov.br\/SiteCLIN\/wp-content\/uploads\/2025\/12\/pneus-150x150.png 150w, https:\/\/www.clin.rj.gov.br\/SiteCLIN\/wp-content\/uploads\/2025\/12\/pneus.png 740w\" sizes=\"(max-width: 300px) 100vw, 300px\" \/>\t\t\t\t\t\t\t\t\t\t\t\t\t\t\t<\/div>\n\t\t\t\t<\/div>\n\t\t\t\t<\/div>\n\t\t<div class=\"elementor-element elementor-element-c2b863f e-con-full e-flex e-con e-child\" data-id=\"c2b863f\" data-element_type=\"container\" data-settings=\"{&quot;background_background&quot;:&quot;classic&quot;}\">\n\t\t\t\t<div class=\"elementor-element elementor-element-2936e93 elementor-widget elementor-widget-heading\" data-id=\"2936e93\" data-element_type=\"widget\" data-widget_type=\"heading.default\">\n\t\t\t\t<div class=\"elementor-widget-container\">\n\t\t\t\t\t<h2 class=\"elementor-heading-title elementor-size-default\">PNEUS<\/h2>\t\t\t\t<\/div>\n\t\t\t\t<\/div>\n\t\t\t\t<div class=\"elementor-element elementor-element-e2c7241 elementor-widget elementor-widget-text-editor\" data-id=\"e2c7241\" data-element_type=\"widget\" data-widget_type=\"text-editor.default\">\n\t\t\t\t<div class=\"elementor-widget-container\">\n\t\t\t\t\t\t\t\t\t<p>Devem ser entregues no ecoponto da Clin no Largo Da Batalha.<\/p>\t\t\t\t\t\t\t\t<\/div>\n\t\t\t\t<\/div>\n\t\t\t\t<\/div>\n\t\t\t\t\t<\/div>\n\t\t\t\t<\/div>\n\t\t<div class=\"elementor-element elementor-element-561f05f e-flex e-con-boxed e-con e-parent\" data-id=\"561f05f\" data-element_type=\"container\" data-settings=\"{&quot;background_background&quot;:&quot;classic&quot;}\">\n\t\t\t\t\t<div class=\"e-con-inner\">\n\t\t<div class=\"elementor-element elementor-element-c536f2a e-con-full e-flex e-con e-child\" data-id=\"c536f2a\" data-element_type=\"container\">\n\t\t\t\t<div class=\"elementor-element elementor-element-5f4ccd9 elementor-widget__width-initial elementor-widget elementor-widget-image\" data-id=\"5f4ccd9\" data-element_type=\"widget\" data-widget_type=\"image.default\">\n\t\t\t\t<div class=\"elementor-widget-container\">\n\t\t\t\t\t\t\t\t\t\t\t\t\t\t\t<img loading=\"lazy\" decoding=\"async\" width=\"292\" height=\"300\" src=\"https:\/\/www.clin.rj.gov.br\/SiteCLIN\/wp-content\/uploads\/2025\/12\/vidros-292x300.png\" class=\"attachment-medium size-medium wp-image-3989\" alt=\"\" srcset=\"https:\/\/www.clin.rj.gov.br\/SiteCLIN\/wp-content\/uploads\/2025\/12\/vidros-292x300.png 292w, https:\/\/www.clin.rj.gov.br\/SiteCLIN\/wp-content\/uploads\/2025\/12\/vidros-996x1024.png 996w, https:\/\/www.clin.rj.gov.br\/SiteCLIN\/wp-content\/uploads\/2025\/12\/vidros-768x789.png 768w, https:\/\/www.clin.rj.gov.br\/SiteCLIN\/wp-content\/uploads\/2025\/12\/vidros-1494x1536.png 1494w, https:\/\/www.clin.rj.gov.br\/SiteCLIN\/wp-content\/uploads\/2025\/12\/vidros.png 1799w\" sizes=\"(max-width: 292px) 100vw, 292px\" \/>\t\t\t\t\t\t\t\t\t\t\t\t\t\t\t<\/div>\n\t\t\t\t<\/div>\n\t\t\t\t<\/div>\n\t\t<div class=\"elementor-element elementor-element-1af4290 e-con-full e-flex e-con e-child\" data-id=\"1af4290\" data-element_type=\"container\" data-settings=\"{&quot;background_background&quot;:&quot;classic&quot;}\">\n\t\t\t\t<div class=\"elementor-element elementor-element-abfabbd elementor-widget elementor-widget-heading\" data-id=\"abfabbd\" data-element_type=\"widget\" data-widget_type=\"heading.default\">\n\t\t\t\t<div class=\"elementor-widget-container\">\n\t\t\t\t\t<h2 class=\"elementor-heading-title elementor-size-default\">\nVIDROS QUEBRADOS<\/h2>\t\t\t\t<\/div>\n\t\t\t\t<\/div>\n\t\t\t\t<div class=\"elementor-element elementor-element-720ce78 elementor-widget elementor-widget-text-editor\" data-id=\"720ce78\" data-element_type=\"widget\" data-widget_type=\"text-editor.default\">\n\t\t\t\t<div class=\"elementor-widget-container\">\n\t\t\t\t\t\t\t\t\t<p><br \/>Vidros quebrados podem ser descartados com seguran\u00e7a com o uso de uma garrafa PET. Corte a garrafa ao meio, insira os cacos de vidro quebrado, utilize a parte superior da garrafa para tampar o recipiente e coloque-o dentro de uma sacola. Procure utilizar luvas ou p\u00e1 e vassoura para n\u00e3o se ferir.<\/p>\t\t\t\t\t\t\t\t<\/div>\n\t\t\t\t<\/div>\n\t\t\t\t<\/div>\n\t\t\t\t\t<\/div>\n\t\t\t\t<\/div>\n\t\t\t\t<\/div>\n\t\t","protected":false},"excerpt":{"rendered":"<p>Onde Descartar: Saiba como descartar corretamente seus res\u00edduos. ELETROELETR\u00d4NICOS A Clin recebe eletroeletr\u00f4nicos nos pontos do programa Ecoclin. Esta \u00e9 mais uma iniciativa para incentivar e refor\u00e7ar a pr\u00e1tica da coleta seletiva na cidade. Voc\u00ea pode conferir os endere\u00e7os dos PEVs clicando aqui. Al\u00e9m disso, voc\u00ea pode solicitar uma coleta seletiva \u00fanica para recolhimento do [&hellip;]<\/p>\n","protected":false},"author":1,"featured_media":0,"parent":0,"menu_order":0,"comment_status":"closed","ping_status":"closed","template":"","meta":{"footnotes":""},"class_list":["post-1290","page","type-page","status-publish","hentry"],"_links":{"self":[{"href":"https:\/\/www.clin.rj.gov.br\/SiteCLIN\/index.php?rest_route=\/wp\/v2\/pages\/1290","targetHints":{"allow":["GET"]}}],"collection":[{"href":"https:\/\/www.clin.rj.gov.br\/SiteCLIN\/index.php?rest_route=\/wp\/v2\/pages"}],"about":[{"href":"https:\/\/www.clin.rj.gov.br\/SiteCLIN\/index.php?rest_route=\/wp\/v2\/types\/page"}],"author":[{"embeddable":true,"href":"https:\/\/www.clin.rj.gov.br\/SiteCLIN\/index.php?rest_route=\/wp\/v2\/users\/1"}],"replies":[{"embeddable":true,"href":"https:\/\/www.clin.rj.gov.br\/SiteCLIN\/index.php?rest_route=%2Fwp%2Fv2%2Fcomments&post=1290"}],"version-history":[{"count":40,"href":"https:\/\/www.clin.rj.gov.br\/SiteCLIN\/index.php?rest_route=\/wp\/v2\/pages\/1290\/revisions"}],"predecessor-version":[{"id":3992,"href":"https:\/\/www.clin.rj.gov.br\/SiteCLIN\/index.php?rest_route=\/wp\/v2\/pages\/1290\/revisions\/3992"}],"wp:attachment":[{"href":"https:\/\/www.clin.rj.gov.br\/SiteCLIN\/index.php?rest_route=%2Fwp%2Fv2%2Fmedia&parent=1290"}],"curies":[{"name":"wp","href":"https:\/\/api.w.org\/{rel}","templated":true}]}}