{"id":13,"date":"2025-01-29T13:54:53","date_gmt":"2025-01-29T16:54:53","guid":{"rendered":"\/SiteCLIN\/?page_id=13"},"modified":"2025-10-21T09:49:02","modified_gmt":"2025-10-21T12:49:02","slug":"noticias-clin","status":"publish","type":"page","link":"https:\/\/www.clin.rj.gov.br\/SiteCLIN\/?page_id=13","title":{"rendered":"Not\u00edcias CLIN"},"content":{"rendered":"\t\t<div data-elementor-type=\"wp-page\" data-elementor-id=\"13\" class=\"elementor elementor-13\" data-elementor-post-type=\"page\">\n\t\t\t\t<div class=\"elementor-element elementor-element-8c852b5 e-flex e-con-boxed e-con e-parent\" data-id=\"8c852b5\" data-element_type=\"container\">\n\t\t\t\t\t<div class=\"e-con-inner\">\n\t\t\t\t<div class=\"elementor-element elementor-element-974b1b6 elementor-widget-mobile__width-initial elementor-widget elementor-widget-heading\" data-id=\"974b1b6\" data-element_type=\"widget\" data-widget_type=\"heading.default\">\n\t\t\t\t<div class=\"elementor-widget-container\">\n\t\t\t\t\t<h2 class=\"elementor-heading-title elementor-size-default\">Portal de Not\u00edcias da CLIN<\/h2>\t\t\t\t<\/div>\n\t\t\t\t<\/div>\n\t\t\t\t<div class=\"elementor-element elementor-element-7aae429 elementor-grid-3 elementor-grid-tablet-2 elementor-grid-mobile-1 elementor-posts--thumbnail-top elementor-widget elementor-widget-posts\" data-id=\"7aae429\" data-element_type=\"widget\" data-settings=\"{&quot;pagination_type&quot;:&quot;numbers&quot;,&quot;classic_columns&quot;:&quot;3&quot;,&quot;classic_columns_tablet&quot;:&quot;2&quot;,&quot;classic_columns_mobile&quot;:&quot;1&quot;,&quot;classic_row_gap&quot;:{&quot;unit&quot;:&quot;px&quot;,&quot;size&quot;:35,&quot;sizes&quot;:[]},&quot;classic_row_gap_tablet&quot;:{&quot;unit&quot;:&quot;px&quot;,&quot;size&quot;:&quot;&quot;,&quot;sizes&quot;:[]},&quot;classic_row_gap_mobile&quot;:{&quot;unit&quot;:&quot;px&quot;,&quot;size&quot;:&quot;&quot;,&quot;sizes&quot;:[]}}\" data-widget_type=\"posts.classic\">\n\t\t\t\t<div class=\"elementor-widget-container\">\n\t\t\t\t\t\t\t<div class=\"elementor-posts-container elementor-posts elementor-posts--skin-classic elementor-grid\">\n\t\t\t\t<article class=\"elementor-post elementor-grid-item post-4175 post type-post status-publish format-standard has-post-thumbnail hentry category-destaques category-noticias\">\n\t\t\t\t<a class=\"elementor-post__thumbnail__link\" href=\"https:\/\/www.clin.rj.gov.br\/SiteCLIN\/?p=4175\" tabindex=\"-1\" target=&quot;_blank&quot;>\n\t\t\t<div class=\"elementor-post__thumbnail\"><img fetchpriority=\"high\" decoding=\"async\" width=\"300\" height=\"200\" src=\"https:\/\/www.clin.rj.gov.br\/SiteCLIN\/wp-content\/uploads\/2026\/04\/1-1-300x200.jpeg\" class=\"attachment-medium size-medium wp-image-4176\" alt=\"\" srcset=\"https:\/\/www.clin.rj.gov.br\/SiteCLIN\/wp-content\/uploads\/2026\/04\/1-1-300x200.jpeg 300w, https:\/\/www.clin.rj.gov.br\/SiteCLIN\/wp-content\/uploads\/2026\/04\/1-1-1024x682.jpeg 1024w, https:\/\/www.clin.rj.gov.br\/SiteCLIN\/wp-content\/uploads\/2026\/04\/1-1-768x512.jpeg 768w, https:\/\/www.clin.rj.gov.br\/SiteCLIN\/wp-content\/uploads\/2026\/04\/1-1-1536x1023.jpeg 1536w, https:\/\/www.clin.rj.gov.br\/SiteCLIN\/wp-content\/uploads\/2026\/04\/1-1.jpeg 1600w\" sizes=\"(max-width: 300px) 100vw, 300px\" \/><\/div>\n\t\t<\/a>\n\t\t\t\t<div class=\"elementor-post__text\">\n\t\t\t\t<h3 class=\"elementor-post__title\">\n\t\t\t<a href=\"https:\/\/www.clin.rj.gov.br\/SiteCLIN\/?p=4175\" target=&quot;_blank&quot;>\n\t\t\t\tSustentabilidade urbana: papel da Clin no desenvolvimento da cidade\t\t\t<\/a>\n\t\t<\/h3>\n\t\t\t\t<div class=\"elementor-post__meta-data\">\n\t\t\t\t\t<span class=\"elementor-post-date\">\n\t\t\t13 de abril de 2026\t\t<\/span>\n\t\t\t\t<span class=\"elementor-post-avatar\">\n\t\t\tNenhum coment\u00e1rio\t\t<\/span>\n\t\t\t\t<\/div>\n\t\t\t\t<div class=\"elementor-post__excerpt\">\n\t\t\t<p>Na \u00faltima quarta-feira (8), a Escola Municipal Alberto Francisco Torres, localizada no centro, recebeu a equipe de Educa\u00e7\u00e3o Ambiental da Companhia de Limpeza de Niter\u00f3i<\/p>\n\t\t<\/div>\n\t\t\t\t\t<div class=\"elementor-post__read-more-wrapper\">\n\t\t\n\t\t<a class=\"elementor-post__read-more\" href=\"https:\/\/www.clin.rj.gov.br\/SiteCLIN\/?p=4175\" aria-label=\"Read more about Sustentabilidade urbana: papel da Clin no desenvolvimento da cidade\" tabindex=\"-1\" target=\"_blank\">\n\t\t\tLeia Mais\t\t<\/a>\n\n\t\t\t\t\t<\/div>\n\t\t\t\t<\/div>\n\t\t\t\t<\/article>\n\t\t\t\t<article class=\"elementor-post elementor-grid-item post-4167 post type-post status-publish format-standard has-post-thumbnail hentry category-destaques category-noticias\">\n\t\t\t\t<a class=\"elementor-post__thumbnail__link\" href=\"https:\/\/www.clin.rj.gov.br\/SiteCLIN\/?p=4167\" tabindex=\"-1\" target=&quot;_blank&quot;>\n\t\t\t<div class=\"elementor-post__thumbnail\"><img decoding=\"async\" width=\"300\" height=\"204\" src=\"https:\/\/www.clin.rj.gov.br\/SiteCLIN\/wp-content\/uploads\/2026\/04\/2-300x204.jpeg\" class=\"attachment-medium size-medium wp-image-4168\" alt=\"\" srcset=\"https:\/\/www.clin.rj.gov.br\/SiteCLIN\/wp-content\/uploads\/2026\/04\/2-300x204.jpeg 300w, https:\/\/www.clin.rj.gov.br\/SiteCLIN\/wp-content\/uploads\/2026\/04\/2-1024x698.jpeg 1024w, https:\/\/www.clin.rj.gov.br\/SiteCLIN\/wp-content\/uploads\/2026\/04\/2-768x523.jpeg 768w, https:\/\/www.clin.rj.gov.br\/SiteCLIN\/wp-content\/uploads\/2026\/04\/2-1536x1046.jpeg 1536w, https:\/\/www.clin.rj.gov.br\/SiteCLIN\/wp-content\/uploads\/2026\/04\/2.jpeg 1600w\" sizes=\"(max-width: 300px) 100vw, 300px\" \/><\/div>\n\t\t<\/a>\n\t\t\t\t<div class=\"elementor-post__text\">\n\t\t\t\t<h3 class=\"elementor-post__title\">\n\t\t\t<a href=\"https:\/\/www.clin.rj.gov.br\/SiteCLIN\/?p=4167\" target=&quot;_blank&quot;>\n\t\t\t\tClin realiza \u201cFor\u00e7a-tarefa\u201d em comunidades do Fonseca\t\t\t<\/a>\n\t\t<\/h3>\n\t\t\t\t<div class=\"elementor-post__meta-data\">\n\t\t\t\t\t<span class=\"elementor-post-date\">\n\t\t\t9 de abril de 2026\t\t<\/span>\n\t\t\t\t<span class=\"elementor-post-avatar\">\n\t\t\tNenhum coment\u00e1rio\t\t<\/span>\n\t\t\t\t<\/div>\n\t\t\t\t<div class=\"elementor-post__excerpt\">\n\t\t\t<p>Com o objetivo de intensificar o trabalho que \u00e9 realizado regularmente, a Companhia de Limpeza de Niter\u00f3i (Clin) deu in\u00edcio na \u00faltima segunda-feira (6) ao<\/p>\n\t\t<\/div>\n\t\t\t\t\t<div class=\"elementor-post__read-more-wrapper\">\n\t\t\n\t\t<a class=\"elementor-post__read-more\" href=\"https:\/\/www.clin.rj.gov.br\/SiteCLIN\/?p=4167\" aria-label=\"Read more about Clin realiza \u201cFor\u00e7a-tarefa\u201d em comunidades do Fonseca\" tabindex=\"-1\" target=\"_blank\">\n\t\t\tLeia Mais\t\t<\/a>\n\n\t\t\t\t\t<\/div>\n\t\t\t\t<\/div>\n\t\t\t\t<\/article>\n\t\t\t\t<article class=\"elementor-post elementor-grid-item post-4164 post type-post status-publish format-standard has-post-thumbnail hentry category-destaques category-noticias\">\n\t\t\t\t<a class=\"elementor-post__thumbnail__link\" href=\"https:\/\/www.clin.rj.gov.br\/SiteCLIN\/?p=4164\" tabindex=\"-1\" target=&quot;_blank&quot;>\n\t\t\t<div class=\"elementor-post__thumbnail\"><img decoding=\"async\" width=\"300\" height=\"200\" src=\"https:\/\/www.clin.rj.gov.br\/SiteCLIN\/wp-content\/uploads\/2026\/04\/1-300x200.jpeg\" class=\"attachment-medium size-medium wp-image-4165\" alt=\"\" srcset=\"https:\/\/www.clin.rj.gov.br\/SiteCLIN\/wp-content\/uploads\/2026\/04\/1-300x200.jpeg 300w, https:\/\/www.clin.rj.gov.br\/SiteCLIN\/wp-content\/uploads\/2026\/04\/1-1024x682.jpeg 1024w, https:\/\/www.clin.rj.gov.br\/SiteCLIN\/wp-content\/uploads\/2026\/04\/1-768x512.jpeg 768w, https:\/\/www.clin.rj.gov.br\/SiteCLIN\/wp-content\/uploads\/2026\/04\/1-1536x1024.jpeg 1536w, https:\/\/www.clin.rj.gov.br\/SiteCLIN\/wp-content\/uploads\/2026\/04\/1-2048x1365.jpeg 2048w\" sizes=\"(max-width: 300px) 100vw, 300px\" \/><\/div>\n\t\t<\/a>\n\t\t\t\t<div class=\"elementor-post__text\">\n\t\t\t\t<h3 class=\"elementor-post__title\">\n\t\t\t<a href=\"https:\/\/www.clin.rj.gov.br\/SiteCLIN\/?p=4164\" target=&quot;_blank&quot;>\n\t\t\t\tEscola CLIN e Unilasalle promovem a\u00e7\u00e3o sobre alimenta\u00e7\u00e3o e preven\u00e7\u00e3o de doen\u00e7as\t\t\t<\/a>\n\t\t<\/h3>\n\t\t\t\t<div class=\"elementor-post__meta-data\">\n\t\t\t\t\t<span class=\"elementor-post-date\">\n\t\t\t8 de abril de 2026\t\t<\/span>\n\t\t\t\t<span class=\"elementor-post-avatar\">\n\t\t\tNenhum coment\u00e1rio\t\t<\/span>\n\t\t\t\t<\/div>\n\t\t\t\t<div class=\"elementor-post__excerpt\">\n\t\t\t<p>A Escola Clin, em parceria com o Centro Universit\u00e1rio Unilasalle, promoveu na \u00faltima ter\u00e7a-feira (01) a segunda edi\u00e7\u00e3o de um encontro de car\u00e1ter educativo no<\/p>\n\t\t<\/div>\n\t\t\t\t\t<div class=\"elementor-post__read-more-wrapper\">\n\t\t\n\t\t<a class=\"elementor-post__read-more\" href=\"https:\/\/www.clin.rj.gov.br\/SiteCLIN\/?p=4164\" aria-label=\"Read more about Escola CLIN e Unilasalle promovem a\u00e7\u00e3o sobre alimenta\u00e7\u00e3o e preven\u00e7\u00e3o de doen\u00e7as\" tabindex=\"-1\" target=\"_blank\">\n\t\t\tLeia Mais\t\t<\/a>\n\n\t\t\t\t\t<\/div>\n\t\t\t\t<\/div>\n\t\t\t\t<\/article>\n\t\t\t\t<article class=\"elementor-post elementor-grid-item post-4146 post type-post status-publish format-standard has-post-thumbnail hentry category-destaques category-noticias\">\n\t\t\t\t<a class=\"elementor-post__thumbnail__link\" href=\"https:\/\/www.clin.rj.gov.br\/SiteCLIN\/?p=4146\" tabindex=\"-1\" target=&quot;_blank&quot;>\n\t\t\t<div class=\"elementor-post__thumbnail\"><img loading=\"lazy\" decoding=\"async\" width=\"300\" height=\"200\" src=\"https:\/\/www.clin.rj.gov.br\/SiteCLIN\/wp-content\/uploads\/2026\/03\/3-300x200.jpeg\" class=\"attachment-medium size-medium wp-image-4147\" alt=\"\" srcset=\"https:\/\/www.clin.rj.gov.br\/SiteCLIN\/wp-content\/uploads\/2026\/03\/3-300x200.jpeg 300w, https:\/\/www.clin.rj.gov.br\/SiteCLIN\/wp-content\/uploads\/2026\/03\/3-1024x682.jpeg 1024w, https:\/\/www.clin.rj.gov.br\/SiteCLIN\/wp-content\/uploads\/2026\/03\/3-768x512.jpeg 768w, https:\/\/www.clin.rj.gov.br\/SiteCLIN\/wp-content\/uploads\/2026\/03\/3-1536x1024.jpeg 1536w, https:\/\/www.clin.rj.gov.br\/SiteCLIN\/wp-content\/uploads\/2026\/03\/3-2048x1365.jpeg 2048w\" sizes=\"(max-width: 300px) 100vw, 300px\" \/><\/div>\n\t\t<\/a>\n\t\t\t\t<div class=\"elementor-post__text\">\n\t\t\t\t<h3 class=\"elementor-post__title\">\n\t\t\t<a href=\"https:\/\/www.clin.rj.gov.br\/SiteCLIN\/?p=4146\" target=&quot;_blank&quot;>\n\t\t\t\tCompanhia de Limpeza de Niter\u00f3i e Unilasalle realizam evento sobre sa\u00fade na sede da empresa\t\t\t<\/a>\n\t\t<\/h3>\n\t\t\t\t<div class=\"elementor-post__meta-data\">\n\t\t\t\t\t<span class=\"elementor-post-date\">\n\t\t\t30 de mar\u00e7o de 2026\t\t<\/span>\n\t\t\t\t<span class=\"elementor-post-avatar\">\n\t\t\tNenhum coment\u00e1rio\t\t<\/span>\n\t\t\t\t<\/div>\n\t\t\t\t<div class=\"elementor-post__excerpt\">\n\t\t\t<p>A recente parceria firmada entre a Escola Clin e o Centro Universit\u00e1rio Unilasalle j\u00e1 est\u00e1 trazendo resultados para a Companhia. Na \u00faltima quarta-feira (25), foi<\/p>\n\t\t<\/div>\n\t\t\t\t\t<div class=\"elementor-post__read-more-wrapper\">\n\t\t\n\t\t<a class=\"elementor-post__read-more\" href=\"https:\/\/www.clin.rj.gov.br\/SiteCLIN\/?p=4146\" aria-label=\"Read more about Companhia de Limpeza de Niter\u00f3i e Unilasalle realizam evento sobre sa\u00fade na sede da empresa\" tabindex=\"-1\" target=\"_blank\">\n\t\t\tLeia Mais\t\t<\/a>\n\n\t\t\t\t\t<\/div>\n\t\t\t\t<\/div>\n\t\t\t\t<\/article>\n\t\t\t\t<article class=\"elementor-post elementor-grid-item post-4143 post type-post status-publish format-standard has-post-thumbnail hentry category-destaques category-noticias\">\n\t\t\t\t<a class=\"elementor-post__thumbnail__link\" href=\"https:\/\/www.clin.rj.gov.br\/SiteCLIN\/?p=4143\" tabindex=\"-1\" target=&quot;_blank&quot;>\n\t\t\t<div class=\"elementor-post__thumbnail\"><img loading=\"lazy\" decoding=\"async\" width=\"300\" height=\"201\" src=\"https:\/\/www.clin.rj.gov.br\/SiteCLIN\/wp-content\/uploads\/2026\/03\/2-300x201.jpeg\" class=\"attachment-medium size-medium wp-image-4144\" alt=\"\" srcset=\"https:\/\/www.clin.rj.gov.br\/SiteCLIN\/wp-content\/uploads\/2026\/03\/2-300x201.jpeg 300w, https:\/\/www.clin.rj.gov.br\/SiteCLIN\/wp-content\/uploads\/2026\/03\/2-1024x685.jpeg 1024w, https:\/\/www.clin.rj.gov.br\/SiteCLIN\/wp-content\/uploads\/2026\/03\/2-768x514.jpeg 768w, https:\/\/www.clin.rj.gov.br\/SiteCLIN\/wp-content\/uploads\/2026\/03\/2-1536x1027.jpeg 1536w, https:\/\/www.clin.rj.gov.br\/SiteCLIN\/wp-content\/uploads\/2026\/03\/2.jpeg 1600w\" sizes=\"(max-width: 300px) 100vw, 300px\" \/><\/div>\n\t\t<\/a>\n\t\t\t\t<div class=\"elementor-post__text\">\n\t\t\t\t<h3 class=\"elementor-post__title\">\n\t\t\t<a href=\"https:\/\/www.clin.rj.gov.br\/SiteCLIN\/?p=4143\" target=&quot;_blank&quot;>\n\t\t\t\tClin participa de homenagem feita pela prefeitura a ex-deputada estadual no MAC\t\t\t<\/a>\n\t\t<\/h3>\n\t\t\t\t<div class=\"elementor-post__meta-data\">\n\t\t\t\t\t<span class=\"elementor-post-date\">\n\t\t\t30 de mar\u00e7o de 2026\t\t<\/span>\n\t\t\t\t<span class=\"elementor-post-avatar\">\n\t\t\tNenhum coment\u00e1rio\t\t<\/span>\n\t\t\t\t<\/div>\n\t\t\t\t<div class=\"elementor-post__excerpt\">\n\t\t\t<p>O Coral Vozes da Clin da Companhia de Limpeza de Niter\u00f3i emocionou a todos com a apresenta\u00e7\u00e3o feita especialmente para a cerim\u00f4nia de homenagem a<\/p>\n\t\t<\/div>\n\t\t\t\t\t<div class=\"elementor-post__read-more-wrapper\">\n\t\t\n\t\t<a class=\"elementor-post__read-more\" href=\"https:\/\/www.clin.rj.gov.br\/SiteCLIN\/?p=4143\" aria-label=\"Read more about Clin participa de homenagem feita pela prefeitura a ex-deputada estadual no MAC\" tabindex=\"-1\" target=\"_blank\">\n\t\t\tLeia Mais\t\t<\/a>\n\n\t\t\t\t\t<\/div>\n\t\t\t\t<\/div>\n\t\t\t\t<\/article>\n\t\t\t\t<article class=\"elementor-post elementor-grid-item post-4140 post type-post status-publish format-standard has-post-thumbnail hentry category-destaques category-noticias\">\n\t\t\t\t<a class=\"elementor-post__thumbnail__link\" href=\"https:\/\/www.clin.rj.gov.br\/SiteCLIN\/?p=4140\" tabindex=\"-1\" target=&quot;_blank&quot;>\n\t\t\t<div class=\"elementor-post__thumbnail\"><img loading=\"lazy\" decoding=\"async\" width=\"300\" height=\"200\" src=\"https:\/\/www.clin.rj.gov.br\/SiteCLIN\/wp-content\/uploads\/2026\/03\/1-7-300x200.jpeg\" class=\"attachment-medium size-medium wp-image-4141\" alt=\"\" srcset=\"https:\/\/www.clin.rj.gov.br\/SiteCLIN\/wp-content\/uploads\/2026\/03\/1-7-300x200.jpeg 300w, https:\/\/www.clin.rj.gov.br\/SiteCLIN\/wp-content\/uploads\/2026\/03\/1-7-1024x683.jpeg 1024w, https:\/\/www.clin.rj.gov.br\/SiteCLIN\/wp-content\/uploads\/2026\/03\/1-7-768x512.jpeg 768w, https:\/\/www.clin.rj.gov.br\/SiteCLIN\/wp-content\/uploads\/2026\/03\/1-7.jpeg 1500w\" sizes=\"(max-width: 300px) 100vw, 300px\" \/><\/div>\n\t\t<\/a>\n\t\t\t\t<div class=\"elementor-post__text\">\n\t\t\t\t<h3 class=\"elementor-post__title\">\n\t\t\t<a href=\"https:\/\/www.clin.rj.gov.br\/SiteCLIN\/?p=4140\" target=&quot;_blank&quot;>\n\t\t\t\tBota Fora promove limpeza urbana e conscientiza\u00e7\u00e3o em Niter\u00f3i\t\t\t<\/a>\n\t\t<\/h3>\n\t\t\t\t<div class=\"elementor-post__meta-data\">\n\t\t\t\t\t<span class=\"elementor-post-date\">\n\t\t\t30 de mar\u00e7o de 2026\t\t<\/span>\n\t\t\t\t<span class=\"elementor-post-avatar\">\n\t\t\tNenhum coment\u00e1rio\t\t<\/span>\n\t\t\t\t<\/div>\n\t\t\t\t<div class=\"elementor-post__excerpt\">\n\t\t\t<p>A Companhia de Limpeza de Niter\u00f3i realizou, na \u00faltima ter\u00e7a-feira (24), a 31\u00aa edi\u00e7\u00e3o do projeto \u2018Bota Fora\u2019, na comunidade do Jacar\u00e9, em Piratininga. Nesta<\/p>\n\t\t<\/div>\n\t\t\t\t\t<div class=\"elementor-post__read-more-wrapper\">\n\t\t\n\t\t<a class=\"elementor-post__read-more\" href=\"https:\/\/www.clin.rj.gov.br\/SiteCLIN\/?p=4140\" aria-label=\"Read more about Bota Fora promove limpeza urbana e conscientiza\u00e7\u00e3o em Niter\u00f3i\" tabindex=\"-1\" target=\"_blank\">\n\t\t\tLeia Mais\t\t<\/a>\n\n\t\t\t\t\t<\/div>\n\t\t\t\t<\/div>\n\t\t\t\t<\/article>\n\t\t\t\t<\/div>\n\t\t\n\t\t\t\t<div class=\"e-load-more-anchor\" data-page=\"1\" data-max-page=\"18\" data-next-page=\"https:\/\/www.clin.rj.gov.br\/SiteCLIN\/index.php?rest_route=%2Fwp%2Fv2%2Fpages%2F13&#038;paged=2\"><\/div>\n\t\t\t\t<nav class=\"elementor-pagination\" aria-label=\"Pagination\">\n\t\t\t<span aria-current=\"page\" class=\"page-numbers current\"><span class=\"elementor-screen-only\">Page<\/span>1<\/span>\n<a class=\"page-numbers\" href=\"https:\/\/www.clin.rj.gov.br\/SiteCLIN\/index.php\/?paged=2\"><span class=\"elementor-screen-only\">Page<\/span>2<\/a>\n<a class=\"page-numbers\" href=\"https:\/\/www.clin.rj.gov.br\/SiteCLIN\/index.php\/?paged=3\"><span class=\"elementor-screen-only\">Page<\/span>3<\/a>\n<span class=\"page-numbers dots\">&hellip;<\/span>\n<a class=\"page-numbers\" href=\"https:\/\/www.clin.rj.gov.br\/SiteCLIN\/index.php\/?paged=18\"><span class=\"elementor-screen-only\">Page<\/span>18<\/a>\t\t<\/nav>\n\t\t\t\t\t\t<\/div>\n\t\t\t\t<\/div>\n\t\t\t\t\t<\/div>\n\t\t\t\t<\/div>\n\t\t\t\t<\/div>\n\t\t","protected":false},"excerpt":{"rendered":"<p>Portal de Not\u00edcias da CLIN<\/p>\n","protected":false},"author":1,"featured_media":0,"parent":0,"menu_order":0,"comment_status":"closed","ping_status":"closed","template":"","meta":{"footnotes":""},"class_list":["post-13","page","type-page","status-publish","hentry"],"_links":{"self":[{"href":"https:\/\/www.clin.rj.gov.br\/SiteCLIN\/index.php?rest_route=\/wp\/v2\/pages\/13","targetHints":{"allow":["GET"]}}],"collection":[{"href":"https:\/\/www.clin.rj.gov.br\/SiteCLIN\/index.php?rest_route=\/wp\/v2\/pages"}],"about":[{"href":"https:\/\/www.clin.rj.gov.br\/SiteCLIN\/index.php?rest_route=\/wp\/v2\/types\/page"}],"author":[{"embeddable":true,"href":"https:\/\/www.clin.rj.gov.br\/SiteCLIN\/index.php?rest_route=\/wp\/v2\/users\/1"}],"replies":[{"embeddable":true,"href":"https:\/\/www.clin.rj.gov.br\/SiteCLIN\/index.php?rest_route=%2Fwp%2Fv2%2Fcomments&post=13"}],"version-history":[{"count":59,"href":"https:\/\/www.clin.rj.gov.br\/SiteCLIN\/index.php?rest_route=\/wp\/v2\/pages\/13\/revisions"}],"predecessor-version":[{"id":3734,"href":"https:\/\/www.clin.rj.gov.br\/SiteCLIN\/index.php?rest_route=\/wp\/v2\/pages\/13\/revisions\/3734"}],"wp:attachment":[{"href":"https:\/\/www.clin.rj.gov.br\/SiteCLIN\/index.php?rest_route=%2Fwp%2Fv2%2Fmedia&parent=13"}],"curies":[{"name":"wp","href":"https:\/\/api.w.org\/{rel}","templated":true}]}}