{"id":1322,"date":"2025-02-10T14:19:57","date_gmt":"2025-02-10T17:19:57","guid":{"rendered":"\/SiteCLIN\/?page_id=1322"},"modified":"2025-08-07T11:28:51","modified_gmt":"2025-08-07T14:28:51","slug":"sobre-a-clin","status":"publish","type":"page","link":"https:\/\/www.clin.rj.gov.br\/SiteCLIN\/?page_id=1322","title":{"rendered":"Sobre a CLIN"},"content":{"rendered":"\t\t<div data-elementor-type=\"wp-page\" data-elementor-id=\"1322\" class=\"elementor elementor-1322\" data-elementor-post-type=\"page\">\n\t\t\t\t<div class=\"elementor-element elementor-element-1a677fc e-con-full e-flex e-con e-parent\" data-id=\"1a677fc\" data-element_type=\"container\" data-settings=\"{&quot;background_background&quot;:&quot;gradient&quot;}\">\n\t\t<div class=\"elementor-element elementor-element-be25d21 e-con-full e-flex e-con e-child\" data-id=\"be25d21\" data-element_type=\"container\">\n\t\t\t\t<div class=\"elementor-element elementor-element-6aa4d32 elementor-widget elementor-widget-heading\" data-id=\"6aa4d32\" data-element_type=\"widget\" data-widget_type=\"heading.default\">\n\t\t\t\t<div class=\"elementor-widget-container\">\n\t\t\t\t\t<h2 class=\"elementor-heading-title elementor-size-default\">A Clin<\/h2>\t\t\t\t<\/div>\n\t\t\t\t<\/div>\n\t\t\t\t<\/div>\n\t\t\t\t<\/div>\n\t\t<div class=\"elementor-element elementor-element-77f89a2 e-flex e-con-boxed e-con e-parent\" data-id=\"77f89a2\" data-element_type=\"container\">\n\t\t\t\t\t<div class=\"e-con-inner\">\n\t\t\t\t<div class=\"elementor-element elementor-element-33b7cc2 elementor-widget elementor-widget-text-editor\" data-id=\"33b7cc2\" data-element_type=\"widget\" data-widget_type=\"text-editor.default\">\n\t\t\t\t<div class=\"elementor-widget-container\">\n\t\t\t\t\t\t\t\t\tEmpresa de sociedade mista subordinada \u00e0 prefeitura de Niter\u00f3i, a Clin foi criada em 1989 para prestar servi\u00e7os que atendessem toda a popula\u00e7\u00e3o de maneira ordenada, regular e eficaz. Hoje, a Companhia \u00e9 uma das melhores empresas p\u00fablicas de acordo com a avalia\u00e7\u00e3o dos contribuintes e atende a todo o munic\u00edpio.<br><br>\nA Clin \u00e9 respons\u00e1vel pela limpeza urbana e destina\u00e7\u00e3o dos res\u00edduos s\u00f3lidos produzidos no munic\u00edpio de Niter\u00f3i. Al\u00e9m dos servi\u00e7os executados na sede, o trabalho \u00e9 dividido em 14 Distritos de Limpeza Urbana (DLU), que funcionam como postos avan\u00e7ados de presta\u00e7\u00e3o de servi\u00e7o junto \u00e0 comunidade. Na cidade, s\u00e3o coletados por dia, aproximadamente, 565 toneladas de detritos domiciliares e 200 toneladas de resqu\u00edcios p\u00fablicos. <br><br>Deste total, 3% a 5% do volume \u00e9 reciclado.\nTodos os resqu\u00edcios produzidos em Niter\u00f3i t\u00eam destino final adequado. Os dejetos v\u00e3o para o Centro de Tratamento de Res\u00edduos (CTR), que fica no bairro do Caramujo. J\u00e1 os detritos domiciliares s\u00e3o destinados ao CTR de Alc\u00e2ntara, em S\u00e3o Gon\u00e7alo. Os res\u00edduos hospitalares s\u00e3o encaminhados ao CTR de Itabora\u00ed, enquanto que os entulhos de constru\u00e7\u00e3o civil, s\u00e3o levados aos centros de tratamento licenciados para este fim. Os materiais recicl\u00e1veis, doados para cooperativa de catadores.\t\t\t\t\t\t\t\t<\/div>\n\t\t\t\t<\/div>\n\t\t\t\t\t<\/div>\n\t\t\t\t<\/div>\n\t\t<div class=\"elementor-element elementor-element-d4a8255 e-flex e-con-boxed e-con e-parent\" data-id=\"d4a8255\" data-element_type=\"container\">\n\t\t\t\t\t<div class=\"e-con-inner\">\n\t\t<div class=\"elementor-element elementor-element-7c10df7 e-con-full e-flex e-con e-child\" data-id=\"7c10df7\" data-element_type=\"container\">\n\t\t\t\t<div class=\"elementor-element elementor-element-86092c7 elementor-view-default elementor-position-top elementor-mobile-position-top elementor-widget elementor-widget-icon-box\" data-id=\"86092c7\" data-element_type=\"widget\" data-widget_type=\"icon-box.default\">\n\t\t\t\t<div class=\"elementor-widget-container\">\n\t\t\t\t\t\t\t<div class=\"elementor-icon-box-wrapper\">\n\n\t\t\t\t\t\t<div class=\"elementor-icon-box-icon\">\n\t\t\t\t<span  class=\"elementor-icon\">\n\t\t\t\t<i aria-hidden=\"true\" class=\"icon icon-target-2\"><\/i>\t\t\t\t<\/span>\n\t\t\t<\/div>\n\t\t\t\n\t\t\t\t\t\t<div class=\"elementor-icon-box-content\">\n\n\t\t\t\t\t\t\t\t\t<h3 class=\"elementor-icon-box-title\">\n\t\t\t\t\t\t<span  >\n\t\t\t\t\t\t\tMiss\u00e3o\t\t\t\t\t\t<\/span>\n\t\t\t\t\t<\/h3>\n\t\t\t\t\n\t\t\t\t\t\t\t\t\t<p class=\"elementor-icon-box-description\">\n\t\t\t\t\t\tContribuir para a preserva\u00e7\u00e3o do meio ambiente e a sustentabilidade da nossa comunidade, promovendo ambientes mais limpos e saud\u00e1veis para os residentes de Niter\u00f3i e nossos colaboradores.\t\t\t\t\t<\/p>\n\t\t\t\t\n\t\t\t<\/div>\n\t\t\t\n\t\t<\/div>\n\t\t\t\t\t\t<\/div>\n\t\t\t\t<\/div>\n\t\t\t\t<\/div>\n\t\t<div class=\"elementor-element elementor-element-72e2c0e e-con-full e-flex e-con e-child\" data-id=\"72e2c0e\" data-element_type=\"container\">\n\t\t\t\t<div class=\"elementor-element elementor-element-c07a9e0 elementor-view-default elementor-position-top elementor-mobile-position-top elementor-widget elementor-widget-icon-box\" data-id=\"c07a9e0\" data-element_type=\"widget\" data-widget_type=\"icon-box.default\">\n\t\t\t\t<div class=\"elementor-widget-container\">\n\t\t\t\t\t\t\t<div class=\"elementor-icon-box-wrapper\">\n\n\t\t\t\t\t\t<div class=\"elementor-icon-box-icon\">\n\t\t\t\t<span  class=\"elementor-icon\">\n\t\t\t\t<svg aria-hidden=\"true\" class=\"e-font-icon-svg e-fas-eye\" viewBox=\"0 0 576 512\" xmlns=\"http:\/\/www.w3.org\/2000\/svg\"><path d=\"M572.52 241.4C518.29 135.59 410.93 64 288 64S57.68 135.64 3.48 241.41a32.35 32.35 0 0 0 0 29.19C57.71 376.41 165.07 448 288 448s230.32-71.64 284.52-177.41a32.35 32.35 0 0 0 0-29.19zM288 400a144 144 0 1 1 144-144 143.93 143.93 0 0 1-144 144zm0-240a95.31 95.31 0 0 0-25.31 3.79 47.85 47.85 0 0 1-66.9 66.9A95.78 95.78 0 1 0 288 160z\"><\/path><\/svg>\t\t\t\t<\/span>\n\t\t\t<\/div>\n\t\t\t\n\t\t\t\t\t\t<div class=\"elementor-icon-box-content\">\n\n\t\t\t\t\t\t\t\t\t<h3 class=\"elementor-icon-box-title\">\n\t\t\t\t\t\t<span  >\n\t\t\t\t\t\t\tVis\u00e3o\t\t\t\t\t\t<\/span>\n\t\t\t\t\t<\/h3>\n\t\t\t\t\n\t\t\t\t\t\t\t\t\t<p class=\"elementor-icon-box-description\">\n\t\t\t\t\t\tSer a melhor empresa de Limpeza Urbana do Brasil, oferecendo servi\u00e7os de excel\u00eancia, inova\u00e7\u00e3o sustent\u00e1vel e compromisso com o meio ambiente. Buscar aprimorar continuamente os processos para garantir efici\u00eancia, qualidade e satisfa\u00e7\u00e3o da popula\u00e7\u00e3o.\t\t\t\t\t<\/p>\n\t\t\t\t\n\t\t\t<\/div>\n\t\t\t\n\t\t<\/div>\n\t\t\t\t\t\t<\/div>\n\t\t\t\t<\/div>\n\t\t\t\t<\/div>\n\t\t\t\t\t<\/div>\n\t\t\t\t<\/div>\n\t\t<div class=\"elementor-element elementor-element-cbf53ba e-flex e-con-boxed e-con e-parent\" data-id=\"cbf53ba\" data-element_type=\"container\">\n\t\t\t\t\t<div class=\"e-con-inner\">\n\t\t<div class=\"elementor-element elementor-element-8d8dc57 e-con-full e-flex e-con e-child\" data-id=\"8d8dc57\" data-element_type=\"container\">\n\t\t\t\t<div class=\"elementor-element elementor-element-46203c0 elementor-view-default elementor-position-top elementor-mobile-position-top elementor-widget elementor-widget-icon-box\" data-id=\"46203c0\" data-element_type=\"widget\" data-widget_type=\"icon-box.default\">\n\t\t\t\t<div class=\"elementor-widget-container\">\n\t\t\t\t\t\t\t<div class=\"elementor-icon-box-wrapper\">\n\n\t\t\t\t\t\t<div class=\"elementor-icon-box-icon\">\n\t\t\t\t<span  class=\"elementor-icon\">\n\t\t\t\t<svg aria-hidden=\"true\" class=\"e-font-icon-svg e-fas-balance-scale\" viewBox=\"0 0 640 512\" xmlns=\"http:\/\/www.w3.org\/2000\/svg\"><path d=\"M256 336h-.02c0-16.18 1.34-8.73-85.05-181.51-17.65-35.29-68.19-35.36-85.87 0C-2.06 328.75.02 320.33.02 336H0c0 44.18 57.31 80 128 80s128-35.82 128-80zM128 176l72 144H56l72-144zm511.98 160c0-16.18 1.34-8.73-85.05-181.51-17.65-35.29-68.19-35.36-85.87 0-87.12 174.26-85.04 165.84-85.04 181.51H384c0 44.18 57.31 80 128 80s128-35.82 128-80h-.02zM440 320l72-144 72 144H440zm88 128H352V153.25c23.51-10.29 41.16-31.48 46.39-57.25H528c8.84 0 16-7.16 16-16V48c0-8.84-7.16-16-16-16H383.64C369.04 12.68 346.09 0 320 0s-49.04 12.68-63.64 32H112c-8.84 0-16 7.16-16 16v32c0 8.84 7.16 16 16 16h129.61c5.23 25.76 22.87 46.96 46.39 57.25V448H112c-8.84 0-16 7.16-16 16v32c0 8.84 7.16 16 16 16h416c8.84 0 16-7.16 16-16v-32c0-8.84-7.16-16-16-16z\"><\/path><\/svg>\t\t\t\t<\/span>\n\t\t\t<\/div>\n\t\t\t\n\t\t\t\t\t\t<div class=\"elementor-icon-box-content\">\n\n\t\t\t\t\t\t\t\t\t<h3 class=\"elementor-icon-box-title\">\n\t\t\t\t\t\t<span  >\n\t\t\t\t\t\t\tValores\t\t\t\t\t\t<\/span>\n\t\t\t\t\t<\/h3>\n\t\t\t\t\n\t\t\t\t\t\t\t\t\t<p class=\"elementor-icon-box-description\">\n\t\t\t\t\t\tAtender \u00e0s necessidades ambientais dos cidad\u00e3os de Niter\u00f3i.\nSer transparente, eficaz e c\u00e9lere no seu atendimento.\nComprometimento com o Planejamento Estrat\u00e9gico de Niter\u00f3i.\nLealdade e empatia com seus colaboradores.\t\t\t\t\t<\/p>\n\t\t\t\t\n\t\t\t<\/div>\n\t\t\t\n\t\t<\/div>\n\t\t\t\t\t\t<\/div>\n\t\t\t\t<\/div>\n\t\t\t\t<\/div>\n\t\t\t\t\t<\/div>\n\t\t\t\t<\/div>\n\t\t<div class=\"elementor-element elementor-element-1ee3b4e e-flex e-con-boxed e-con e-parent\" data-id=\"1ee3b4e\" data-element_type=\"container\">\n\t\t\t\t\t<div class=\"e-con-inner\">\n\t\t\t\t<div class=\"elementor-element elementor-element-ed6dfd8 elementor-widget elementor-widget-heading\" data-id=\"ed6dfd8\" data-element_type=\"widget\" data-widget_type=\"heading.default\">\n\t\t\t\t<div class=\"elementor-widget-container\">\n\t\t\t\t\t<h2 class=\"elementor-heading-title elementor-size-default\">Compromisso Ambiental<\/h2>\t\t\t\t<\/div>\n\t\t\t\t<\/div>\n\t\t\t\t\t<\/div>\n\t\t\t\t<\/div>\n\t\t<div class=\"elementor-element elementor-element-8b4fac5 e-flex e-con-boxed e-con e-parent\" data-id=\"8b4fac5\" data-element_type=\"container\">\n\t\t\t\t\t<div class=\"e-con-inner\">\n\t\t\t\t<div class=\"elementor-element elementor-element-322a95a elementor-widget elementor-widget-text-editor\" data-id=\"322a95a\" data-element_type=\"widget\" data-widget_type=\"text-editor.default\">\n\t\t\t\t<div class=\"elementor-widget-container\">\n\t\t\t\t\t\t\t\t\t<p>A Clin \u00e9 modelo de empresa comprometida com o meio ambiente e o desenvolvimento sustent\u00e1vel. Ao longo dos \u00faltimos anos, como parte do sistema de gest\u00e3o ambiental, a Companhia vem investindo, progressivamente, em projetos sustent\u00e1veis.<\/p>\n<p>Um dos grandes exemplos de a\u00e7\u00f5es de sustentabilidade \u00e9 o viveiro de mudas da Clin, que produz anualmente 100 mil plantas, com mais de 400 esp\u00e9cies variadas de vegeta\u00e7\u00e3o e capacidade de sequestrar 100 por cento de emiss\u00e3o de CO2.<\/p>\n<p>O Projeto \u201cClin Comunidade Sustent\u00e1vel\u201d \u00e9 outro exemplo not\u00e1vel de a\u00e7\u00e3o ambiental, implantada em Niter\u00f3i. Atualmente, a Companhia conta com quinze pontos de Coleta Seletiva em diferentes comunidades.<\/p>\n<p>A coleta seletiva tamb\u00e9m merece aten\u00e7\u00e3o especial da Companhia. Existem v\u00e1rias modalidades de coleta \u00e0 disposi\u00e7\u00e3o do contribuinte que separa os res\u00edduos recicl\u00e1veis. Como os programas Ecoclin e o Recicla Niter\u00f3i.<\/p>\n<p>A Clin tamb\u00e9m forma equipes especializadas, que desenvolvem e apresentam palestras, cursos e campanhas educativas voltadas para conscientiza\u00e7\u00e3o ambiental em unidades escolares, comunidades e associa\u00e7\u00f5es de moradores. A Empresa conta ainda com pontos de descarte de pilhas, eletroeletr\u00f4nicos e \u00f3leo de cozinha.<\/p>\n<p>A renova\u00e7\u00e3o de toda a frota de 52 ve\u00edculos, entre caminh\u00f5es, vans, micro-\u00f4nibus e o maquin\u00e1rio de ro\u00e7adeira e retroescavadeira da Clin \u00e9 outro exemplo de aten\u00e7\u00e3o ao meio ambiente. A nova frota segue um rigoroso sistema de normas internacionais de baixa emiss\u00e3o de gases.<\/p>\t\t\t\t\t\t\t\t<\/div>\n\t\t\t\t<\/div>\n\t\t\t\t\t<\/div>\n\t\t\t\t<\/div>\n\t\t<div class=\"elementor-element elementor-element-d9b2e7e e-flex e-con-boxed e-con e-parent\" data-id=\"d9b2e7e\" data-element_type=\"container\" data-settings=\"{&quot;background_background&quot;:&quot;gradient&quot;}\">\n\t\t\t\t\t<div class=\"e-con-inner\">\n\t\t<div class=\"elementor-element elementor-element-d7593a6 e-flex e-con-boxed e-con e-child\" data-id=\"d7593a6\" data-element_type=\"container\">\n\t\t\t\t\t<div class=\"e-con-inner\">\n\t\t\t\t<div class=\"elementor-element elementor-element-d3ba8f7 elementor-widget elementor-widget-heading\" data-id=\"d3ba8f7\" data-element_type=\"widget\" data-widget_type=\"heading.default\">\n\t\t\t\t<div class=\"elementor-widget-container\">\n\t\t\t\t\t<h2 class=\"elementor-heading-title elementor-size-default\">Diretoria CLIN<\/h2>\t\t\t\t<\/div>\n\t\t\t\t<\/div>\n\t\t\t\t\t<\/div>\n\t\t\t\t<\/div>\n\t\t<div class=\"elementor-element elementor-element-0b7ed69 e-grid e-con-boxed e-con e-child\" data-id=\"0b7ed69\" data-element_type=\"container\">\n\t\t\t\t\t<div class=\"e-con-inner\">\n\t\t\t\t<div class=\"elementor-element elementor-element-5a2c9ca elementor-position-top elementor-widget elementor-widget-image-box\" data-id=\"5a2c9ca\" data-element_type=\"widget\" data-widget_type=\"image-box.default\">\n\t\t\t\t<div class=\"elementor-widget-container\">\n\t\t\t\t\t<div class=\"elementor-image-box-wrapper\"><figure class=\"elementor-image-box-img\"><img fetchpriority=\"high\" decoding=\"async\" width=\"300\" height=\"300\" src=\"https:\/\/www.clin.rj.gov.br\/SiteCLIN\/wp-content\/uploads\/2025\/02\/borges.jpg\" class=\"attachment-full size-full wp-image-1355\" alt=\"\" \/><\/figure><div class=\"elementor-image-box-content\"><h3 class=\"elementor-image-box-title\">Ac\u00edlio Borges<\/h3><p class=\"elementor-image-box-description\">Presidente<\/p><\/div><\/div>\t\t\t\t<\/div>\n\t\t\t\t<\/div>\n\t\t\t\t<div class=\"elementor-element elementor-element-5b9e81a elementor-position-top elementor-widget elementor-widget-image-box\" data-id=\"5b9e81a\" data-element_type=\"widget\" data-widget_type=\"image-box.default\">\n\t\t\t\t<div class=\"elementor-widget-container\">\n\t\t\t\t\t<div class=\"elementor-image-box-wrapper\"><figure class=\"elementor-image-box-img\"><img decoding=\"async\" width=\"370\" height=\"370\" src=\"https:\/\/www.clin.rj.gov.br\/SiteCLIN\/wp-content\/uploads\/2025\/08\/danielsite.jpg\" class=\"attachment-full size-full wp-image-2725\" alt=\"\" srcset=\"https:\/\/www.clin.rj.gov.br\/SiteCLIN\/wp-content\/uploads\/2025\/08\/danielsite.jpg 370w, https:\/\/www.clin.rj.gov.br\/SiteCLIN\/wp-content\/uploads\/2025\/08\/danielsite-300x300.jpg 300w, https:\/\/www.clin.rj.gov.br\/SiteCLIN\/wp-content\/uploads\/2025\/08\/danielsite-150x150.jpg 150w\" sizes=\"(max-width: 370px) 100vw, 370px\" \/><\/figure><div class=\"elementor-image-box-content\"><h3 class=\"elementor-image-box-title\">Daniel Fidalgo<\/h3><p class=\"elementor-image-box-description\">Superintendente<\/p><\/div><\/div>\t\t\t\t<\/div>\n\t\t\t\t<\/div>\n\t\t\t\t<div class=\"elementor-element elementor-element-85e0dd3 elementor-position-top elementor-widget elementor-widget-image-box\" data-id=\"85e0dd3\" data-element_type=\"widget\" data-widget_type=\"image-box.default\">\n\t\t\t\t<div class=\"elementor-widget-container\">\n\t\t\t\t\t<div class=\"elementor-image-box-wrapper\"><figure class=\"elementor-image-box-img\"><img decoding=\"async\" width=\"300\" height=\"300\" src=\"https:\/\/www.clin.rj.gov.br\/SiteCLIN\/wp-content\/uploads\/2025\/02\/eduardo.jpg\" class=\"attachment-full size-full wp-image-1441\" alt=\"\" \/><\/figure><div class=\"elementor-image-box-content\"><h3 class=\"elementor-image-box-title\">Eduardo Caminha<\/h3><p class=\"elementor-image-box-description\">Chefe de Gabinete<\/p><\/div><\/div>\t\t\t\t<\/div>\n\t\t\t\t<\/div>\n\t\t\t\t<div class=\"elementor-element elementor-element-b91bab6 elementor-position-top elementor-widget elementor-widget-image-box\" data-id=\"b91bab6\" data-element_type=\"widget\" data-widget_type=\"image-box.default\">\n\t\t\t\t<div class=\"elementor-widget-container\">\n\t\t\t\t\t<div class=\"elementor-image-box-wrapper\"><figure class=\"elementor-image-box-img\"><img loading=\"lazy\" decoding=\"async\" width=\"300\" height=\"300\" src=\"https:\/\/www.clin.rj.gov.br\/SiteCLIN\/wp-content\/uploads\/2025\/02\/veronica.jpg\" class=\"attachment-full size-full wp-image-1443\" alt=\"\" \/><\/figure><div class=\"elementor-image-box-content\"><h3 class=\"elementor-image-box-title\">Ver\u00f4nica Braz<\/h3><p class=\"elementor-image-box-description\">Diretora Jur\u00eddica<\/p><\/div><\/div>\t\t\t\t<\/div>\n\t\t\t\t<\/div>\n\t\t\t\t<div class=\"elementor-element elementor-element-57aac98 elementor-position-top elementor-widget elementor-widget-image-box\" data-id=\"57aac98\" data-element_type=\"widget\" data-widget_type=\"image-box.default\">\n\t\t\t\t<div class=\"elementor-widget-container\">\n\t\t\t\t\t<div class=\"elementor-image-box-wrapper\"><figure class=\"elementor-image-box-img\"><img loading=\"lazy\" decoding=\"async\" width=\"300\" height=\"300\" src=\"https:\/\/www.clin.rj.gov.br\/SiteCLIN\/wp-content\/uploads\/2025\/02\/joao.jpg\" class=\"attachment-full size-full wp-image-1444\" alt=\"\" \/><\/figure><div class=\"elementor-image-box-content\"><h3 class=\"elementor-image-box-title\">Jo\u00e3o Victor Teixeira<\/h3><p class=\"elementor-image-box-description\">Diretor Operacional<\/p><\/div><\/div>\t\t\t\t<\/div>\n\t\t\t\t<\/div>\n\t\t\t\t<div class=\"elementor-element elementor-element-e744519 elementor-position-top elementor-widget elementor-widget-image-box\" data-id=\"e744519\" data-element_type=\"widget\" data-widget_type=\"image-box.default\">\n\t\t\t\t<div class=\"elementor-widget-container\">\n\t\t\t\t\t<div class=\"elementor-image-box-wrapper\"><figure class=\"elementor-image-box-img\"><img loading=\"lazy\" decoding=\"async\" width=\"300\" height=\"300\" src=\"https:\/\/www.clin.rj.gov.br\/SiteCLIN\/wp-content\/uploads\/2025\/02\/carlosoctavio.jpg\" class=\"attachment-full size-full wp-image-1445\" alt=\"\" \/><\/figure><div class=\"elementor-image-box-content\"><h3 class=\"elementor-image-box-title\">Carlos Octavio Vieira<\/h3><p class=\"elementor-image-box-description\">Diretor Operacional<\/p><\/div><\/div>\t\t\t\t<\/div>\n\t\t\t\t<\/div>\n\t\t\t\t<div class=\"elementor-element elementor-element-da71298 elementor-position-top elementor-widget elementor-widget-image-box\" data-id=\"da71298\" data-element_type=\"widget\" data-widget_type=\"image-box.default\">\n\t\t\t\t<div class=\"elementor-widget-container\">\n\t\t\t\t\t<div class=\"elementor-image-box-wrapper\"><figure class=\"elementor-image-box-img\"><img loading=\"lazy\" decoding=\"async\" width=\"300\" height=\"300\" src=\"https:\/\/www.clin.rj.gov.br\/SiteCLIN\/wp-content\/uploads\/2025\/02\/washington.jpg\" class=\"attachment-full size-full wp-image-1446\" alt=\"\" \/><\/figure><div class=\"elementor-image-box-content\"><h3 class=\"elementor-image-box-title\">Washington Maia<\/h3><p class=\"elementor-image-box-description\">Diretor Operacional<\/p><\/div><\/div>\t\t\t\t<\/div>\n\t\t\t\t<\/div>\n\t\t\t\t<div class=\"elementor-element elementor-element-d8ae6f9 elementor-position-top elementor-widget elementor-widget-image-box\" data-id=\"d8ae6f9\" data-element_type=\"widget\" data-widget_type=\"image-box.default\">\n\t\t\t\t<div class=\"elementor-widget-container\">\n\t\t\t\t\t<div class=\"elementor-image-box-wrapper\"><figure class=\"elementor-image-box-img\"><img loading=\"lazy\" decoding=\"async\" width=\"300\" height=\"300\" src=\"https:\/\/www.clin.rj.gov.br\/SiteCLIN\/wp-content\/uploads\/2025\/02\/valdir.jpg\" class=\"attachment-full size-full wp-image-1447\" alt=\"\" \/><\/figure><div class=\"elementor-image-box-content\"><h3 class=\"elementor-image-box-title\">Valdir Fernandes Ara\u00fajo<\/h3><p class=\"elementor-image-box-description\">Diretor Operacional<\/p><\/div><\/div>\t\t\t\t<\/div>\n\t\t\t\t<\/div>\n\t\t\t\t<div class=\"elementor-element elementor-element-98e23f7 elementor-position-top elementor-widget elementor-widget-image-box\" data-id=\"98e23f7\" data-element_type=\"widget\" data-widget_type=\"image-box.default\">\n\t\t\t\t<div class=\"elementor-widget-container\">\n\t\t\t\t\t<div class=\"elementor-image-box-wrapper\"><figure class=\"elementor-image-box-img\"><img loading=\"lazy\" decoding=\"async\" width=\"300\" height=\"300\" src=\"https:\/\/www.clin.rj.gov.br\/SiteCLIN\/wp-content\/uploads\/2025\/02\/anna.jpg\" class=\"attachment-full size-full wp-image-1448\" alt=\"\" \/><\/figure><div class=\"elementor-image-box-content\"><h3 class=\"elementor-image-box-title\">Anna Velasco<\/h3><p class=\"elementor-image-box-description\">Diretora de Administra\u00e7\u00e3o e <br>Recursos Humanos<\/p><\/div><\/div>\t\t\t\t<\/div>\n\t\t\t\t<\/div>\n\t\t\t\t<div class=\"elementor-element elementor-element-9dfe211 elementor-position-top elementor-widget elementor-widget-image-box\" data-id=\"9dfe211\" data-element_type=\"widget\" data-widget_type=\"image-box.default\">\n\t\t\t\t<div class=\"elementor-widget-container\">\n\t\t\t\t\t<div class=\"elementor-image-box-wrapper\"><figure class=\"elementor-image-box-img\"><img loading=\"lazy\" decoding=\"async\" width=\"300\" height=\"300\" src=\"https:\/\/www.clin.rj.gov.br\/SiteCLIN\/wp-content\/uploads\/2025\/02\/rafael.jpg\" class=\"attachment-full size-full wp-image-1449\" alt=\"\" \/><\/figure><div class=\"elementor-image-box-content\"><h3 class=\"elementor-image-box-title\">Rafael Salgueiro<\/h3><p class=\"elementor-image-box-description\">Diretor de Planejamento e Finan\u00e7as<\/p><\/div><\/div>\t\t\t\t<\/div>\n\t\t\t\t<\/div>\n\t\t\t\t\t<\/div>\n\t\t\t\t<\/div>\n\t\t\t\t\t<\/div>\n\t\t\t\t<\/div>\n\t\t\t\t<\/div>\n\t\t","protected":false},"excerpt":{"rendered":"<p>A Clin Empresa de sociedade mista subordinada \u00e0 prefeitura de Niter\u00f3i, a Clin foi criada em 1989 para prestar servi\u00e7os que atendessem toda a popula\u00e7\u00e3o de maneira ordenada, regular e eficaz. Hoje, a Companhia \u00e9 uma das melhores empresas p\u00fablicas de acordo com a avalia\u00e7\u00e3o dos contribuintes e atende a todo o munic\u00edpio. A Clin [&hellip;]<\/p>\n","protected":false},"author":1,"featured_media":0,"parent":0,"menu_order":0,"comment_status":"closed","ping_status":"closed","template":"","meta":{"footnotes":""},"class_list":["post-1322","page","type-page","status-publish","hentry"],"_links":{"self":[{"href":"https:\/\/www.clin.rj.gov.br\/SiteCLIN\/index.php?rest_route=\/wp\/v2\/pages\/1322","targetHints":{"allow":["GET"]}}],"collection":[{"href":"https:\/\/www.clin.rj.gov.br\/SiteCLIN\/index.php?rest_route=\/wp\/v2\/pages"}],"about":[{"href":"https:\/\/www.clin.rj.gov.br\/SiteCLIN\/index.php?rest_route=\/wp\/v2\/types\/page"}],"author":[{"embeddable":true,"href":"https:\/\/www.clin.rj.gov.br\/SiteCLIN\/index.php?rest_route=\/wp\/v2\/users\/1"}],"replies":[{"embeddable":true,"href":"https:\/\/www.clin.rj.gov.br\/SiteCLIN\/index.php?rest_route=%2Fwp%2Fv2%2Fcomments&post=1322"}],"version-history":[{"count":88,"href":"https:\/\/www.clin.rj.gov.br\/SiteCLIN\/index.php?rest_route=\/wp\/v2\/pages\/1322\/revisions"}],"predecessor-version":[{"id":2728,"href":"https:\/\/www.clin.rj.gov.br\/SiteCLIN\/index.php?rest_route=\/wp\/v2\/pages\/1322\/revisions\/2728"}],"wp:attachment":[{"href":"https:\/\/www.clin.rj.gov.br\/SiteCLIN\/index.php?rest_route=%2Fwp%2Fv2%2Fmedia&parent=1322"}],"curies":[{"name":"wp","href":"https:\/\/api.w.org\/{rel}","templated":true}]}}