{"id":1383,"date":"2025-02-10T14:39:37","date_gmt":"2025-02-10T17:39:37","guid":{"rendered":"\/SiteCLIN\/?page_id=1383"},"modified":"2025-09-11T16:09:32","modified_gmt":"2025-09-11T19:09:32","slug":"localizacao","status":"publish","type":"page","link":"https:\/\/www.clin.rj.gov.br\/SiteCLIN\/?page_id=1383","title":{"rendered":"Localiza\u00e7\u00e3o"},"content":{"rendered":"\t\t<div data-elementor-type=\"wp-page\" data-elementor-id=\"1383\" class=\"elementor elementor-1383\" data-elementor-post-type=\"page\">\n\t\t\t\t<div class=\"elementor-element elementor-element-0a6f986 e-flex e-con-boxed e-con e-parent\" data-id=\"0a6f986\" data-element_type=\"container\">\n\t\t\t\t\t<div class=\"e-con-inner\">\n\t\t\t\t<div class=\"elementor-element elementor-element-e1ae288 elementor-widget elementor-widget-heading\" data-id=\"e1ae288\" data-element_type=\"widget\" data-widget_type=\"heading.default\">\n\t\t\t\t<div class=\"elementor-widget-container\">\n\t\t\t\t\t<h2 class=\"elementor-heading-title elementor-size-default\">SAIBA COMO CHEGAR<\/h2>\t\t\t\t<\/div>\n\t\t\t\t<\/div>\n\t\t\t\t\t<\/div>\n\t\t\t\t<\/div>\n\t\t<div class=\"elementor-element elementor-element-97aa7e2 e-flex e-con-boxed e-con e-parent\" data-id=\"97aa7e2\" data-element_type=\"container\">\n\t\t\t\t\t<div class=\"e-con-inner\">\n\t\t\t\t<div class=\"elementor-element elementor-element-aafd659 elementor-widget elementor-widget-text-editor\" data-id=\"aafd659\" data-element_type=\"widget\" data-widget_type=\"text-editor.default\">\n\t\t\t\t<div class=\"elementor-widget-container\">\n\t\t\t\t\t\t\t\t\t<p><strong>Onde estamos<\/strong><br \/>A Companhia de Limpeza Urbana de Niter\u00f3i \u2013 CLIN est\u00e1 localizada \u00e0 <strong>Rua Ind\u00edgena, 72 S\u00e3o Louren\u00e7o \u2013 Niter\u00f3i \u2013 RJ CEP:24060-037<\/strong><\/p><p><strong>Pontos de refer\u00eancia:<\/strong><\/p><p>O Melhor acesso para ve\u00edculos \u00e9 seguir pelas Ruas Dr. Manoel Lazari ou Dr. Paulo Ara\u00fajo, atrav\u00e9s da Rua S\u00e3o Louren\u00e7o, (antes do Loja da Amoedo)<br \/>Para acessar a p\u00e9 ou por transporte p\u00fablico, a Rua Ind\u00edgena come\u00e7a na Avenida Marques de Paran\u00e1 no n\u00ba 67, em frente ao Supermercado Guanabara.<br \/>No mapa abaixo voc\u00ea pode fazer rota para chegar na Clin.<\/p>\t\t\t\t\t\t\t\t<\/div>\n\t\t\t\t<\/div>\n\t\t\t\t\t<\/div>\n\t\t\t\t<\/div>\n\t\t<div class=\"elementor-element elementor-element-ef9d88a e-flex e-con-boxed e-con e-parent\" data-id=\"ef9d88a\" data-element_type=\"container\">\n\t\t\t\t\t<div class=\"e-con-inner\">\n\t\t\t\t<div class=\"elementor-element elementor-element-abfc063 elementor-widget elementor-widget-google_maps\" data-id=\"abfc063\" data-element_type=\"widget\" data-widget_type=\"google_maps.default\">\n\t\t\t\t<div class=\"elementor-widget-container\">\n\t\t\t\t\t\t\t<div class=\"elementor-custom-embed\">\n\t\t\t<iframe loading=\"lazy\"\n\t\t\t\t\tsrc=\"https:\/\/maps.google.com\/maps?q=%20Rua%20Ind%C3%ADgena%2C%2072%20S%C3%A3o%20Louren%C3%A7o%20%E2%80%93%20Niter%C3%B3i%20%E2%80%93%20RJ%20CEP%3A24060-037&#038;t=m&#038;z=10&#038;output=embed&#038;iwloc=near\"\n\t\t\t\t\ttitle=\" Rua Ind\u00edgena, 72 S\u00e3o Louren\u00e7o \u2013 Niter\u00f3i \u2013 RJ CEP:24060-037\"\n\t\t\t\t\taria-label=\" Rua Ind\u00edgena, 72 S\u00e3o Louren\u00e7o \u2013 Niter\u00f3i \u2013 RJ CEP:24060-037\"\n\t\t\t><\/iframe>\n\t\t<\/div>\n\t\t\t\t\t\t<\/div>\n\t\t\t\t<\/div>\n\t\t\t\t\t<\/div>\n\t\t\t\t<\/div>\n\t\t\t\t<\/div>\n\t\t","protected":false},"excerpt":{"rendered":"<p>SAIBA COMO CHEGAR Onde estamosA Companhia de Limpeza Urbana de Niter\u00f3i \u2013 CLIN est\u00e1 localizada \u00e0 Rua Ind\u00edgena, 72 S\u00e3o Louren\u00e7o \u2013 Niter\u00f3i \u2013 RJ CEP:24060-037 Pontos de refer\u00eancia: O Melhor acesso para ve\u00edculos \u00e9 seguir pelas Ruas Dr. Manoel Lazari ou Dr. Paulo Ara\u00fajo, atrav\u00e9s da Rua S\u00e3o Louren\u00e7o, (antes do Loja da Amoedo)Para [&hellip;]<\/p>\n","protected":false},"author":1,"featured_media":0,"parent":0,"menu_order":0,"comment_status":"closed","ping_status":"closed","template":"","meta":{"footnotes":""},"class_list":["post-1383","page","type-page","status-publish","hentry"],"_links":{"self":[{"href":"https:\/\/www.clin.rj.gov.br\/SiteCLIN\/index.php?rest_route=\/wp\/v2\/pages\/1383","targetHints":{"allow":["GET"]}}],"collection":[{"href":"https:\/\/www.clin.rj.gov.br\/SiteCLIN\/index.php?rest_route=\/wp\/v2\/pages"}],"about":[{"href":"https:\/\/www.clin.rj.gov.br\/SiteCLIN\/index.php?rest_route=\/wp\/v2\/types\/page"}],"author":[{"embeddable":true,"href":"https:\/\/www.clin.rj.gov.br\/SiteCLIN\/index.php?rest_route=\/wp\/v2\/users\/1"}],"replies":[{"embeddable":true,"href":"https:\/\/www.clin.rj.gov.br\/SiteCLIN\/index.php?rest_route=%2Fwp%2Fv2%2Fcomments&post=1383"}],"version-history":[{"count":13,"href":"https:\/\/www.clin.rj.gov.br\/SiteCLIN\/index.php?rest_route=\/wp\/v2\/pages\/1383\/revisions"}],"predecessor-version":[{"id":3023,"href":"https:\/\/www.clin.rj.gov.br\/SiteCLIN\/index.php?rest_route=\/wp\/v2\/pages\/1383\/revisions\/3023"}],"wp:attachment":[{"href":"https:\/\/www.clin.rj.gov.br\/SiteCLIN\/index.php?rest_route=%2Fwp%2Fv2%2Fmedia&parent=1383"}],"curies":[{"name":"wp","href":"https:\/\/api.w.org\/{rel}","templated":true}]}}