{"id":1477,"date":"2025-02-10T16:32:52","date_gmt":"2025-02-10T19:32:52","guid":{"rendered":"\/SiteCLIN\/?page_id=1477"},"modified":"2025-03-11T13:31:31","modified_gmt":"2025-03-11T16:31:31","slug":"ecopontos-coleta-seletiva","status":"publish","type":"page","link":"https:\/\/www.clin.rj.gov.br\/SiteCLIN\/?page_id=1477","title":{"rendered":"ECOPONTOS \u2013COLETA SELETIVA"},"content":{"rendered":"\t\t<div data-elementor-type=\"wp-page\" data-elementor-id=\"1477\" class=\"elementor elementor-1477\" data-elementor-post-type=\"page\">\n\t\t\t\t<div class=\"elementor-element elementor-element-74c7121 e-flex e-con-boxed e-con e-parent\" data-id=\"74c7121\" data-element_type=\"container\" data-settings=\"{&quot;background_background&quot;:&quot;classic&quot;}\">\n\t\t\t\t\t<div class=\"e-con-inner\">\n\t\t<div class=\"elementor-element elementor-element-6bbc31d e-con-full e-flex e-con e-child\" data-id=\"6bbc31d\" data-element_type=\"container\">\n\t\t\t\t<div class=\"elementor-element elementor-element-27e2787 elementor-widget elementor-widget-image\" data-id=\"27e2787\" data-element_type=\"widget\" data-widget_type=\"image.default\">\n\t\t\t\t<div class=\"elementor-widget-container\">\n\t\t\t\t\t\t\t\t\t\t\t\t\t\t\t<img fetchpriority=\"high\" decoding=\"async\" width=\"800\" height=\"582\" src=\"https:\/\/www.clin.rj.gov.br\/SiteCLIN\/wp-content\/uploads\/2025\/02\/Onde-destacar-01.png\" class=\"attachment-large size-large wp-image-1293\" alt=\"\" \/>\t\t\t\t\t\t\t\t\t\t\t\t\t\t\t<\/div>\n\t\t\t\t<\/div>\n\t\t\t\t<\/div>\n\t\t<div class=\"elementor-element elementor-element-6171945 e-con-full e-flex e-con e-child\" data-id=\"6171945\" data-element_type=\"container\" data-settings=\"{&quot;background_background&quot;:&quot;classic&quot;}\">\n\t\t\t\t<div class=\"elementor-element elementor-element-00178c8 elementor-widget elementor-widget-heading\" data-id=\"00178c8\" data-element_type=\"widget\" data-widget_type=\"heading.default\">\n\t\t\t\t<div class=\"elementor-widget-container\">\n\t\t\t\t\t<h2 class=\"elementor-heading-title elementor-size-default\">Ecopontos Coleta Seletiva<\/h2>\t\t\t\t<\/div>\n\t\t\t\t<\/div>\n\t\t\t\t<\/div>\n\t\t\t\t\t<\/div>\n\t\t\t\t<\/div>\n\t\t<div class=\"elementor-element elementor-element-951e51a e-flex e-con-boxed e-con e-parent\" data-id=\"951e51a\" data-element_type=\"container\">\n\t\t\t\t\t<div class=\"e-con-inner\">\n\t\t\t\t<div class=\"elementor-element elementor-element-b880955 elementor-widget elementor-widget-text-editor\" data-id=\"b880955\" data-element_type=\"widget\" data-widget_type=\"text-editor.default\">\n\t\t\t\t<div class=\"elementor-widget-container\">\n\t\t\t\t\t\t\t\t\t<p>Nessa modalidade de coleta, o interessado leva os materiais recicl\u00e1veis aos Pontos de Entrega Volunt\u00e1ria (PEVs). Os PEVs funcionam todos os dias \u00fateis, das 8h \u00e0s 16h.<\/p>\t\t\t\t\t\t\t\t<\/div>\n\t\t\t\t<\/div>\n\t\t\t\t\t<\/div>\n\t\t\t\t<\/div>\n\t\t<div class=\"elementor-element elementor-element-9167275 e-flex e-con-boxed e-con e-parent\" data-id=\"9167275\" data-element_type=\"container\">\n\t\t\t\t\t<div class=\"e-con-inner\">\n\t\t\t\t<div class=\"elementor-element elementor-element-844176b elementor-widget elementor-widget-heading\" data-id=\"844176b\" data-element_type=\"widget\" data-widget_type=\"heading.default\">\n\t\t\t\t<div class=\"elementor-widget-container\">\n\t\t\t\t\t<h2 class=\"elementor-heading-title elementor-size-default\">Confira o endere\u00e7o mais perto de voc\u00ea:\n\n<\/h2>\t\t\t\t<\/div>\n\t\t\t\t<\/div>\n\t\t\t\t\t<\/div>\n\t\t\t\t<\/div>\n\t\t<div class=\"elementor-element elementor-element-002fa62 e-flex e-con-boxed e-con e-parent\" data-id=\"002fa62\" data-element_type=\"container\">\n\t\t\t\t\t<div class=\"e-con-inner\">\n\t\t\t\t<div class=\"elementor-element elementor-element-4f18499 elementor-widget elementor-widget-text-editor\" data-id=\"4f18499\" data-element_type=\"widget\" data-widget_type=\"text-editor.default\">\n\t\t\t\t<div class=\"elementor-widget-container\">\n\t\t\t\t\t\t\t\t\t<ul><li>Icara\u00ed<br \/>Rua Jornalista Irineu Marinho, n\u00ba 466, esquina com Avenida Ary Parreiras.<\/li><\/ul><ul><li>Barreto<br \/>Dentro do Horto do Barreto \u2013 Rua Dr. Luiz Palmier.<\/li><\/ul><ul><li>Largo da Batalha<br \/>Rua Leonor da Gl\u00f3ria, s\/n\u00ba \u2013 Pendotiba.<\/li><\/ul><ul><li>Engenhoca<br \/>Em frente \u00e0 Policl\u00ednica da Engenhoca \u2013 Avenida Jo\u00e3o Brasil, s\/n\u00b0.<br \/>Piratininga<br \/>Av. Raul de Oliveira Rodrigues (Antiga Avenida 7, Quadra 172 \u2013 Lot. Cafub\u00e1), s\/n\u00b0.<br \/>Itaipu<br \/>Ao lado da esta\u00e7\u00e3o de tratamento de esgoto \u2013 Rua O, s\/n\u00b0.<\/li><\/ul><ul><li>Santa B\u00e1rbara<br \/>Rua Doutor Luiz Felipe de Moraes Lamego, 490.<\/li><\/ul><ul><li>Fonseca<br \/>Alameda S\u00e3o Boaventura, 770 (dentro do Horto Bot\u00e2nico).<\/li><\/ul><ul><li>Ilha da Concei\u00e7\u00e3o<br \/>Centro Social Urbano da Ilha da Concei\u00e7\u00e3o, Rua Jornalista Sardo Filho.<\/li><\/ul>\t\t\t\t\t\t\t\t<\/div>\n\t\t\t\t<\/div>\n\t\t\t\t\t<\/div>\n\t\t\t\t<\/div>\n\t\t\t\t<\/div>\n\t\t","protected":false},"excerpt":{"rendered":"<p>Ecopontos Coleta Seletiva Nessa modalidade de coleta, o interessado leva os materiais recicl\u00e1veis aos Pontos de Entrega Volunt\u00e1ria (PEVs). Os PEVs funcionam todos os dias \u00fateis, das 8h \u00e0s 16h. Confira o endere\u00e7o mais perto de voc\u00ea: Icara\u00edRua Jornalista Irineu Marinho, n\u00ba 466, esquina com Avenida Ary Parreiras. BarretoDentro do Horto do Barreto \u2013 Rua [&hellip;]<\/p>\n","protected":false},"author":1,"featured_media":0,"parent":0,"menu_order":0,"comment_status":"closed","ping_status":"closed","template":"","meta":{"footnotes":""},"class_list":["post-1477","page","type-page","status-publish","hentry"],"_links":{"self":[{"href":"https:\/\/www.clin.rj.gov.br\/SiteCLIN\/index.php?rest_route=\/wp\/v2\/pages\/1477","targetHints":{"allow":["GET"]}}],"collection":[{"href":"https:\/\/www.clin.rj.gov.br\/SiteCLIN\/index.php?rest_route=\/wp\/v2\/pages"}],"about":[{"href":"https:\/\/www.clin.rj.gov.br\/SiteCLIN\/index.php?rest_route=\/wp\/v2\/types\/page"}],"author":[{"embeddable":true,"href":"https:\/\/www.clin.rj.gov.br\/SiteCLIN\/index.php?rest_route=\/wp\/v2\/users\/1"}],"replies":[{"embeddable":true,"href":"https:\/\/www.clin.rj.gov.br\/SiteCLIN\/index.php?rest_route=%2Fwp%2Fv2%2Fcomments&post=1477"}],"version-history":[{"count":25,"href":"https:\/\/www.clin.rj.gov.br\/SiteCLIN\/index.php?rest_route=\/wp\/v2\/pages\/1477\/revisions"}],"predecessor-version":[{"id":1886,"href":"https:\/\/www.clin.rj.gov.br\/SiteCLIN\/index.php?rest_route=\/wp\/v2\/pages\/1477\/revisions\/1886"}],"wp:attachment":[{"href":"https:\/\/www.clin.rj.gov.br\/SiteCLIN\/index.php?rest_route=%2Fwp%2Fv2%2Fmedia&parent=1477"}],"curies":[{"name":"wp","href":"https:\/\/api.w.org\/{rel}","templated":true}]}}