{"id":1564,"date":"2025-02-11T12:53:42","date_gmt":"2025-02-11T15:53:42","guid":{"rendered":"\/SiteCLIN\/?page_id=1564"},"modified":"2025-10-01T12:05:55","modified_gmt":"2025-10-01T15:05:55","slug":"distritos-de-limpeza","status":"publish","type":"page","link":"https:\/\/www.clin.rj.gov.br\/SiteCLIN\/?page_id=1564","title":{"rendered":"Distritos de Limpeza"},"content":{"rendered":"\t\t<div data-elementor-type=\"wp-page\" data-elementor-id=\"1564\" class=\"elementor elementor-1564\" data-elementor-post-type=\"page\">\n\t\t\t\t<div class=\"elementor-element elementor-element-1b38dd0 e-con-full e-flex e-con e-parent\" data-id=\"1b38dd0\" data-element_type=\"container\" data-settings=\"{&quot;background_background&quot;:&quot;gradient&quot;}\">\n\t\t<div class=\"elementor-element elementor-element-7a20885 e-con-full e-flex e-con e-child\" data-id=\"7a20885\" data-element_type=\"container\">\n\t\t\t\t<div class=\"elementor-element elementor-element-b7516ba elementor-widget elementor-widget-heading\" data-id=\"b7516ba\" data-element_type=\"widget\" data-widget_type=\"heading.default\">\n\t\t\t\t<div class=\"elementor-widget-container\">\n\t\t\t\t\t<h2 class=\"elementor-heading-title elementor-size-default\">Distritos de Limpeza Urbana \u2013 DLU<\/h2>\t\t\t\t<\/div>\n\t\t\t\t<\/div>\n\t\t\t\t<\/div>\n\t\t\t\t<\/div>\n\t\t<div class=\"elementor-element elementor-element-69f6296 e-flex e-con-boxed e-con e-parent\" data-id=\"69f6296\" data-element_type=\"container\">\n\t\t\t\t\t<div class=\"e-con-inner\">\n\t\t\t\t<div class=\"elementor-element elementor-element-b385416 elementor-widget elementor-widget-heading\" data-id=\"b385416\" data-element_type=\"widget\" data-widget_type=\"heading.default\">\n\t\t\t\t<div class=\"elementor-widget-container\">\n\t\t\t\t\t<h2 class=\"elementor-heading-title elementor-size-default\">A CLIN \u00e9 <strong>respons\u00e1vel pela limpeza urbana e destina\u00e7\u00e3o final dos res\u00edduos s\u00f3lidos produzidos no munic\u00edpio de Niter\u00f3i.<\/strong> Al\u00e9m dos servi\u00e7os executados pela Sede, o trabalho tamb\u00e9m \u00e9 dividido em <strong>14 Distritos de Limpeza Urbana (DLU)<\/strong>, que funcionam como postos avan\u00e7ados de presta\u00e7\u00e3o de servi\u00e7o junto \u00e0 comunidade.<\/h2>\t\t\t\t<\/div>\n\t\t\t\t<\/div>\n\t\t\t\t\t<\/div>\n\t\t\t\t<\/div>\n\t\t<div class=\"elementor-element elementor-element-260b05c e-flex e-con-boxed e-con e-parent\" data-id=\"260b05c\" data-element_type=\"container\">\n\t\t\t\t\t<div class=\"e-con-inner\">\n\t\t\t\t<div class=\"elementor-element elementor-element-559c80d elementor-widget elementor-widget-image\" data-id=\"559c80d\" data-element_type=\"widget\" data-widget_type=\"image.default\">\n\t\t\t\t<div class=\"elementor-widget-container\">\n\t\t\t\t\t\t\t\t\t\t\t\t\t\t\t<img fetchpriority=\"high\" decoding=\"async\" width=\"1754\" height=\"1236\" src=\"https:\/\/www.clin.rj.gov.br\/SiteCLIN\/wp-content\/uploads\/2025\/02\/distritos-de-limpeza_medio-2.jpg\" class=\"attachment-full size-full wp-image-1566\" alt=\"\" \/>\t\t\t\t\t\t\t\t\t\t\t\t\t\t\t<\/div>\n\t\t\t\t<\/div>\n\t\t\t\t\t<\/div>\n\t\t\t\t<\/div>\n\t\t<div class=\"elementor-element elementor-element-3db12e2 e-grid e-con-boxed e-con e-parent\" data-id=\"3db12e2\" data-element_type=\"container\">\n\t\t\t\t\t<div class=\"e-con-inner\">\n\t\t\t\t<div class=\"elementor-element elementor-element-7c63e0a elementor-widget elementor-widget-icon-box\" data-id=\"7c63e0a\" data-element_type=\"widget\" data-widget_type=\"icon-box.default\">\n\t\t\t\t<div class=\"elementor-widget-container\">\n\t\t\t\t\t\t\t<div class=\"elementor-icon-box-wrapper\">\n\n\t\t\t\n\t\t\t\t\t\t<div class=\"elementor-icon-box-content\">\n\n\t\t\t\t\t\t\t\t\t<h3 class=\"elementor-icon-box-title\">\n\t\t\t\t\t\t<span  >\n\t\t\t\t\t\t\t1\u00ba DLU\t\t\t\t\t\t<\/span>\n\t\t\t\t\t<\/h3>\n\t\t\t\t\n\t\t\t\t\t\t\t\t\t<p class=\"elementor-icon-box-description\">\n\t\t\t\t\t\t<strong>Respons\u00e1vel: Gabriel Marques <\/strong><br>\nEndere\u00e7o: Rua Jos\u00e9 Figueiredo, 34 - Centro - 24030-055<br>\nBairros Atendidos:<br>\n- Centro<br>\n- Ponta D'Areia<br>\n- Morro do Estado<br>\n- Bairro de F\u00e1tima (parte)<br>\n- S\u00e3o Louren\u00e7o (parte)<br>\n- S\u00e3o Domingos (parte)\t\t\t\t\t<\/p>\n\t\t\t\t\n\t\t\t<\/div>\n\t\t\t\n\t\t<\/div>\n\t\t\t\t\t\t<\/div>\n\t\t\t\t<\/div>\n\t\t\t\t<div class=\"elementor-element elementor-element-f90fefb elementor-widget elementor-widget-icon-box\" data-id=\"f90fefb\" data-element_type=\"widget\" data-widget_type=\"icon-box.default\">\n\t\t\t\t<div class=\"elementor-widget-container\">\n\t\t\t\t\t\t\t<div class=\"elementor-icon-box-wrapper\">\n\n\t\t\t\n\t\t\t\t\t\t<div class=\"elementor-icon-box-content\">\n\n\t\t\t\t\t\t\t\t\t<h3 class=\"elementor-icon-box-title\">\n\t\t\t\t\t\t<span  >\n\t\t\t\t\t\t\t2\u00ba DLU\t\t\t\t\t\t<\/span>\n\t\t\t\t\t<\/h3>\n\t\t\t\t\n\t\t\t\t\t\t\t\t\t<p class=\"elementor-icon-box-description\">\n\t\t\t\t\t\t<strong>Respons\u00e1vel: Luiz Lima <\/strong><br>\nEndere\u00e7o: Travessa Mululo da Veiga, 93 - Barreto - 24110-235\nEndere\u00e7o N\u00facleo Ilha da Concei\u00e7\u00e3o: Rua Jornalista Sardo Filho, S\/N\u00ba - Ilha da Concei\u00e7\u00e3o - 24050-100\nBairros Atendidos:<br>\n- Barreto<br>\n- Ilha da Concei\u00e7\u00e3o<br>\n- Engenhoca<br>\n- Tenente Jardim (parte)<br>\n- Santana<br>\t\t\t\t\t<\/p>\n\t\t\t\t\n\t\t\t<\/div>\n\t\t\t\n\t\t<\/div>\n\t\t\t\t\t\t<\/div>\n\t\t\t\t<\/div>\n\t\t\t\t<div class=\"elementor-element elementor-element-0033341 elementor-widget elementor-widget-icon-box\" data-id=\"0033341\" data-element_type=\"widget\" data-widget_type=\"icon-box.default\">\n\t\t\t\t<div class=\"elementor-widget-container\">\n\t\t\t\t\t\t\t<div class=\"elementor-icon-box-wrapper\">\n\n\t\t\t\n\t\t\t\t\t\t<div class=\"elementor-icon-box-content\">\n\n\t\t\t\t\t\t\t\t\t<h3 class=\"elementor-icon-box-title\">\n\t\t\t\t\t\t<span  >\n\t\t\t\t\t\t\t3\u00ba DLU\t\t\t\t\t\t<\/span>\n\t\t\t\t\t<\/h3>\n\t\t\t\t\n\t\t\t\t\t\t\t\t\t<p class=\"elementor-icon-box-description\">\n\t\t\t\t\t\t<strong>Respons\u00e1vel: Rodrigo Mattos <\/strong><br>\nEndere\u00e7o: Alameda S\u00e3o Boaventura, 770 (dentro do Horto Bot\u00e2nico) - Fonseca - 24130-001\nBairros Atendidos:<br>\n- Fonseca (parte)<br>\n- Engenhoca (parte)<br>\n- Cubango (parte)<br>\n- Vi\u00e7oso Jardim (parte)<br>\n- Santana (parte)<br>\n- S\u00e3o Louren\u00e7o (parte)<br>\n\t\t\t\t\t<\/p>\n\t\t\t\t\n\t\t\t<\/div>\n\t\t\t\n\t\t<\/div>\n\t\t\t\t\t\t<\/div>\n\t\t\t\t<\/div>\n\t\t\t\t<div class=\"elementor-element elementor-element-f1d24fa elementor-widget elementor-widget-icon-box\" data-id=\"f1d24fa\" data-element_type=\"widget\" data-widget_type=\"icon-box.default\">\n\t\t\t\t<div class=\"elementor-widget-container\">\n\t\t\t\t\t\t\t<div class=\"elementor-icon-box-wrapper\">\n\n\t\t\t\n\t\t\t\t\t\t<div class=\"elementor-icon-box-content\">\n\n\t\t\t\t\t\t\t\t\t<h3 class=\"elementor-icon-box-title\">\n\t\t\t\t\t\t<span  >\n\t\t\t\t\t\t\t4\u00ba DLU\t\t\t\t\t\t<\/span>\n\t\t\t\t\t<\/h3>\n\t\t\t\t\n\t\t\t\t\t\t\t\t\t<p class=\"elementor-icon-box-description\">\n\t\t\t\t\t\t<strong>Respons\u00e1vel: Tiago Tadeu <\/strong><br>\nEndere\u00e7o: Rua Jornalista Irineu Marinho, 466 - Icara\u00ed - 24230-126\nBairro Atendido:<br>\n- Icara\u00ed (parte)<br>\n- S\u00e3o Francisco (Estrada Fr\u00f3es)<br>\t\t\t\t\t<\/p>\n\t\t\t\t\n\t\t\t<\/div>\n\t\t\t\n\t\t<\/div>\n\t\t\t\t\t\t<\/div>\n\t\t\t\t<\/div>\n\t\t\t\t<div class=\"elementor-element elementor-element-d5efbff elementor-widget elementor-widget-icon-box\" data-id=\"d5efbff\" data-element_type=\"widget\" data-widget_type=\"icon-box.default\">\n\t\t\t\t<div class=\"elementor-widget-container\">\n\t\t\t\t\t\t\t<div class=\"elementor-icon-box-wrapper\">\n\n\t\t\t\n\t\t\t\t\t\t<div class=\"elementor-icon-box-content\">\n\n\t\t\t\t\t\t\t\t\t<h3 class=\"elementor-icon-box-title\">\n\t\t\t\t\t\t<span  >\n\t\t\t\t\t\t\t5\u00ba DLU\t\t\t\t\t\t<\/span>\n\t\t\t\t\t<\/h3>\n\t\t\t\t\n\t\t\t\t\t\t\t\t\t<p class=\"elementor-icon-box-description\">\n\t\t\t\t\t\t<strong> Respons\u00e1vel: F\u00e1bio da Silveira<\/strong><br>\nEndere\u00e7o: Avenida Presidente Roosevelt, 2 - S\u00e3o Francisco - 24360-066\nBairros Atendidos:<br>\n- Jurujuba<br>\n- Charitas<br>\n- S\u00e3o Francisco (parte)<br>\n- Cachoeira (parte)<br>\t\t\t\t\t<\/p>\n\t\t\t\t\n\t\t\t<\/div>\n\t\t\t\n\t\t<\/div>\n\t\t\t\t\t\t<\/div>\n\t\t\t\t<\/div>\n\t\t\t\t<div class=\"elementor-element elementor-element-742958c elementor-widget elementor-widget-icon-box\" data-id=\"742958c\" data-element_type=\"widget\" data-widget_type=\"icon-box.default\">\n\t\t\t\t<div class=\"elementor-widget-container\">\n\t\t\t\t\t\t\t<div class=\"elementor-icon-box-wrapper\">\n\n\t\t\t\n\t\t\t\t\t\t<div class=\"elementor-icon-box-content\">\n\n\t\t\t\t\t\t\t\t\t<h3 class=\"elementor-icon-box-title\">\n\t\t\t\t\t\t<span  >\n\t\t\t\t\t\t\t6\u00ba DLU\t\t\t\t\t\t<\/span>\n\t\t\t\t\t<\/h3>\n\t\t\t\t\n\t\t\t\t\t\t\t\t\t<p class=\"elementor-icon-box-description\">\n\t\t\t\t\t\t<strong>Respons\u00e1vel: Ricardo de Oliveira <\/strong><br>\nEndere\u00e7o: Rua Am\u00e9rico Oberlaender, 581 (largo do Marr\u00e3o) - Santa Rosa - 24240-630\nBairros Atendidos:<br>\n- Santa Rosa<br>\n- Vital Brasil<br>\n- P\u00e9 Pequeno<br>\n- Viradouro (parte)<br>\n- Cubango (parte)<br>\n- Icara\u00ed (parte)<br>\t\t\t\t\t<\/p>\n\t\t\t\t\n\t\t\t<\/div>\n\t\t\t\n\t\t<\/div>\n\t\t\t\t\t\t<\/div>\n\t\t\t\t<\/div>\n\t\t\t\t<div class=\"elementor-element elementor-element-22a6e95 elementor-widget elementor-widget-icon-box\" data-id=\"22a6e95\" data-element_type=\"widget\" data-widget_type=\"icon-box.default\">\n\t\t\t\t<div class=\"elementor-widget-container\">\n\t\t\t\t\t\t\t<div class=\"elementor-icon-box-wrapper\">\n\n\t\t\t\n\t\t\t\t\t\t<div class=\"elementor-icon-box-content\">\n\n\t\t\t\t\t\t\t\t\t<h3 class=\"elementor-icon-box-title\">\n\t\t\t\t\t\t<span  >\n\t\t\t\t\t\t\t7\u00ba DLU\t\t\t\t\t\t<\/span>\n\t\t\t\t\t<\/h3>\n\t\t\t\t\n\t\t\t\t\t\t\t\t\t<p class=\"elementor-icon-box-description\">\n\t\t\t\t\t\t<strong>Respons\u00e1vel: Ana Paula Rocha <\/strong><br>\nEndere\u00e7o: Rua Leonor da Gl\u00f3ria, S\/N\u00ba - Pendotiba - 24315-410\nBairros Atendidos:<br>\n- Largo da Batalha<br>\n- Maceio<br>\n- Sap\u00ea<br>\n- Ititioca (parte)<br>\n- Badu<br>\n- Cantagalo (parte)<br>\n- Cachoeira (parte)<br>\t\t\t\t\t<\/p>\n\t\t\t\t\n\t\t\t<\/div>\n\t\t\t\n\t\t<\/div>\n\t\t\t\t\t\t<\/div>\n\t\t\t\t<\/div>\n\t\t\t\t<div class=\"elementor-element elementor-element-aaaa256 elementor-widget elementor-widget-icon-box\" data-id=\"aaaa256\" data-element_type=\"widget\" data-widget_type=\"icon-box.default\">\n\t\t\t\t<div class=\"elementor-widget-container\">\n\t\t\t\t\t\t\t<div class=\"elementor-icon-box-wrapper\">\n\n\t\t\t\n\t\t\t\t\t\t<div class=\"elementor-icon-box-content\">\n\n\t\t\t\t\t\t\t\t\t<h3 class=\"elementor-icon-box-title\">\n\t\t\t\t\t\t<span  >\n\t\t\t\t\t\t\t8\u00ba DLU\t\t\t\t\t\t<\/span>\n\t\t\t\t\t<\/h3>\n\t\t\t\t\n\t\t\t\t\t\t\t\t\t<p class=\"elementor-icon-box-description\">\n\t\t\t\t\t\t<strong>Respons\u00e1vel: Marcelo Relva <\/strong><br>\nEndere\u00e7o: Rua Pastor Jos\u00e9 Gomes de Souza, 688A, Caramujo - 24140-390\nBairros Atendidos:<br>\n- Caramujo<br>\n- Baldeador<br>\n- Santa B\u00e1rbara<br>\n- Ititioca (parte)<br>\t\t\t\t\t<\/p>\n\t\t\t\t\n\t\t\t<\/div>\n\t\t\t\n\t\t<\/div>\n\t\t\t\t\t\t<\/div>\n\t\t\t\t<\/div>\n\t\t\t\t<div class=\"elementor-element elementor-element-ea32619 elementor-widget elementor-widget-icon-box\" data-id=\"ea32619\" data-element_type=\"widget\" data-widget_type=\"icon-box.default\">\n\t\t\t\t<div class=\"elementor-widget-container\">\n\t\t\t\t\t\t\t<div class=\"elementor-icon-box-wrapper\">\n\n\t\t\t\n\t\t\t\t\t\t<div class=\"elementor-icon-box-content\">\n\n\t\t\t\t\t\t\t\t\t<h3 class=\"elementor-icon-box-title\">\n\t\t\t\t\t\t<span  >\n\t\t\t\t\t\t\t9\u00ba DLU\t\t\t\t\t\t<\/span>\n\t\t\t\t\t<\/h3>\n\t\t\t\t\n\t\t\t\t\t\t\t\t\t<p class=\"elementor-icon-box-description\">\n\t\t\t\t\t\t<strong>Respons\u00e1vel: Felipe Escobar <\/strong><br>\nEndere\u00e7o: Avenida Raul de Oliveira Rodrigues (Antiga Avenida 7, Quadra 172 - Lot. Cafub\u00e1), S\/N\u00ba - Piratininga - 24350-630\nBairros Atendidos:<br>\n- Piratininga<br>\n- Cafub\u00e1<br>\n- Jacar\u00e9<br>\n- Cantagalo (parte)<br>\t\t\t\t\t<\/p>\n\t\t\t\t\n\t\t\t<\/div>\n\t\t\t\n\t\t<\/div>\n\t\t\t\t\t\t<\/div>\n\t\t\t\t<\/div>\n\t\t\t\t<div class=\"elementor-element elementor-element-3bf91d6 elementor-widget elementor-widget-icon-box\" data-id=\"3bf91d6\" data-element_type=\"widget\" data-widget_type=\"icon-box.default\">\n\t\t\t\t<div class=\"elementor-widget-container\">\n\t\t\t\t\t\t\t<div class=\"elementor-icon-box-wrapper\">\n\n\t\t\t\n\t\t\t\t\t\t<div class=\"elementor-icon-box-content\">\n\n\t\t\t\t\t\t\t\t\t<h3 class=\"elementor-icon-box-title\">\n\t\t\t\t\t\t<span  >\n\t\t\t\t\t\t\t10\u00ba DLU\t\t\t\t\t\t<\/span>\n\t\t\t\t\t<\/h3>\n\t\t\t\t\n\t\t\t\t\t\t\t\t\t<p class=\"elementor-icon-box-description\">\n\t\t\t\t\t\t<strong>Respons\u00e1vel: Carlos Eduardo Castelar <\/strong><br>\nEndere\u00e7o: Estrada Velha de Maric\u00e1, 586-B, Rio do Ouro - 24330-000\nBairros Atendidos:<br>\n- Rio D'Ouro<br>\n- Muriqui<br>\n- Maria Paula (parte)<br>\n- V\u00e1rzea das Mo\u00e7as (parte)<br>\n- Matapaca (parte)<br>\n- Vila Progresso (parte)<br>\t\t\t\t\t<\/p>\n\t\t\t\t\n\t\t\t<\/div>\n\t\t\t\n\t\t<\/div>\n\t\t\t\t\t\t<\/div>\n\t\t\t\t<\/div>\n\t\t\t\t<div class=\"elementor-element elementor-element-37b2aea elementor-widget elementor-widget-icon-box\" data-id=\"37b2aea\" data-element_type=\"widget\" data-widget_type=\"icon-box.default\">\n\t\t\t\t<div class=\"elementor-widget-container\">\n\t\t\t\t\t\t\t<div class=\"elementor-icon-box-wrapper\">\n\n\t\t\t\n\t\t\t\t\t\t<div class=\"elementor-icon-box-content\">\n\n\t\t\t\t\t\t\t\t\t<h3 class=\"elementor-icon-box-title\">\n\t\t\t\t\t\t<span  >\n\t\t\t\t\t\t\t11\u00ba DLU\t\t\t\t\t\t<\/span>\n\t\t\t\t\t<\/h3>\n\t\t\t\t\n\t\t\t\t\t\t\t\t\t<p class=\"elementor-icon-box-description\">\n\t\t\t\t\t\t<strong>Respons\u00e1vel: F\u00e1bio Lucas <\/strong><br>\nEndere\u00e7o: Rua O, S\/N\u00ba (Campo Belo - Ao lado da esta\u00e7\u00e3o de esgoto) - Itaip\u00fa - 24346-000\nBairros Atendidos:<br>\n- Itacoatiara<br>\n- Itaip\u00fa (parte)<br>\n- Maravista (parte)<br>\n- Serra Grande (parte)<br>\n- Engenho do Mato (parte)<br>\n- V\u00e1rzea das Mo\u00e7as (parte)<br>\t\t\t\t\t<\/p>\n\t\t\t\t\n\t\t\t<\/div>\n\t\t\t\n\t\t<\/div>\n\t\t\t\t\t\t<\/div>\n\t\t\t\t<\/div>\n\t\t\t\t<div class=\"elementor-element elementor-element-d87a4f1 elementor-widget elementor-widget-icon-box\" data-id=\"d87a4f1\" data-element_type=\"widget\" data-widget_type=\"icon-box.default\">\n\t\t\t\t<div class=\"elementor-widget-container\">\n\t\t\t\t\t\t\t<div class=\"elementor-icon-box-wrapper\">\n\n\t\t\t\n\t\t\t\t\t\t<div class=\"elementor-icon-box-content\">\n\n\t\t\t\t\t\t\t\t\t<h3 class=\"elementor-icon-box-title\">\n\t\t\t\t\t\t<span  >\n\t\t\t\t\t\t\t12\u00ba DLU\t\t\t\t\t\t<\/span>\n\t\t\t\t\t<\/h3>\n\t\t\t\t\n\t\t\t\t\t\t\t\t\t<p class=\"elementor-icon-box-description\">\n\t\t\t\t\t\t<strong>Respons\u00e1vel: Luiz Henrique Araujo <\/strong><br>\nEndere\u00e7o: Rua Doutor Luiz Felipe de Moraes Lamego, 490 - Santa B\u00e1rbara - 24141-420\nBairros Atendidos:<br>\n- Baldeador<br>\n- Santa B\u00e1rbara<br>\n- Fonseca<br>\n- Sap\u00ea (parte)<br>\n- Maria Paula (parte)<br>\n- Tenente Jardim (parte)<br>\t\t\t\t\t<\/p>\n\t\t\t\t\n\t\t\t<\/div>\n\t\t\t\n\t\t<\/div>\n\t\t\t\t\t\t<\/div>\n\t\t\t\t<\/div>\n\t\t\t\t<div class=\"elementor-element elementor-element-985e0be elementor-widget elementor-widget-icon-box\" data-id=\"985e0be\" data-element_type=\"widget\" data-widget_type=\"icon-box.default\">\n\t\t\t\t<div class=\"elementor-widget-container\">\n\t\t\t\t\t\t\t<div class=\"elementor-icon-box-wrapper\">\n\n\t\t\t\n\t\t\t\t\t\t<div class=\"elementor-icon-box-content\">\n\n\t\t\t\t\t\t\t\t\t<h3 class=\"elementor-icon-box-title\">\n\t\t\t\t\t\t<span  >\n\t\t\t\t\t\t\t14\u00ba DLU\t\t\t\t\t\t<\/span>\n\t\t\t\t\t<\/h3>\n\t\t\t\t\n\t\t\t\t\t\t\t\t\t<p class=\"elementor-icon-box-description\">\n\t\t\t\t\t\t<strong>Respons\u00e1vel: Luiz Antonio Caparica<\/strong><br>\nEndere\u00e7o: Rua Alexandre Moura, 60 (Gragoat\u00e1) - S\u00e3o Domingos - 24210-200\nBairros Atendidos:<br>\n- Ing\u00e1<br>\n- Boa Viagem<br>\n- Gragoat\u00e1<br>\n- Icara\u00ed (parte)<br>\n- S\u00e3o Domingos (parte)\t\t\t\t\t<\/p>\n\t\t\t\t\n\t\t\t<\/div>\n\t\t\t\n\t\t<\/div>\n\t\t\t\t\t\t<\/div>\n\t\t\t\t<\/div>\n\t\t\t\t<div class=\"elementor-element elementor-element-34ce35f elementor-widget elementor-widget-icon-box\" data-id=\"34ce35f\" data-element_type=\"widget\" data-widget_type=\"icon-box.default\">\n\t\t\t\t<div class=\"elementor-widget-container\">\n\t\t\t\t\t\t\t<div class=\"elementor-icon-box-wrapper\">\n\n\t\t\t\n\t\t\t\t\t\t<div class=\"elementor-icon-box-content\">\n\n\t\t\t\t\t\t\t\t\t<h3 class=\"elementor-icon-box-title\">\n\t\t\t\t\t\t<span  >\n\t\t\t\t\t\t\t15\u00ba DLU\t\t\t\t\t\t<\/span>\n\t\t\t\t\t<\/h3>\n\t\t\t\t\n\t\t\t\t\t\t\t\t\t<p class=\"elementor-icon-box-description\">\n\t\t\t\t\t\t<strong>Respons\u00e1vel: Lucas Cezza <\/strong><br>\nEndere\u00e7o: Avenida Raul de Oliveira Rodrigues (Antiga Avenida 7, Quadra 172 - Lot. Cafub\u00e1), S\/N\u00ba - Piratininga - 24350-630\nBairros Atendidos:<br>\n- Piratininga<br>\n- Camboinhas<br>\n- Santo Ant\u00f4nio<br>\n- Jardim Imbu\u00ed<br>\n- Itaip\u00fa (parte)<br>\n- Cantagalo (parte)<br>\n- Maravista (parte)<br>\n- Serra Grande (parte)\t\t\t\t\t<\/p>\n\t\t\t\t\n\t\t\t<\/div>\n\t\t\t\n\t\t<\/div>\n\t\t\t\t\t\t<\/div>\n\t\t\t\t<\/div>\n\t\t\t\t\t<\/div>\n\t\t\t\t<\/div>\n\t\t\t\t<\/div>\n\t\t","protected":false},"excerpt":{"rendered":"<p>Distritos de Limpeza Urbana \u2013 DLU A CLIN \u00e9 respons\u00e1vel pela limpeza urbana e destina\u00e7\u00e3o final dos res\u00edduos s\u00f3lidos produzidos no munic\u00edpio de Niter\u00f3i. Al\u00e9m dos servi\u00e7os executados pela Sede, o trabalho tamb\u00e9m \u00e9 dividido em 14 Distritos de Limpeza Urbana (DLU), que funcionam como postos avan\u00e7ados de presta\u00e7\u00e3o de servi\u00e7o junto \u00e0 comunidade. 1\u00ba [&hellip;]<\/p>\n","protected":false},"author":1,"featured_media":0,"parent":0,"menu_order":0,"comment_status":"closed","ping_status":"closed","template":"","meta":{"footnotes":""},"class_list":["post-1564","page","type-page","status-publish","hentry"],"_links":{"self":[{"href":"https:\/\/www.clin.rj.gov.br\/SiteCLIN\/index.php?rest_route=\/wp\/v2\/pages\/1564","targetHints":{"allow":["GET"]}}],"collection":[{"href":"https:\/\/www.clin.rj.gov.br\/SiteCLIN\/index.php?rest_route=\/wp\/v2\/pages"}],"about":[{"href":"https:\/\/www.clin.rj.gov.br\/SiteCLIN\/index.php?rest_route=\/wp\/v2\/types\/page"}],"author":[{"embeddable":true,"href":"https:\/\/www.clin.rj.gov.br\/SiteCLIN\/index.php?rest_route=\/wp\/v2\/users\/1"}],"replies":[{"embeddable":true,"href":"https:\/\/www.clin.rj.gov.br\/SiteCLIN\/index.php?rest_route=%2Fwp%2Fv2%2Fcomments&post=1564"}],"version-history":[{"count":34,"href":"https:\/\/www.clin.rj.gov.br\/SiteCLIN\/index.php?rest_route=\/wp\/v2\/pages\/1564\/revisions"}],"predecessor-version":[{"id":3473,"href":"https:\/\/www.clin.rj.gov.br\/SiteCLIN\/index.php?rest_route=\/wp\/v2\/pages\/1564\/revisions\/3473"}],"wp:attachment":[{"href":"https:\/\/www.clin.rj.gov.br\/SiteCLIN\/index.php?rest_route=%2Fwp%2Fv2%2Fmedia&parent=1564"}],"curies":[{"name":"wp","href":"https:\/\/api.w.org\/{rel}","templated":true}]}}