{"id":2894,"date":"2025-09-08T15:38:20","date_gmt":"2025-09-08T18:38:20","guid":{"rendered":"\/SiteCLIN\/?page_id=2894"},"modified":"2025-09-08T16:10:44","modified_gmt":"2025-09-08T19:10:44","slug":"relatorio-gravimetrico","status":"publish","type":"page","link":"https:\/\/www.clin.rj.gov.br\/SiteCLIN\/?page_id=2894","title":{"rendered":"Relat\u00f3rio Gravim\u00e9trico"},"content":{"rendered":"\t\t<div data-elementor-type=\"wp-page\" data-elementor-id=\"2894\" class=\"elementor elementor-2894\" data-elementor-post-type=\"page\">\n\t\t\t\t<div class=\"elementor-element elementor-element-abdf710 e-flex e-con-boxed e-con e-parent\" data-id=\"abdf710\" data-element_type=\"container\" data-settings=\"{&quot;background_background&quot;:&quot;classic&quot;}\">\n\t\t\t\t\t<div class=\"e-con-inner\">\n\t\t<div class=\"elementor-element elementor-element-88d1fb6 e-con-full e-flex e-con e-child\" data-id=\"88d1fb6\" data-element_type=\"container\">\n\t\t\t\t<div class=\"elementor-element elementor-element-8676b54 elementor-widget elementor-widget-image\" data-id=\"8676b54\" data-element_type=\"widget\" data-widget_type=\"image.default\">\n\t\t\t\t<div class=\"elementor-widget-container\">\n\t\t\t\t\t\t\t\t\t\t\t\t\t\t\t<img fetchpriority=\"high\" decoding=\"async\" width=\"671\" height=\"376\" src=\"https:\/\/www.clin.rj.gov.br\/SiteCLIN\/wp-content\/uploads\/2025\/09\/Imagem-do-WhatsApp-de-2025-09-08-as-15.39.59_a8d7e84c.jpg\" class=\"attachment-large size-large wp-image-2897\" alt=\"\" srcset=\"https:\/\/www.clin.rj.gov.br\/SiteCLIN\/wp-content\/uploads\/2025\/09\/Imagem-do-WhatsApp-de-2025-09-08-as-15.39.59_a8d7e84c.jpg 671w, https:\/\/www.clin.rj.gov.br\/SiteCLIN\/wp-content\/uploads\/2025\/09\/Imagem-do-WhatsApp-de-2025-09-08-as-15.39.59_a8d7e84c-300x168.jpg 300w\" sizes=\"(max-width: 671px) 100vw, 671px\" \/>\t\t\t\t\t\t\t\t\t\t\t\t\t\t\t<\/div>\n\t\t\t\t<\/div>\n\t\t\t\t<\/div>\n\t\t<div class=\"elementor-element elementor-element-583808a e-con-full e-flex e-con e-child\" data-id=\"583808a\" data-element_type=\"container\" data-settings=\"{&quot;background_background&quot;:&quot;classic&quot;}\">\n\t\t\t\t<div class=\"elementor-element elementor-element-5442c91 elementor-widget elementor-widget-heading\" data-id=\"5442c91\" data-element_type=\"widget\" data-widget_type=\"heading.default\">\n\t\t\t\t<div class=\"elementor-widget-container\">\n\t\t\t\t\t<h2 class=\"elementor-heading-title elementor-size-default\">Relat\u00f3rio Gravim\u00e9trico<\/h2>\t\t\t\t<\/div>\n\t\t\t\t<\/div>\n\t\t\t\t<\/div>\n\t\t\t\t\t<\/div>\n\t\t\t\t<\/div>\n\t\t<div class=\"elementor-element elementor-element-ad17793 e-flex e-con-boxed e-con e-parent\" data-id=\"ad17793\" data-element_type=\"container\">\n\t\t\t\t\t<div class=\"e-con-inner\">\n\t\t\t\t<div class=\"elementor-element elementor-element-eae799b elementor-widget elementor-widget-heading\" data-id=\"eae799b\" data-element_type=\"widget\" data-widget_type=\"heading.default\">\n\t\t\t\t<div class=\"elementor-widget-container\">\n\t\t\t\t\t<h2 class=\"elementor-heading-title elementor-size-default\">Entenda e Acompanhe os Relat\u00f3rios da Clin<\/h2>\t\t\t\t<\/div>\n\t\t\t\t<\/div>\n\t\t\t\t<div class=\"elementor-element elementor-element-fd215d4 elementor-widget elementor-widget-text-editor\" data-id=\"fd215d4\" data-element_type=\"widget\" data-widget_type=\"text-editor.default\">\n\t\t\t\t<div class=\"elementor-widget-container\">\n\t\t\t\t\t\t\t\t\tA gest\u00e3o dos res\u00edduos s\u00f3lidos \u00e9 um desafio permanente para as cidades e, em Niter\u00f3i, o compromisso com a transpar\u00eancia e a sustentabilidade orienta todas as a\u00e7\u00f5es da Companhia de Limpeza Urbana (CLIN). Com base em estudos t\u00e9cnicos, como a caracteriza\u00e7\u00e3o gravim\u00e9trica, a Prefeitura busca compreender em detalhes o perfil dos res\u00edduos gerados no munic\u00edpio, identificando oportunidades de redu\u00e7\u00e3o, reaproveitamento e melhoria cont\u00ednua dos servi\u00e7os prestados \u00e0 popula\u00e7\u00e3o.\n<br><br>\nNesta p\u00e1gina, disponibilizamos todos os relat\u00f3rios produzidos, de forma aberta e acess\u00edvel, para que cidad\u00e3os, pesquisadores e gestores possam acompanhar a evolu\u00e7\u00e3o das an\u00e1lises e contribuir com uma gest\u00e3o mais participativa.Os documentos permitem avaliar resultados, comparar informa\u00e7\u00f5es entre diferentes per\u00edodos e regi\u00f5es da cidade e fortalecer o di\u00e1logo entre poder p\u00fablico, setor privado e sociedade civil em torno de pr\u00e1ticas ambientais\u00a0respons\u00e1veis.\t\t\t\t\t\t\t\t<\/div>\n\t\t\t\t<\/div>\n\t\t\t\t<div class=\"elementor-element elementor-element-1b6ca2e elementor-widget elementor-widget-heading\" data-id=\"1b6ca2e\" data-element_type=\"widget\" data-widget_type=\"heading.default\">\n\t\t\t\t<div class=\"elementor-widget-container\">\n\t\t\t\t\t<h2 class=\"elementor-heading-title elementor-size-default\">Abaixo est\u00e3o os arquivos para download<\/h2>\t\t\t\t<\/div>\n\t\t\t\t<\/div>\n\t\t\t\t<div class=\"elementor-element elementor-element-567793b elementor-align-center elementor-widget elementor-widget-button\" data-id=\"567793b\" data-element_type=\"widget\" data-widget_type=\"button.default\">\n\t\t\t\t<div class=\"elementor-widget-container\">\n\t\t\t\t\t\t\t\t\t<div class=\"elementor-button-wrapper\">\n\t\t\t\t\t<a class=\"elementor-button elementor-button-link elementor-size-sm\" href=\"https:\/\/www.clin.rj.gov.br\/SiteCLIN\/wp-content\/uploads\/pdfs\/gravimetria-domiciliar-09-25.pdf\">\n\t\t\t\t\t\t<span class=\"elementor-button-content-wrapper\">\n\t\t\t\t\t\t\t\t\t<span class=\"elementor-button-text\">Gravimetria Domiciliar | 09\/2025<\/span>\n\t\t\t\t\t<\/span>\n\t\t\t\t\t<\/a>\n\t\t\t\t<\/div>\n\t\t\t\t\t\t\t\t<\/div>\n\t\t\t\t<\/div>\n\t\t\t\t\t<\/div>\n\t\t\t\t<\/div>\n\t\t\t\t<\/div>\n\t\t","protected":false},"excerpt":{"rendered":"<p>Relat\u00f3rio Gravim\u00e9trico Entenda e Acompanhe os Relat\u00f3rios da Clin A gest\u00e3o dos res\u00edduos s\u00f3lidos \u00e9 um desafio permanente para as cidades e, em Niter\u00f3i, o compromisso com a transpar\u00eancia e a sustentabilidade orienta todas as a\u00e7\u00f5es da Companhia de Limpeza Urbana (CLIN). Com base em estudos t\u00e9cnicos, como a caracteriza\u00e7\u00e3o gravim\u00e9trica, a Prefeitura busca compreender [&hellip;]<\/p>\n","protected":false},"author":1,"featured_media":0,"parent":0,"menu_order":0,"comment_status":"closed","ping_status":"closed","template":"","meta":{"footnotes":""},"class_list":["post-2894","page","type-page","status-publish","hentry"],"_links":{"self":[{"href":"https:\/\/www.clin.rj.gov.br\/SiteCLIN\/index.php?rest_route=\/wp\/v2\/pages\/2894","targetHints":{"allow":["GET"]}}],"collection":[{"href":"https:\/\/www.clin.rj.gov.br\/SiteCLIN\/index.php?rest_route=\/wp\/v2\/pages"}],"about":[{"href":"https:\/\/www.clin.rj.gov.br\/SiteCLIN\/index.php?rest_route=\/wp\/v2\/types\/page"}],"author":[{"embeddable":true,"href":"https:\/\/www.clin.rj.gov.br\/SiteCLIN\/index.php?rest_route=\/wp\/v2\/users\/1"}],"replies":[{"embeddable":true,"href":"https:\/\/www.clin.rj.gov.br\/SiteCLIN\/index.php?rest_route=%2Fwp%2Fv2%2Fcomments&post=2894"}],"version-history":[{"count":22,"href":"https:\/\/www.clin.rj.gov.br\/SiteCLIN\/index.php?rest_route=\/wp\/v2\/pages\/2894\/revisions"}],"predecessor-version":[{"id":2920,"href":"https:\/\/www.clin.rj.gov.br\/SiteCLIN\/index.php?rest_route=\/wp\/v2\/pages\/2894\/revisions\/2920"}],"wp:attachment":[{"href":"https:\/\/www.clin.rj.gov.br\/SiteCLIN\/index.php?rest_route=%2Fwp%2Fv2%2Fmedia&parent=2894"}],"curies":[{"name":"wp","href":"https:\/\/api.w.org\/{rel}","templated":true}]}}