{"id":3827,"date":"2025-11-03T13:57:50","date_gmt":"2025-11-03T16:57:50","guid":{"rendered":"\/SiteCLIN\/?page_id=3827"},"modified":"2025-11-03T14:42:51","modified_gmt":"2025-11-03T17:42:51","slug":"informacoes-bota-fora","status":"publish","type":"page","link":"https:\/\/www.clin.rj.gov.br\/SiteCLIN\/?page_id=3827","title":{"rendered":"Informa\u00e7\u00f5es Bota Fora"},"content":{"rendered":"\t\t<div data-elementor-type=\"wp-page\" data-elementor-id=\"3827\" class=\"elementor elementor-3827\" data-elementor-post-type=\"page\">\n\t\t\t\t<div class=\"elementor-element elementor-element-822a7e7 e-con-full e-flex e-con e-parent\" data-id=\"822a7e7\" data-element_type=\"container\" data-settings=\"{&quot;background_background&quot;:&quot;classic&quot;}\">\n\t\t<div class=\"elementor-element elementor-element-056f2b3 e-flex e-con-boxed e-con e-child\" data-id=\"056f2b3\" data-element_type=\"container\">\n\t\t\t\t\t<div class=\"e-con-inner\">\n\t\t\t\t<div class=\"elementor-element elementor-element-ecb16c4 elementor-widget elementor-widget-heading\" data-id=\"ecb16c4\" data-element_type=\"widget\" data-widget_type=\"heading.default\">\n\t\t\t\t<div class=\"elementor-widget-container\">\n\t\t\t\t\t<h2 class=\"elementor-heading-title elementor-size-default\">Bota Fora<\/h2>\t\t\t\t<\/div>\n\t\t\t\t<\/div>\n\t\t\t\t<div class=\"elementor-element elementor-element-4aeaae4 elementor-widget__width-initial elementor-widget elementor-widget-heading\" data-id=\"4aeaae4\" data-element_type=\"widget\" data-widget_type=\"heading.default\">\n\t\t\t\t<div class=\"elementor-widget-container\">\n\t\t\t\t\t<h2 class=\"elementor-heading-title elementor-size-default\">\u00c9 um servi\u00e7o da CLIN que refor\u00e7a o compromisso com o cuidado urbano e o meio ambiente.\nLevamos mais limpeza, bem-estar e consci\u00eancia ambiental aos bairros de Niter\u00f3i, incentivando atitudes respons\u00e1veis no descarte de materiais.<\/h2>\t\t\t\t<\/div>\n\t\t\t\t<\/div>\n\t\t\t\t\t<\/div>\n\t\t\t\t<\/div>\n\t\t\t\t<\/div>\n\t\t<div class=\"elementor-element elementor-element-f77fc7d e-con-full e-flex e-con e-parent\" data-id=\"f77fc7d\" data-element_type=\"container\">\n\t\t<div class=\"elementor-element elementor-element-0b63452 e-flex e-con-boxed e-con e-child\" data-id=\"0b63452\" data-element_type=\"container\">\n\t\t\t\t\t<div class=\"e-con-inner\">\n\t\t<div class=\"elementor-element elementor-element-4a6850d e-flex e-con-boxed e-con e-child\" data-id=\"4a6850d\" data-element_type=\"container\">\n\t\t\t\t\t<div class=\"e-con-inner\">\n\t\t<div class=\"elementor-element elementor-element-090b1a2 e-con-full e-flex e-con e-child\" data-id=\"090b1a2\" data-element_type=\"container\">\n\t\t\t\t<div class=\"elementor-element elementor-element-77dd282 elementor-widget__width-initial elementor-widget elementor-widget-heading\" data-id=\"77dd282\" data-element_type=\"widget\" data-widget_type=\"heading.default\">\n\t\t\t\t<div class=\"elementor-widget-container\">\n\t\t\t\t\t<h2 class=\"elementor-heading-title elementor-size-default\"><p style=\"font-size: 32px;\">\n  O projeto <strong>Bota Fora<\/strong> refor\u00e7a o compromisso da CLIN com uma Niter\u00f3i mais limpa, sustent\u00e1vel e consciente.<br><br>\n<\/p>\nA iniciativa estimula a popula\u00e7\u00e3o a dar o destino correto aos materiais que j\u00e1 n\u00e3o t\u00eam mais uso, evitando o descarte irregular e contribuindo para a preserva\u00e7\u00e3o dos nossos espa\u00e7os p\u00fablicos e da natureza.<br><br>\n\nParticipe!\nO Bota Fora <strong>acontece toda \u00faltima quarta-feira do m\u00eas, passando por dois pontos fixos:<br>\nPiratininga (no Jacar\u00e9 e na Ciclovia) e Jurujuba (no Campo do Flamenguinho).<\/strong><br><br>\n\nFa\u00e7a sua parte. Juntos, cuidamos do nosso bairro e da nossa cidade.<\/h2>\t\t\t\t<\/div>\n\t\t\t\t<\/div>\n\t\t\t\t<\/div>\n\t\t<div class=\"elementor-element elementor-element-caa2fcc e-con-full e-flex e-con e-child\" data-id=\"caa2fcc\" data-element_type=\"container\">\n\t\t\t\t<div class=\"elementor-element elementor-element-521efbe elementor-widget elementor-widget-image\" data-id=\"521efbe\" data-element_type=\"widget\" data-widget_type=\"image.default\">\n\t\t\t\t<div class=\"elementor-widget-container\">\n\t\t\t\t\t\t\t\t\t\t\t\t\t\t\t<img fetchpriority=\"high\" decoding=\"async\" width=\"1458\" height=\"1349\" src=\"https:\/\/www.clin.rj.gov.br\/SiteCLIN\/wp-content\/uploads\/2025\/11\/esse.png\" class=\"attachment-full size-full wp-image-3866\" alt=\"\" srcset=\"https:\/\/www.clin.rj.gov.br\/SiteCLIN\/wp-content\/uploads\/2025\/11\/esse.png 1458w, https:\/\/www.clin.rj.gov.br\/SiteCLIN\/wp-content\/uploads\/2025\/11\/esse-300x278.png 300w, https:\/\/www.clin.rj.gov.br\/SiteCLIN\/wp-content\/uploads\/2025\/11\/esse-1024x947.png 1024w, https:\/\/www.clin.rj.gov.br\/SiteCLIN\/wp-content\/uploads\/2025\/11\/esse-768x711.png 768w\" sizes=\"(max-width: 1458px) 100vw, 1458px\" \/>\t\t\t\t\t\t\t\t\t\t\t\t\t\t\t<\/div>\n\t\t\t\t<\/div>\n\t\t\t\t<\/div>\n\t\t\t\t\t<\/div>\n\t\t\t\t<\/div>\n\t\t\t\t\t<\/div>\n\t\t\t\t<\/div>\n\t\t\t\t<\/div>\n\t\t<div class=\"elementor-element elementor-element-1db889e e-flex e-con-boxed e-con e-parent\" data-id=\"1db889e\" data-element_type=\"container\">\n\t\t\t\t\t<div class=\"e-con-inner\">\n\t\t\t\t<div class=\"elementor-element elementor-element-775602a elementor-align-justify elementor-widget__width-initial elementor-widget elementor-widget-button\" data-id=\"775602a\" data-element_type=\"widget\" data-widget_type=\"button.default\">\n\t\t\t\t<div class=\"elementor-widget-container\">\n\t\t\t\t\t\t\t\t\t<div class=\"elementor-button-wrapper\">\n\t\t\t\t\t<a class=\"elementor-button elementor-button-link elementor-size-sm elementor-animation-grow\" href=\"https:\/\/www.clin.rj.gov.br\/SiteCLIN\/?page_id=17\">\n\t\t\t\t\t\t<span class=\"elementor-button-content-wrapper\">\n\t\t\t\t\t\t\t\t\t<span class=\"elementor-button-text\">VOLTAR<\/span>\n\t\t\t\t\t<\/span>\n\t\t\t\t\t<\/a>\n\t\t\t\t<\/div>\n\t\t\t\t\t\t\t\t<\/div>\n\t\t\t\t<\/div>\n\t\t\t\t\t<\/div>\n\t\t\t\t<\/div>\n\t\t<div class=\"elementor-element elementor-element-f5e3b0c e-flex e-con-boxed e-con e-parent\" data-id=\"f5e3b0c\" data-element_type=\"container\">\n\t\t\t\t\t<div class=\"e-con-inner\">\n\t\t\t\t\t<\/div>\n\t\t\t\t<\/div>\n\t\t\t\t<\/div>\n\t\t","protected":false},"excerpt":{"rendered":"<p>Bota Fora \u00c9 um servi\u00e7o da CLIN que refor\u00e7a o compromisso com o cuidado urbano e o meio ambiente. Levamos mais limpeza, bem-estar e consci\u00eancia ambiental aos bairros de Niter\u00f3i, incentivando atitudes respons\u00e1veis no descarte de materiais. O projeto Bota Fora refor\u00e7a o compromisso da CLIN com uma Niter\u00f3i mais limpa, sustent\u00e1vel e consciente. A [&hellip;]<\/p>\n","protected":false},"author":1,"featured_media":0,"parent":0,"menu_order":0,"comment_status":"closed","ping_status":"closed","template":"","meta":{"footnotes":""},"class_list":["post-3827","page","type-page","status-publish","hentry"],"_links":{"self":[{"href":"https:\/\/www.clin.rj.gov.br\/SiteCLIN\/index.php?rest_route=\/wp\/v2\/pages\/3827","targetHints":{"allow":["GET"]}}],"collection":[{"href":"https:\/\/www.clin.rj.gov.br\/SiteCLIN\/index.php?rest_route=\/wp\/v2\/pages"}],"about":[{"href":"https:\/\/www.clin.rj.gov.br\/SiteCLIN\/index.php?rest_route=\/wp\/v2\/types\/page"}],"author":[{"embeddable":true,"href":"https:\/\/www.clin.rj.gov.br\/SiteCLIN\/index.php?rest_route=\/wp\/v2\/users\/1"}],"replies":[{"embeddable":true,"href":"https:\/\/www.clin.rj.gov.br\/SiteCLIN\/index.php?rest_route=%2Fwp%2Fv2%2Fcomments&post=3827"}],"version-history":[{"count":52,"href":"https:\/\/www.clin.rj.gov.br\/SiteCLIN\/index.php?rest_route=\/wp\/v2\/pages\/3827\/revisions"}],"predecessor-version":[{"id":3884,"href":"https:\/\/www.clin.rj.gov.br\/SiteCLIN\/index.php?rest_route=\/wp\/v2\/pages\/3827\/revisions\/3884"}],"wp:attachment":[{"href":"https:\/\/www.clin.rj.gov.br\/SiteCLIN\/index.php?rest_route=%2Fwp%2Fv2%2Fmedia&parent=3827"}],"curies":[{"name":"wp","href":"https:\/\/api.w.org\/{rel}","templated":true}]}}