{"id":453,"date":"2025-02-03T16:40:34","date_gmt":"2025-02-03T19:40:34","guid":{"rendered":"\/SiteCLIN\/?page_id=453"},"modified":"2025-12-09T15:07:10","modified_gmt":"2025-12-09T18:07:10","slug":"coleta-domicilar","status":"publish","type":"page","link":"https:\/\/www.clin.rj.gov.br\/SiteCLIN\/?page_id=453","title":{"rendered":"Coleta Domicilar"},"content":{"rendered":"\t\t<div data-elementor-type=\"wp-page\" data-elementor-id=\"453\" class=\"elementor elementor-453\" data-elementor-post-type=\"page\">\n\t\t\t\t<div class=\"elementor-element elementor-element-b5a0aba e-flex e-con-boxed e-con e-parent\" data-id=\"b5a0aba\" data-element_type=\"container\" data-settings=\"{&quot;background_background&quot;:&quot;classic&quot;}\">\n\t\t\t\t\t<div class=\"e-con-inner\">\n\t\t<div class=\"elementor-element elementor-element-a9ebbb0 e-con-full e-flex e-con e-child\" data-id=\"a9ebbb0\" data-element_type=\"container\">\n\t\t\t\t<div class=\"elementor-element elementor-element-9531fd1 elementor-widget elementor-widget-image\" data-id=\"9531fd1\" data-element_type=\"widget\" data-widget_type=\"image.default\">\n\t\t\t\t<div class=\"elementor-widget-container\">\n\t\t\t\t\t\t\t\t\t\t\t\t\t\t\t<img fetchpriority=\"high\" decoding=\"async\" width=\"800\" height=\"448\" src=\"https:\/\/www.clin.rj.gov.br\/SiteCLIN\/wp-content\/uploads\/2025\/02\/coleta-domiciliar.png\" class=\"attachment-large size-large wp-image-357\" alt=\"\" \/>\t\t\t\t\t\t\t\t\t\t\t\t\t\t\t<\/div>\n\t\t\t\t<\/div>\n\t\t\t\t<\/div>\n\t\t<div class=\"elementor-element elementor-element-02edd07 e-con-full e-flex e-con e-child\" data-id=\"02edd07\" data-element_type=\"container\" data-settings=\"{&quot;background_background&quot;:&quot;classic&quot;}\">\n\t\t\t\t<div class=\"elementor-element elementor-element-182e171 elementor-widget elementor-widget-heading\" data-id=\"182e171\" data-element_type=\"widget\" data-widget_type=\"heading.default\">\n\t\t\t\t<div class=\"elementor-widget-container\">\n\t\t\t\t\t<h2 class=\"elementor-heading-title elementor-size-default\">Coleta Domiciliar<\/h2>\t\t\t\t<\/div>\n\t\t\t\t<\/div>\n\t\t\t\t<\/div>\n\t\t\t\t\t<\/div>\n\t\t\t\t<\/div>\n\t\t<div class=\"elementor-element elementor-element-92f6428 e-flex e-con-boxed e-con e-parent\" data-id=\"92f6428\" data-element_type=\"container\">\n\t\t\t\t\t<div class=\"e-con-inner\">\n\t\t\t\t<div class=\"elementor-element elementor-element-9f5d9c7 elementor-widget elementor-widget-text-editor\" data-id=\"9f5d9c7\" data-element_type=\"widget\" data-widget_type=\"text-editor.default\">\n\t\t\t\t<div class=\"elementor-widget-container\">\n\t\t\t\t\t\t\t\t\t<p>A coleta domiciliar convencional consiste no recolhimento dos res\u00edduos s\u00f3lidos com caracter\u00edsticas domiciliares geradas nas resid\u00eancias e nos estabelecimentos comerciais, devidamente acondicionados, e o transporte em ve\u00edculos apropriados, do ponto de gera\u00e7\u00e3o ao local de disposi\u00e7\u00e3o final.<\/p>\n<p>Este servi\u00e7o \u00e9 realizado no munic\u00edpio pela empresa Econit, que possui ve\u00edculos, equipamentos e funcion\u00e1rios pr\u00f3prios para execu\u00e7\u00e3o das atividades. A coleta ocorre de maneira planejada nos 46&nbsp; setores de coleta, com frequ\u00eancia noturna di\u00e1ria e diurna alternada. Os ve\u00edculos coletores percorrem itiner\u00e1rios pr\u00e9-definidos por setor, de segunda a s\u00e1bado, em todas as vias p\u00fablicas oficiais e acess\u00edveis \u00e0 circula\u00e7\u00e3o. A taxa de cobertura da coleta domiciliar alcan\u00e7a 100% dos setores de coleta.<\/p>\n<p><strong>Confira os dias e hor\u00e1rios da coleta domiciliar clicando aqui<\/strong><\/p>\n<p><span style=\"font-weight: bolder;\">Segunda a S\u00e1bado, a partir das 18h<\/span><br>Centro, Icara\u00ed, Santa Rosa, Charitas, Ponta D\u2019Areia, S\u00e3o Louren\u00e7o, F\u00e1tima, Morro do Estado, S\u00e3o Domingos, Ing\u00e1, Boa Viagem, Gragoat\u00e1, P\u00e9 Pequeno, Vital Brasil, Ilha da Concei\u00e7\u00e3o, Jurujuba, Alameda S\u00e3o Boaventura.<\/p>\n<p><strong>Segundas, Quartas e Sextas, das 7h \u00e0s 18h<br><\/strong><span style=\"font-size: 1rem;\">S\u00e3o Francisco, Cachoeiras, Macei\u00f3, Viradouro, Ititioca, Largo da Batalha, Badu, Cantagalo, Cafub\u00e1, Piratininga, Jacar\u00e9, Camboinhas, Itaipu, Itacoatiara, Engenho do Mato.<\/span><\/p>\n<div><strong style=\"font-size: 1rem;\">Ter\u00e7as, Quintas e S\u00e1bados, das 7h \u00e0s 18h<\/strong><\/div>\n<p>Barreto, Engenhoca, Santana, Tenente Jardim, Fonseca, Cubango, Vi\u00e7oso Jardim, Caramujo, Baldeador, Santa B\u00e1rbara, Sap\u00ea, Matapaca, Vila Progresso, Rio D\u2019ouro, V\u00e1rzea das Mo\u00e7as.<\/p>\t\t\t\t\t\t\t\t<\/div>\n\t\t\t\t<\/div>\n\t\t\t\t\t<\/div>\n\t\t\t\t<\/div>\n\t\t<div class=\"elementor-element elementor-element-ea60483 e-flex e-con-boxed e-con e-parent\" data-id=\"ea60483\" data-element_type=\"container\">\n\t\t\t\t\t<div class=\"e-con-inner\">\n\t\t\t\t<div class=\"elementor-element elementor-element-862e1aa elementor-align-center elementor-widget elementor-widget-button\" data-id=\"862e1aa\" data-element_type=\"widget\" data-widget_type=\"button.default\">\n\t\t\t\t<div class=\"elementor-widget-container\">\n\t\t\t\t\t\t\t\t\t<div class=\"elementor-button-wrapper\">\n\t\t\t\t\t<a class=\"elementor-button elementor-button-link elementor-size-sm\" href=\"https:\/\/www.clin.rj.gov.br\/SiteCLIN\/?page_id=17\">\n\t\t\t\t\t\t<span class=\"elementor-button-content-wrapper\">\n\t\t\t\t\t\t\t\t\t<span class=\"elementor-button-text\">Voltar<\/span>\n\t\t\t\t\t<\/span>\n\t\t\t\t\t<\/a>\n\t\t\t\t<\/div>\n\t\t\t\t\t\t\t\t<\/div>\n\t\t\t\t<\/div>\n\t\t\t\t\t<\/div>\n\t\t\t\t<\/div>\n\t\t\t\t<\/div>\n\t\t","protected":false},"excerpt":{"rendered":"<p>Coleta Domiciliar A coleta domiciliar convencional consiste no recolhimento dos res\u00edduos s\u00f3lidos com caracter\u00edsticas domiciliares geradas nas resid\u00eancias e nos estabelecimentos comerciais, devidamente acondicionados, e o transporte em ve\u00edculos apropriados, do ponto de gera\u00e7\u00e3o ao local de disposi\u00e7\u00e3o final. Este servi\u00e7o \u00e9 realizado no munic\u00edpio pela empresa Econit, que possui ve\u00edculos, equipamentos e funcion\u00e1rios pr\u00f3prios [&hellip;]<\/p>\n","protected":false},"author":1,"featured_media":0,"parent":0,"menu_order":0,"comment_status":"closed","ping_status":"closed","template":"","meta":{"footnotes":""},"class_list":["post-453","page","type-page","status-publish","hentry"],"_links":{"self":[{"href":"https:\/\/www.clin.rj.gov.br\/SiteCLIN\/index.php?rest_route=\/wp\/v2\/pages\/453","targetHints":{"allow":["GET"]}}],"collection":[{"href":"https:\/\/www.clin.rj.gov.br\/SiteCLIN\/index.php?rest_route=\/wp\/v2\/pages"}],"about":[{"href":"https:\/\/www.clin.rj.gov.br\/SiteCLIN\/index.php?rest_route=\/wp\/v2\/types\/page"}],"author":[{"embeddable":true,"href":"https:\/\/www.clin.rj.gov.br\/SiteCLIN\/index.php?rest_route=\/wp\/v2\/users\/1"}],"replies":[{"embeddable":true,"href":"https:\/\/www.clin.rj.gov.br\/SiteCLIN\/index.php?rest_route=%2Fwp%2Fv2%2Fcomments&post=453"}],"version-history":[{"count":97,"href":"https:\/\/www.clin.rj.gov.br\/SiteCLIN\/index.php?rest_route=\/wp\/v2\/pages\/453\/revisions"}],"predecessor-version":[{"id":3935,"href":"https:\/\/www.clin.rj.gov.br\/SiteCLIN\/index.php?rest_route=\/wp\/v2\/pages\/453\/revisions\/3935"}],"wp:attachment":[{"href":"https:\/\/www.clin.rj.gov.br\/SiteCLIN\/index.php?rest_route=%2Fwp%2Fv2%2Fmedia&parent=453"}],"curies":[{"name":"wp","href":"https:\/\/api.w.org\/{rel}","templated":true}]}}