{"id":575,"date":"2025-02-04T14:19:24","date_gmt":"2025-02-04T17:19:24","guid":{"rendered":"\/SiteCLIN\/?page_id=575"},"modified":"2026-04-15T10:24:56","modified_gmt":"2026-04-15T13:24:56","slug":"coleta-seletiva","status":"publish","type":"page","link":"https:\/\/www.clin.rj.gov.br\/SiteCLIN\/?page_id=575","title":{"rendered":"Coleta Seletiva"},"content":{"rendered":"\t\t<div data-elementor-type=\"wp-page\" data-elementor-id=\"575\" class=\"elementor elementor-575\" data-elementor-post-type=\"page\">\n\t\t\t\t<div class=\"elementor-element elementor-element-e44c2a5 e-flex e-con-boxed e-con e-parent\" data-id=\"e44c2a5\" data-element_type=\"container\" data-settings=\"{&quot;background_background&quot;:&quot;classic&quot;}\">\n\t\t\t\t\t<div class=\"e-con-inner\">\n\t\t<div class=\"elementor-element elementor-element-bfa5f6c e-con-full e-flex e-con e-child\" data-id=\"bfa5f6c\" data-element_type=\"container\">\n\t\t\t\t<div class=\"elementor-element elementor-element-d7ff751 elementor-widget elementor-widget-image\" data-id=\"d7ff751\" data-element_type=\"widget\" data-widget_type=\"image.default\">\n\t\t\t\t<div class=\"elementor-widget-container\">\n\t\t\t\t\t\t\t\t\t\t\t\t\t\t\t<img fetchpriority=\"high\" decoding=\"async\" width=\"800\" height=\"533\" src=\"https:\/\/www.clin.rj.gov.br\/SiteCLIN\/wp-content\/uploads\/2026\/01\/WhatsApp-Image-2026-01-09-at-11.17.57-1024x682.jpeg\" class=\"attachment-large size-large wp-image-4031\" alt=\"\" srcset=\"https:\/\/www.clin.rj.gov.br\/SiteCLIN\/wp-content\/uploads\/2026\/01\/WhatsApp-Image-2026-01-09-at-11.17.57-1024x682.jpeg 1024w, https:\/\/www.clin.rj.gov.br\/SiteCLIN\/wp-content\/uploads\/2026\/01\/WhatsApp-Image-2026-01-09-at-11.17.57-300x200.jpeg 300w, https:\/\/www.clin.rj.gov.br\/SiteCLIN\/wp-content\/uploads\/2026\/01\/WhatsApp-Image-2026-01-09-at-11.17.57-768x512.jpeg 768w, https:\/\/www.clin.rj.gov.br\/SiteCLIN\/wp-content\/uploads\/2026\/01\/WhatsApp-Image-2026-01-09-at-11.17.57-1536x1023.jpeg 1536w, https:\/\/www.clin.rj.gov.br\/SiteCLIN\/wp-content\/uploads\/2026\/01\/WhatsApp-Image-2026-01-09-at-11.17.57.jpeg 1600w\" sizes=\"(max-width: 800px) 100vw, 800px\" \/>\t\t\t\t\t\t\t\t\t\t\t\t\t\t\t<\/div>\n\t\t\t\t<\/div>\n\t\t\t\t<\/div>\n\t\t<div class=\"elementor-element elementor-element-b5d153b e-con-full e-flex e-con e-child\" data-id=\"b5d153b\" data-element_type=\"container\" data-settings=\"{&quot;background_background&quot;:&quot;classic&quot;}\">\n\t\t\t\t<div class=\"elementor-element elementor-element-acbe7b9 elementor-widget elementor-widget-heading\" data-id=\"acbe7b9\" data-element_type=\"widget\" data-widget_type=\"heading.default\">\n\t\t\t\t<div class=\"elementor-widget-container\">\n\t\t\t\t\t<h2 class=\"elementor-heading-title elementor-size-default\">Coleta Seletiva<\/h2>\t\t\t\t<\/div>\n\t\t\t\t<\/div>\n\t\t\t\t<\/div>\n\t\t\t\t\t<\/div>\n\t\t\t\t<\/div>\n\t\t<div class=\"elementor-element elementor-element-c31a1bd e-flex e-con-boxed e-con e-parent\" data-id=\"c31a1bd\" data-element_type=\"container\">\n\t\t\t\t\t<div class=\"e-con-inner\">\n\t\t\t\t<div class=\"elementor-element elementor-element-f25e225 elementor-widget elementor-widget-text-editor\" data-id=\"f25e225\" data-element_type=\"widget\" data-widget_type=\"text-editor.default\">\n\t\t\t\t<div class=\"elementor-widget-container\">\n\t\t\t\t\t\t\t\t\t<p>A coleta seletiva acontece em toda a cidade de Niter\u00f3i, pioneira neste tipo de servi\u00e7o, iniciado em 1991, por meio do projeto experimental desenvolvido no Condom\u00ednio Grot\u00e3o, em Itaipu. Em 1997, a coleta ganhou infraestrutura, o que permitiu expandir e aprimorar o sistema de recolhimento porta a porta. Atualmente, a Clin oferece diversas modalidades, que conscientizam e contribuem com o meio ambiente. A Companhia \u00e9 respons\u00e1vel pela retirada dos res\u00edduos secos e \u00famidos (at\u00e9 120 litros), gerados na cidade. Para isso, a Empresa vem aumentando as modalidades de coletas.<\/p>\t\t\t\t\t\t\t\t<\/div>\n\t\t\t\t<\/div>\n\t\t\t\t<div class=\"elementor-element elementor-element-6cdebf0 elementor-widget elementor-widget-heading\" data-id=\"6cdebf0\" data-element_type=\"widget\" data-widget_type=\"heading.default\">\n\t\t\t\t<div class=\"elementor-widget-container\">\n\t\t\t\t\t<h2 class=\"elementor-heading-title elementor-size-default\">Tipos de Coleta Seletiva:<\/h2>\t\t\t\t<\/div>\n\t\t\t\t<\/div>\n\t\t\t\t<div class=\"elementor-element elementor-element-b6073ce e-n-tabs-mobile elementor-widget elementor-widget-n-tabs\" data-id=\"b6073ce\" data-element_type=\"widget\" data-settings=\"{&quot;horizontal_scroll&quot;:&quot;disable&quot;}\" data-widget_type=\"nested-tabs.default\">\n\t\t\t\t<div class=\"elementor-widget-container\">\n\t\t\t\t\t\t\t<div class=\"e-n-tabs\" data-widget-number=\"190870478\" aria-label=\"Abas. Abra itens com &quot;Enter&quot; ou &quot;Espa\u00e7o&quot;, feche com &quot;Escape&quot; e navegue usando as teclas de &quot;Seta&quot;.\">\n\t\t\t<div class=\"e-n-tabs-heading\" role=\"tablist\">\n\t\t\t\t\t<button id=\"e-n-tab-title-1908704781\" class=\"e-n-tab-title\" aria-selected=\"true\" data-tab-index=\"1\" role=\"tab\" tabindex=\"0\" aria-controls=\"e-n-tab-content-1908704781\" style=\"--n-tabs-title-order: 1;\">\n\t\t\t\t\t\t<span class=\"e-n-tab-title-text\">\n\t\t\t\tPorta a Porta\t\t\t<\/span>\n\t\t<\/button>\n\t\t\t\t<button id=\"e-n-tab-title-1908704782\" class=\"e-n-tab-title\" aria-selected=\"false\" data-tab-index=\"2\" role=\"tab\" tabindex=\"-1\" aria-controls=\"e-n-tab-content-1908704782\" style=\"--n-tabs-title-order: 2;\">\n\t\t\t\t\t\t<span class=\"e-n-tab-title-text\">\n\t\t\t\tPonto de Entrega Volunt\u00e1ria\t\t\t<\/span>\n\t\t<\/button>\n\t\t\t\t<button id=\"e-n-tab-title-1908704783\" class=\"e-n-tab-title\" aria-selected=\"false\" data-tab-index=\"3\" role=\"tab\" tabindex=\"-1\" aria-controls=\"e-n-tab-content-1908704783\" style=\"--n-tabs-title-order: 3;\">\n\t\t\t\t\t\t<span class=\"e-n-tab-title-text\">\n\t\t\t\tClin Comunidade Sustent\u00e1vel\t\t\t<\/span>\n\t\t<\/button>\n\t\t\t\t<button id=\"e-n-tab-title-1908704784\" class=\"e-n-tab-title\" aria-selected=\"false\" data-tab-index=\"4\" role=\"tab\" tabindex=\"-1\" aria-controls=\"e-n-tab-content-1908704784\" style=\"--n-tabs-title-order: 4;\">\n\t\t\t\t\t\t<span class=\"e-n-tab-title-text\">\n\t\t\t\tRecicla Niter\u00f3i\t\t\t<\/span>\n\t\t<\/button>\n\t\t\t\t<button id=\"e-n-tab-title-1908704785\" class=\"e-n-tab-title\" aria-selected=\"false\" data-tab-index=\"5\" role=\"tab\" tabindex=\"-1\" aria-controls=\"e-n-tab-content-1908704785\" style=\"--n-tabs-title-order: 5;\">\n\t\t\t\t\t\t<span class=\"e-n-tab-title-text\">\n\t\t\t\tOutras Modalidades\t\t\t<\/span>\n\t\t<\/button>\n\t\t\t\t\t<\/div>\n\t\t\t<div class=\"e-n-tabs-content\">\n\t\t\t\t<div id=\"e-n-tab-content-1908704781\" role=\"tabpanel\" aria-labelledby=\"e-n-tab-title-1908704781\" data-tab-index=\"1\" style=\"--n-tabs-title-order: 1;\" class=\"e-active elementor-element elementor-element-6071e8b e-con-full e-flex e-con e-child\" data-id=\"6071e8b\" data-element_type=\"container\">\n\t\t<div class=\"elementor-element elementor-element-f535413 e-flex e-con-boxed e-con e-child\" data-id=\"f535413\" data-element_type=\"container\">\n\t\t\t\t\t<div class=\"e-con-inner\">\n\t\t\t\t<div class=\"elementor-element elementor-element-6592651 elementor-widget elementor-widget-text-editor\" data-id=\"6592651\" data-element_type=\"widget\" data-widget_type=\"text-editor.default\">\n\t\t\t\t<div class=\"elementor-widget-container\">\n\t\t\t\t\t\t\t\t\t<p class=\"gutentor-text\">A coleta seletiva porta a porta \u00e9 realizada pela Clin nos seguintes bairros e hor\u00e1rios, sem necessidade de cadastro pr\u00e9vio:<\/p><p><strong>\u2013 Bairro Peixoto:<\/strong> \u00e0s quintas-feiras, a partir das 9h<\/p><p><strong>\u2013 Camboinhas:<\/strong> \u00e0s ter\u00e7as-feiras, a partir das 9h<\/p><p><strong>\u2013 Charitas, Itaipu e Itacoatiara:<\/strong> \u00e0s quintas-feiras, a partir das 9h<\/p><p><strong>\u2013 S\u00e3o Francisco:\u00a0<\/strong>Desde o t\u00fanel de Icara\u00ed at\u00e9 Avenida Rui Barbosa do lado \u00edmpar: \u00e0s ter\u00e7as-feiras e aos s\u00e1bados, a partir das 9h \/\/ Do lado par da Avenida Rui Barbosa at\u00e9 a Rua Leonel Magalh\u00e3es (altura da R. Dr. Joaquim Peixoto), \u00e0s quintas-feiras, a partir das 9h<\/p><p><strong>\u2013 Santa B\u00e1rbara:<\/strong> \u00e0s segundas-feiras, a partir das 9h<\/p><p>Nos demais endere\u00e7os, \u00e9 necess\u00e1rio fazer um cadastro pelo telefone ou no site da companhia, na aba\u00a0<a href=\"https:\/\/www.clin.rj.gov.br\/SiteCLIN\/home\/transparencia\/ouvidoria\/\" target=\"_blank\" rel=\"noreferrer noopener\">\u201cFale Conosco\u201d<\/a>. Neste caso, a coleta \u00e9 realizada pela concession\u00e1ria Econit, com ve\u00edculos e funcion\u00e1rios pr\u00f3prios. Ser\u00e3o repassadas instru\u00e7\u00f5es sobre o processo correto de separa\u00e7\u00e3o seletiva dos res\u00edduos, al\u00e9m de envio de material informativo. Os recicl\u00e1veis recolhidos s\u00e3o destinados \u00e0 Cooperativa de Catadores do Morro do C\u00e9u.<\/p><p>Em rela\u00e7\u00e3o aos\u00a0<strong>condom\u00ednios<\/strong>, fale com a ouvidoria no telefone (21) 99753-1952 ou acesse <a href=\"https:\/\/www.clin.rj.gov.br\/SiteCLIN\/home\/transparencia\/ouvidoria\/\" target=\"_blank\" rel=\"noreferrer noopener\">esse link<\/a>\u00a0para solicitar a inclus\u00e3o do seu endere\u00e7o. Os colaboradores entrar\u00e3o em contato para agendar uma visita com um representante, onde ser\u00e3o passadas informa\u00e7\u00f5es e dicas, bem como o dia da coleta seletiva no local<\/p>\t\t\t\t\t\t\t\t<\/div>\n\t\t\t\t<\/div>\n\t\t\t\t\t<\/div>\n\t\t\t\t<\/div>\n\t\t\t\t<\/div>\n\t\t<div id=\"e-n-tab-content-1908704782\" role=\"tabpanel\" aria-labelledby=\"e-n-tab-title-1908704782\" data-tab-index=\"2\" style=\"--n-tabs-title-order: 2;\" class=\" elementor-element elementor-element-7800495 e-con-full e-flex e-con e-child\" data-id=\"7800495\" data-element_type=\"container\">\n\t\t\t\t<div class=\"elementor-element elementor-element-a7ae360 elementor-widget elementor-widget-text-editor\" data-id=\"a7ae360\" data-element_type=\"widget\" data-widget_type=\"text-editor.default\">\n\t\t\t\t<div class=\"elementor-widget-container\">\n\t\t\t\t\t\t\t\t\t<div>\n<div>\n<p>Nessa modalidade de coleta, o interessado leva os materiais recicl\u00e1veis aos Pontos de Entrega Volunt\u00e1ria (PEVs).<\/p>\n<p>Os PEVs funcionam&nbsp;<strong>todos os dias \u00fateis<\/strong>, das&nbsp;<strong>8h<\/strong>&nbsp;\u00e0s&nbsp;<strong>16h<\/strong>.<\/p>\n<\/div>\n<\/div>\n<div>\n<div>\n<p><strong>Confira o endere\u00e7o mais perto de voc\u00ea:<\/strong><\/p>\n<\/div>\n<\/div>\n<div aria-hidden=\"true\">&nbsp;<\/div>\n<ul>\n<li><strong>Icara\u00ed<\/strong><br>Rua Jornalista Irineu Marinho, n\u00ba 466, esquina com Avenida Ary Parreiras.<\/li>\n<li><strong>Barreto<\/strong><br>Dentro do Horto do Barreto \u2013 Rua Dr. Luiz Palmier.<\/li>\n<li><strong>Largo da Batalha<br><\/strong>Rua Leonor da Gl\u00f3ria, s\/n\u00ba \u2013 Pendotiba.<\/li>\n<li><strong>Piratininga<\/strong><br>Av. Raul de Oliveira Rodrigues (Antiga Avenida 7, Quadra 172 \u2013 Lot. Cafub\u00e1), s\/n\u00b0.<\/li>\n<li><strong>Itaipu<\/strong><br>Ao lado da esta\u00e7\u00e3o de tratamento de esgoto \u2013 Rua O, s\/n\u00b0.<\/li>\n<li><strong>Santa B\u00e1rbara<br><\/strong>Rua Doutor Luiz Felipe de Moraes Lamego, 490.<\/li>\n<li><strong>Fonseca<\/strong><br>Alameda S\u00e3o Boaventura, 770 (dentro do Horto Bot\u00e2nico).<br>Alameda S\u00e3o Boa Ventura, 467<\/li>\n<\/ul>\n<div>\n<ul style=\"background-color: rgb(255, 255, 255);\">\n<li style=\"font-size: 16px;\"><span style=\"font-weight: bolder;\">Ilha da Concei\u00e7\u00e3o<br><\/span>Centro Social Urbano da Ilha da Concei\u00e7\u00e3o, Rua Jornalista Sardo Filho.<\/li>\n<li style=\"\"><b>Centro<br><\/b>Rua Padre Anchieta, 72<\/li>\n<\/ul>\n<\/div>\t\t\t\t\t\t\t\t<\/div>\n\t\t\t\t<\/div>\n\t\t\t\t<\/div>\n\t\t<div id=\"e-n-tab-content-1908704783\" role=\"tabpanel\" aria-labelledby=\"e-n-tab-title-1908704783\" data-tab-index=\"3\" style=\"--n-tabs-title-order: 3;\" class=\" elementor-element elementor-element-915bbb1 e-con-full e-flex e-con e-child\" data-id=\"915bbb1\" data-element_type=\"container\">\n\t\t\t\t<div class=\"elementor-element elementor-element-571b12f elementor-widget elementor-widget-text-editor\" data-id=\"571b12f\" data-element_type=\"widget\" data-widget_type=\"text-editor.default\">\n\t\t\t\t<div class=\"elementor-widget-container\">\n\t\t\t\t\t\t\t\t\tEssa coleta \u00e9 pioneira em diversos territ\u00f3rios do munic\u00edpio, onde s\u00e3o instalados cont\u00eaineres semienterrados, com capacidade de at\u00e9 5 m\u00b3, conhecidos como Moloks. S\u00e3o instalados no m\u00ednimo dois equipamentos, nas cores marrom e azul, sendo que o primeiro \u00e9 destinado a res\u00edduos de origem org\u00e2nica e o segundo, recicl\u00e1veis secos. Junto aos equipamentos, tamb\u00e9m \u00e9 instalado um cont\u00eainer de 240L para acondicionar\u00a0os\u00a0vidros.\t\t\t\t\t\t\t\t<\/div>\n\t\t\t\t<\/div>\n\t\t\t\t<\/div>\n\t\t<div id=\"e-n-tab-content-1908704784\" role=\"tabpanel\" aria-labelledby=\"e-n-tab-title-1908704784\" data-tab-index=\"4\" style=\"--n-tabs-title-order: 4;\" class=\" elementor-element elementor-element-f4eebf2 e-flex e-con-boxed e-con e-child\" data-id=\"f4eebf2\" data-element_type=\"container\">\n\t\t\t\t\t<div class=\"e-con-inner\">\n\t\t\t\t<div class=\"elementor-element elementor-element-71fb4b7 elementor-widget elementor-widget-text-editor\" data-id=\"71fb4b7\" data-element_type=\"widget\" data-widget_type=\"text-editor.default\">\n\t\t\t\t<div class=\"elementor-widget-container\">\n\t\t\t\t\t\t\t\t\t<p style=\"text-align: left;\">O projeto \u2018Recicla Niter\u00f3i\u2019, al\u00e9m de promover inclus\u00e3o social, qualifica ainda mais o servi\u00e7o de coleta seletiva na cidade. A iniciativa capacita os catadores e os torna cooperativados da Rede Central Niter\u00f3i, contratada pela Clin<br><br> Para isso, a Companhia contou com o apoio da Secretaria Municipal de Assist\u00eancia Social e Direitos Humanos (SASDH), que fez um cadastro com pessoas em situa\u00e7\u00e3o de rua. O \u2018Recicla Niter\u00f3i\u2019 acontece, a princ\u00edpio, no bairro de Icara\u00ed. Muitos cidad\u00e3os elogiam o projeto, mas questionam o porqu\u00ea de n\u00e3o haver em outros bairros. A quest\u00e3o \u00e9 que Icara\u00ed \u00e9 o mais populoso da cidade e est\u00e1 servindo de \u2018laborat\u00f3rio\u2019 para uma expans\u00e3o posterior do programa, que ganha novos horizontes, por meio de parcerias com institui\u00e7\u00f5es privadas de ensino superior. Atualmente, j\u00e1 existem esses contentores nos campus da Universidade LaSalle, em Santa Rosa, e da Universidade Est\u00e1cio de S\u00e1, no Centro, que podem ser utilizados pela comunidade universit\u00e1ria e moradores do entorno.<br><br>Em Icara\u00ed, o projeto ocupa as ruas Ator Paulo Gustavo e Tavares de Macedo, locais com um grande n\u00famero de resid\u00eancia e com\u00e9rcio, que receberam nove contentores de mil litros para acondicionar os res\u00edduos recicl\u00e1veis. Em uma segunda etapa, mais contenedores ocupar\u00e3o as demais ruas do bairro, em pontos estrat\u00e9gicos, ampliando o sistema de conteineriza\u00e7\u00e3o, uma t\u00e9cnica log\u00edstica que consiste em utilizar cont\u00eaineres padronizados.<br>Para o sucesso do programa, h\u00e1 uma participa\u00e7\u00e3o ativa da sociedade civil, que envolve mais de 300 condom\u00ednios e o com\u00e9rcio de Icara\u00ed. Os administradores foram orientados pelos t\u00e9cnicos da Clin sobre como devem proceder para organizar e separar os res\u00edduos org\u00e2nicos e recicl\u00e1veis para as coletas.<br><br>Para o sucesso do programa, h\u00e1 uma participa\u00e7\u00e3o ativa da sociedade civil, que envolve mais de 300 condom\u00ednios e o com\u00e9rcio de Icara\u00ed. Os administradores foram orientados pelos t\u00e9cnicos da Clin sobre como devem proceder para organizar e separar os res\u00edduos org\u00e2nicos e recicl\u00e1veis para as coletas.<\/p>\n<p>Uma dica importante \u00e9 lavar os produtos com \u00e1gua de lavar lou\u00e7as. Outro ponto positivo do programa \u00e9 que, se antes sacos eram rasgados para a coleta de materiais e muitas vezes os detritos eram jogados nas ruas, agora os cooperativados podem trabalhar com dignidade e efici\u00eancia. Uma garantia de maior qualidade dos pr\u00f3prios res\u00edduos para fins de reciclagem.<\/p>\n\n\n<h3>Pontos de Entrega<\/h3>\n<p><b>Rua Tavares de Macedo<\/b>\n<br>Esquina com Ot\u00e1vio Carneiro\n<br>Esquina com \u00c1lvares de Azevedo\n<br>Esquina com Pereira da Silva\n<br>Esquina com Lopes Trov\u00e3o<br><\/p>\n<p><b>Rua Ator Paulo Gustavo<\/b><br>\n<br>Esquina com Rua Miguel de Frias\n<br>Esquina com Presidente Backer\n<br>Esquina com Lopes Trov\u00e3o\n<br>Esquina com Belis\u00e1rio Augusto\n<br>Esquina com Eng. Guilherme Greenhalgh<br><br><\/p>\n<p><b>Universidade Unilasalle<\/b><br>R. Gast\u00e3o Gon\u00e7alves, 79 &#8211; Santa Rosa<br><br><b>Universidade Est\u00e1cio &#8211; Centro<\/b><br>R. da Concei\u00e7\u00e3o, 131 <br><br><\/p>\n<h3><br><\/h3>\t\t\t\t\t\t\t\t<\/div>\n\t\t\t\t<\/div>\n\t\t\t\t\t<\/div>\n\t\t\t\t<\/div>\n\t\t<div id=\"e-n-tab-content-1908704785\" role=\"tabpanel\" aria-labelledby=\"e-n-tab-title-1908704785\" data-tab-index=\"5\" style=\"--n-tabs-title-order: 5;\" class=\" elementor-element elementor-element-31deb95 e-flex e-con-boxed e-con e-child\" data-id=\"31deb95\" data-element_type=\"container\">\n\t\t\t\t\t<div class=\"e-con-inner\">\n\t\t\t\t<div class=\"elementor-element elementor-element-b853567 elementor-widget elementor-widget-text-editor\" data-id=\"b853567\" data-element_type=\"widget\" data-widget_type=\"text-editor.default\">\n\t\t\t\t<div class=\"elementor-widget-container\">\n\t\t\t\t\t\t\t\t\t<p>O servi\u00e7o de coleta seletiva tamb\u00e9m atua junto a unidades escolares do munic\u00edpio, como forma de incentivar a educa\u00e7\u00e3o ambiental. Al\u00e9m disso, a Clin oferece a possibilidade de coleta pontual de res\u00edduos, por solicita\u00e7\u00e3o do contribuinte, para algum tipo de recicl\u00e1vel espec\u00edfico.<\/p>\t\t\t\t\t\t\t\t<\/div>\n\t\t\t\t<\/div>\n\t\t\t\t\t<\/div>\n\t\t\t\t<\/div>\n\t\t\t\t\t<\/div>\n\t\t<\/div>\n\t\t\t\t\t\t<\/div>\n\t\t\t\t<\/div>\n\t\t\t\t<div class=\"elementor-element elementor-element-54abb4a elementor-widget elementor-widget-text-editor\" data-id=\"54abb4a\" data-element_type=\"widget\" data-widget_type=\"text-editor.default\">\n\t\t\t\t<div class=\"elementor-widget-container\">\n\t\t\t\t\t\t\t\t\t<p class=\"gutentor-text\">Confira os res\u00edduos que podem ser entregues para reciclagem:<\/p>\n<p><strong>\u2022 Papel \/ Papel\u00e3o&nbsp;<\/strong>(jornais, revistas, fotoc\u00f3pias, caixas de ovo, envelopes, cartolinas, papel sulfite e de fax, aparas de papel);<\/p>\n<p><strong>\u2022 Pl\u00e1stico&nbsp;<\/strong>(copos, potes de margarina limpos, embalagens pet, tupperware, sacos, sacolas, garrafas, frascos de produtos \u2013 de agrot\u00f3xico n\u00e3o, canos e tubos de PVC, caneta sem tinta, frascos de shampoo, embalagens de produtos de limpeza);<\/p>\n<p><strong>\u2022 Metal&nbsp;<\/strong>(latas, marmitex, cobre, enlatados, chapas, pregos, arames, canos, ferragens, papel alum\u00ednio limpo, tampas de garrafa, panelas sem cabo, sucata de autom\u00f3veis);<\/p>\n<p><strong>\u2022 Vidro&nbsp;<\/strong>Vidro (potes de conserva, copos, embalagens, garrafas, frascos vazios, vidros especiais \u2013 tampas de forno e micro-ondas, cacos)&nbsp;<em>em caso de vidros quebrados, \u00e9 necess\u00e1rio acondicionar dentro de um recipiente maior para evitar acidentes<\/em><\/p>\n<p>\u00c9 fundamental enviar o material recicl\u00e1vel limpo para o melhor aproveitamento no processo de reciclagem.<\/p>\t\t\t\t\t\t\t\t<\/div>\n\t\t\t\t<\/div>\n\t\t\t\t\t<\/div>\n\t\t\t\t<\/div>\n\t\t<div class=\"elementor-element elementor-element-f5e3b0c e-flex e-con-boxed e-con e-parent\" data-id=\"f5e3b0c\" data-element_type=\"container\">\n\t\t\t\t\t<div class=\"e-con-inner\">\n\t\t\t\t<div class=\"elementor-element elementor-element-5215049 elementor-widget elementor-widget-text-editor\" data-id=\"5215049\" data-element_type=\"widget\" data-widget_type=\"text-editor.default\">\n\t\t\t\t<div class=\"elementor-widget-container\">\n\t\t\t\t\t\t\t\t\t<iframe src=\"https:\/\/www.google.com\/maps\/d\/embed?mid=1xclU_KqCPQdpb9wTW6ChKNSn5aMm3B8&#038;ehbc=2E312F\" width=\"640\" height=\"480\"><\/iframe>\t\t\t\t\t\t\t\t<\/div>\n\t\t\t\t<\/div>\n\t\t\t\t\t<\/div>\n\t\t\t\t<\/div>\n\t\t\t\t<\/div>\n\t\t","protected":false},"excerpt":{"rendered":"<p>Coleta Seletiva A coleta seletiva acontece em toda a cidade de Niter\u00f3i, pioneira neste tipo de servi\u00e7o, iniciado em 1991, por meio do projeto experimental desenvolvido no Condom\u00ednio Grot\u00e3o, em Itaipu. Em 1997, a coleta ganhou infraestrutura, o que permitiu expandir e aprimorar o sistema de recolhimento porta a porta. Atualmente, a Clin oferece diversas [&hellip;]<\/p>\n","protected":false},"author":1,"featured_media":0,"parent":0,"menu_order":0,"comment_status":"closed","ping_status":"closed","template":"","meta":{"footnotes":""},"class_list":["post-575","page","type-page","status-publish","hentry"],"_links":{"self":[{"href":"https:\/\/www.clin.rj.gov.br\/SiteCLIN\/index.php?rest_route=\/wp\/v2\/pages\/575","targetHints":{"allow":["GET"]}}],"collection":[{"href":"https:\/\/www.clin.rj.gov.br\/SiteCLIN\/index.php?rest_route=\/wp\/v2\/pages"}],"about":[{"href":"https:\/\/www.clin.rj.gov.br\/SiteCLIN\/index.php?rest_route=\/wp\/v2\/types\/page"}],"author":[{"embeddable":true,"href":"https:\/\/www.clin.rj.gov.br\/SiteCLIN\/index.php?rest_route=\/wp\/v2\/users\/1"}],"replies":[{"embeddable":true,"href":"https:\/\/www.clin.rj.gov.br\/SiteCLIN\/index.php?rest_route=%2Fwp%2Fv2%2Fcomments&post=575"}],"version-history":[{"count":154,"href":"https:\/\/www.clin.rj.gov.br\/SiteCLIN\/index.php?rest_route=\/wp\/v2\/pages\/575\/revisions"}],"predecessor-version":[{"id":4181,"href":"https:\/\/www.clin.rj.gov.br\/SiteCLIN\/index.php?rest_route=\/wp\/v2\/pages\/575\/revisions\/4181"}],"wp:attachment":[{"href":"https:\/\/www.clin.rj.gov.br\/SiteCLIN\/index.php?rest_route=%2Fwp%2Fv2%2Fmedia&parent=575"}],"curies":[{"name":"wp","href":"https:\/\/api.w.org\/{rel}","templated":true}]}}