{"id":587,"date":"2025-02-04T14:28:08","date_gmt":"2025-02-04T17:28:08","guid":{"rendered":"\/SiteCLIN\/?page_id=587"},"modified":"2025-12-09T15:13:35","modified_gmt":"2025-12-09T18:13:35","slug":"limpezas-de-praia","status":"publish","type":"page","link":"https:\/\/www.clin.rj.gov.br\/SiteCLIN\/?page_id=587","title":{"rendered":"LIMPEZAS DE PRAIA"},"content":{"rendered":"\t\t<div data-elementor-type=\"wp-page\" data-elementor-id=\"587\" class=\"elementor elementor-587\" data-elementor-post-type=\"page\">\n\t\t\t\t<div class=\"elementor-element elementor-element-068cfd1 e-flex e-con-boxed e-con e-parent\" data-id=\"068cfd1\" data-element_type=\"container\" data-settings=\"{&quot;background_background&quot;:&quot;classic&quot;}\">\n\t\t\t\t\t<div class=\"e-con-inner\">\n\t\t<div class=\"elementor-element elementor-element-f88a4c5 e-con-full e-flex e-con e-child\" data-id=\"f88a4c5\" data-element_type=\"container\">\n\t\t\t\t<div class=\"elementor-element elementor-element-0ac999e elementor-widget elementor-widget-image\" data-id=\"0ac999e\" data-element_type=\"widget\" data-widget_type=\"image.default\">\n\t\t\t\t<div class=\"elementor-widget-container\">\n\t\t\t\t\t\t\t\t\t\t\t\t\t\t\t<img fetchpriority=\"high\" decoding=\"async\" width=\"800\" height=\"450\" src=\"https:\/\/www.clin.rj.gov.br\/SiteCLIN\/wp-content\/uploads\/2025\/02\/limpando-a-praia.png\" class=\"attachment-large size-large wp-image-411\" alt=\"\" \/>\t\t\t\t\t\t\t\t\t\t\t\t\t\t\t<\/div>\n\t\t\t\t<\/div>\n\t\t\t\t<\/div>\n\t\t<div class=\"elementor-element elementor-element-ad808ab e-con-full e-flex e-con e-child\" data-id=\"ad808ab\" data-element_type=\"container\" data-settings=\"{&quot;background_background&quot;:&quot;classic&quot;}\">\n\t\t\t\t<div class=\"elementor-element elementor-element-81e8564 elementor-widget elementor-widget-heading\" data-id=\"81e8564\" data-element_type=\"widget\" data-widget_type=\"heading.default\">\n\t\t\t\t<div class=\"elementor-widget-container\">\n\t\t\t\t\t<h2 class=\"elementor-heading-title elementor-size-default\">Limpezas de Praias<\/h2>\t\t\t\t<\/div>\n\t\t\t\t<\/div>\n\t\t\t\t<\/div>\n\t\t\t\t\t<\/div>\n\t\t\t\t<\/div>\n\t\t<div class=\"elementor-element elementor-element-bfff558 e-flex e-con-boxed e-con e-parent\" data-id=\"bfff558\" data-element_type=\"container\">\n\t\t\t\t\t<div class=\"e-con-inner\">\n\t\t<div class=\"elementor-element elementor-element-20d62c3 e-con-full e-flex e-con e-child\" data-id=\"20d62c3\" data-element_type=\"container\">\n\t\t\t\t<div class=\"elementor-element elementor-element-d90318f elementor-widget elementor-widget-text-editor\" data-id=\"d90318f\" data-element_type=\"widget\" data-widget_type=\"text-editor.default\">\n\t\t\t\t<div class=\"elementor-widget-container\">\n\t\t\t\t\t\t\t\t\t<div id=\"section-ge2ee5b\" class=\"wp-block-gutentor-e1 section-ge2ee5b gutentor-element gutentor-element-advanced-text text-align-justify-desktop\"><div class=\"gutentor-text-wrap\"><p class=\"gutentor-text\">No munic\u00edpio de Niter\u00f3i pela sua caracter\u00edstica de cidade litor\u00e2nea, a limpeza das praias apresenta bastante visibilidade, sendo as areias das praias mantidas limpas atrav\u00e9s de v\u00e1rias provid\u00eancias complementares entre si:<\/p><\/div><\/div><div class=\"wp-block-spacer\" aria-hidden=\"true\">\u00a0<\/div><div id=\"section-gb61e63\" class=\"wp-block-gutentor-e7 section-gb61e63 gutentor-element gutentor-element-list text-align-left-desktop\"><ul class=\"grid-row gutentor-grid-item-wrap list-indicator-icon\"><li class=\"gutentor-list-item grid-lg-12 grid-md-12 grid-12\"><p class=\"gutentor-single-item-title\"><strong>Evitar sujar:<\/strong>\u00a0s\u00e3o colocados recipientes nas areias e nas cal\u00e7adas junto \u00e0s praias, para que os frequentadores depositem os res\u00edduos produzidos. Campanhas de motiva\u00e7\u00e3o s\u00e3o repetidas a cada temporada ver\u00e3o;<\/p><\/li><li class=\"gutentor-list-item grid-lg-12 grid-md-12 grid-12\"><p class=\"gutentor-single-item-title\"><strong>Limpeza manual superficial:\u00a0<\/strong>realizada diariamente, com uso de ancinhos (em geral com 20 a 25 dentes, espa\u00e7ados em\u00a0 1 cm para ajuntar os detritos), for\u00e7ados de 10 dentes e cestos de tela, sacos pl\u00e1sticos ou cont\u00eaineres para levar os res\u00edduos at\u00e9 um ve\u00edculo compactador ou basculante, que acompanham a turma de limpeza.<\/p><\/li><li class=\"gutentor-list-item grid-lg-12 grid-md-12 grid-12\"><p class=\"gutentor-single-item-title\">Podem ser empregados\u00a0<strong>cont\u00eaineres para acondicionamento do res\u00edduo<\/strong>\u00a0da praia ou recipientes especiais como lat\u00f5es;<\/p><\/li><li class=\"gutentor-list-item grid-lg-12 grid-md-12 grid-12\"><p class=\"gutentor-single-item-title\">Em praias com acesso para os\u00a0<strong>equipamentos s\u00e3o empregados<\/strong>\u00a0tratores agr\u00edcolas, com tra\u00e7\u00e3o nas quatro rodas, os quais acompanham a turma de limpeza na praia e transportam os res\u00edduos at\u00e9 o caminh\u00e3o que trafega na pista junto \u00e0 areia;<\/p><\/li><\/ul><\/div><div class=\"wp-block-spacer\" aria-hidden=\"true\">\u00a0<\/div><div id=\"section-ged9575\" class=\"wp-block-gutentor-e1 section-ged9575 gutentor-element gutentor-element-advanced-text text-align-justify-desktop\"><div class=\"gutentor-text-wrap\"><p class=\"gutentor-text\">No per\u00edodo de menor frequ\u00eancia (noturno), a maioria das praias \u00e9 limpa com m\u00e1quinas que revolvem a areia e a fazem passar por peneira vibrat\u00f3ria, a fim de recolher os detritos menores e promover uma a\u00e7\u00e3o bactericida pela exposi\u00e7\u00e3o das camadas inferiores de areia \u00e0 luz do sol. Para tanto se utiliza m\u00e1quina para limpeza de praias rebocada por trator. O acionamento da m\u00e1quina \u00e9 totalmente mec\u00e2nico. A areia \u00e9 revolvida at\u00e9 a profundidade m\u00e1xima de 10 cm, sendo peneirada, arejada e devolvida \u00e0 praia.<\/p><p>Os servi\u00e7os s\u00e3o realizados de segunda a segunda, por meio da combina\u00e7\u00e3o de atividades manual e mec\u00e2nica e consiste na remo\u00e7\u00e3o de materiais soltos ocorrentes na superf\u00edcie das praias, de forma cont\u00ednua e permanente. Os servi\u00e7os s\u00e3o executados de forma mecanizada, complementadas de maneira manual, definida em fun\u00e7\u00e3o das condi\u00e7\u00f5es locais ao longo da orla. A limpeza mecanizada \u00e9 realizada pela Econit, no per\u00edodo noturno, com ve\u00edculos e equipamentos pr\u00f3prios, composto por trator agr\u00edcola e uma limpadora de praia acoplada. As equipes s\u00e3o organizadas segundo os Distritos de Limpeza urbana \u2013 DLU. A limpeza manual das praias \u00e9 realizada pela Clin com funcion\u00e1rios pr\u00f3prios alocados por Distritos. A equipe \u2013 munida de rastelos, p\u00e1s, sacos pl\u00e1sticos, remover\u00e1 todos os detritos existentes sobre a superf\u00edcie. O material recolhido ser\u00e1 depositado em cestas met\u00e1licas que s\u00e3o destinados para um caminh\u00e3o que auxilia na atividade e transporta os res\u00edduos at\u00e9 o Morro do C\u00e9u.<\/p><\/div><\/div>\t\t\t\t\t\t\t\t<\/div>\n\t\t\t\t<\/div>\n\t\t\t\t<\/div>\n\t\t\t\t\t<\/div>\n\t\t\t\t<\/div>\n\t\t<div class=\"elementor-element elementor-element-ffc09d7 e-flex e-con-boxed e-con e-parent\" data-id=\"ffc09d7\" data-element_type=\"container\">\n\t\t\t\t\t<div class=\"e-con-inner\">\n\t\t\t\t<div class=\"elementor-element elementor-element-faae018 elementor-align-center elementor-widget elementor-widget-button\" data-id=\"faae018\" data-element_type=\"widget\" data-widget_type=\"button.default\">\n\t\t\t\t<div class=\"elementor-widget-container\">\n\t\t\t\t\t\t\t\t\t<div class=\"elementor-button-wrapper\">\n\t\t\t\t\t<a class=\"elementor-button elementor-button-link elementor-size-sm\" href=\"https:\/\/www.clin.rj.gov.br\/SiteCLIN\/?page_id=17\">\n\t\t\t\t\t\t<span class=\"elementor-button-content-wrapper\">\n\t\t\t\t\t\t\t\t\t<span class=\"elementor-button-text\">Voltar<\/span>\n\t\t\t\t\t<\/span>\n\t\t\t\t\t<\/a>\n\t\t\t\t<\/div>\n\t\t\t\t\t\t\t\t<\/div>\n\t\t\t\t<\/div>\n\t\t\t\t\t<\/div>\n\t\t\t\t<\/div>\n\t\t\t\t<\/div>\n\t\t","protected":false},"excerpt":{"rendered":"<p>Limpezas de Praias No munic\u00edpio de Niter\u00f3i pela sua caracter\u00edstica de cidade litor\u00e2nea, a limpeza das praias apresenta bastante visibilidade, sendo as areias das praias mantidas limpas atrav\u00e9s de v\u00e1rias provid\u00eancias complementares entre si: \u00a0 Evitar sujar:\u00a0s\u00e3o colocados recipientes nas areias e nas cal\u00e7adas junto \u00e0s praias, para que os frequentadores depositem os res\u00edduos produzidos. [&hellip;]<\/p>\n","protected":false},"author":1,"featured_media":0,"parent":0,"menu_order":0,"comment_status":"closed","ping_status":"closed","template":"","meta":{"footnotes":""},"class_list":["post-587","page","type-page","status-publish","hentry"],"_links":{"self":[{"href":"https:\/\/www.clin.rj.gov.br\/SiteCLIN\/index.php?rest_route=\/wp\/v2\/pages\/587","targetHints":{"allow":["GET"]}}],"collection":[{"href":"https:\/\/www.clin.rj.gov.br\/SiteCLIN\/index.php?rest_route=\/wp\/v2\/pages"}],"about":[{"href":"https:\/\/www.clin.rj.gov.br\/SiteCLIN\/index.php?rest_route=\/wp\/v2\/types\/page"}],"author":[{"embeddable":true,"href":"https:\/\/www.clin.rj.gov.br\/SiteCLIN\/index.php?rest_route=\/wp\/v2\/users\/1"}],"replies":[{"embeddable":true,"href":"https:\/\/www.clin.rj.gov.br\/SiteCLIN\/index.php?rest_route=%2Fwp%2Fv2%2Fcomments&post=587"}],"version-history":[{"count":22,"href":"https:\/\/www.clin.rj.gov.br\/SiteCLIN\/index.php?rest_route=\/wp\/v2\/pages\/587\/revisions"}],"predecessor-version":[{"id":3953,"href":"https:\/\/www.clin.rj.gov.br\/SiteCLIN\/index.php?rest_route=\/wp\/v2\/pages\/587\/revisions\/3953"}],"wp:attachment":[{"href":"https:\/\/www.clin.rj.gov.br\/SiteCLIN\/index.php?rest_route=%2Fwp%2Fv2%2Fmedia&parent=587"}],"curies":[{"name":"wp","href":"https:\/\/api.w.org\/{rel}","templated":true}]}}