{"id":613,"date":"2025-02-04T14:38:18","date_gmt":"2025-02-04T17:38:18","guid":{"rendered":"\/SiteCLIN\/?page_id=613"},"modified":"2025-12-09T15:14:10","modified_gmt":"2025-12-09T18:14:10","slug":"coleta-de-residuos-de-saude","status":"publish","type":"page","link":"https:\/\/www.clin.rj.gov.br\/SiteCLIN\/?page_id=613","title":{"rendered":"Coleta de Res\u00edduos de Sa\u00fade\u200b"},"content":{"rendered":"\t\t<div data-elementor-type=\"wp-page\" data-elementor-id=\"613\" class=\"elementor elementor-613\" data-elementor-post-type=\"page\">\n\t\t\t\t<div class=\"elementor-element elementor-element-23a5f66 e-flex e-con-boxed e-con e-parent\" data-id=\"23a5f66\" data-element_type=\"container\" data-settings=\"{&quot;background_background&quot;:&quot;classic&quot;}\">\n\t\t\t\t\t<div class=\"e-con-inner\">\n\t\t<div class=\"elementor-element elementor-element-3e3c1ef e-con-full e-flex e-con e-child\" data-id=\"3e3c1ef\" data-element_type=\"container\">\n\t\t\t\t<div class=\"elementor-element elementor-element-e96c9be elementor-widget elementor-widget-image\" data-id=\"e96c9be\" data-element_type=\"widget\" data-widget_type=\"image.default\">\n\t\t\t\t<div class=\"elementor-widget-container\">\n\t\t\t\t\t\t\t\t\t\t\t\t\t\t\t<img fetchpriority=\"high\" decoding=\"async\" width=\"800\" height=\"450\" src=\"https:\/\/www.clin.rj.gov.br\/SiteCLIN\/wp-content\/uploads\/2025\/02\/coleta-de-residuos.png\" class=\"attachment-large size-large wp-image-412\" alt=\"\" \/>\t\t\t\t\t\t\t\t\t\t\t\t\t\t\t<\/div>\n\t\t\t\t<\/div>\n\t\t\t\t<\/div>\n\t\t<div class=\"elementor-element elementor-element-1115ab8 e-con-full e-flex e-con e-child\" data-id=\"1115ab8\" data-element_type=\"container\" data-settings=\"{&quot;background_background&quot;:&quot;classic&quot;}\">\n\t\t\t\t<div class=\"elementor-element elementor-element-809396f elementor-widget elementor-widget-heading\" data-id=\"809396f\" data-element_type=\"widget\" data-widget_type=\"heading.default\">\n\t\t\t\t<div class=\"elementor-widget-container\">\n\t\t\t\t\t<h2 class=\"elementor-heading-title elementor-size-default\">Coleta de Res\u00edduos de Sa\u00fade\n<\/h2>\t\t\t\t<\/div>\n\t\t\t\t<\/div>\n\t\t\t\t<\/div>\n\t\t\t\t\t<\/div>\n\t\t\t\t<\/div>\n\t\t<div class=\"elementor-element elementor-element-765d276 e-flex e-con-boxed e-con e-parent\" data-id=\"765d276\" data-element_type=\"container\">\n\t\t\t\t\t<div class=\"e-con-inner\">\n\t\t\t\t<div class=\"elementor-element elementor-element-08a9e09 elementor-widget elementor-widget-text-editor\" data-id=\"08a9e09\" data-element_type=\"widget\" data-widget_type=\"text-editor.default\">\n\t\t\t\t<div class=\"elementor-widget-container\">\n\t\t\t\t\t\t\t\t\t<p>A Companhia Municipal de Limpeza Urbana de Niter\u00f3i (Clin) \u00e9 respons\u00e1vel pela coleta de res\u00edduos de sa\u00fade gerados por hospitais e outros pr\u00e9dios p\u00fablicos municipais. J\u00e1 os estabelecimentos particulares que necessitam desse servi\u00e7o devem contratar empresas certificadas para a coleta e destina\u00e7\u00e3o correta desse tipo de res\u00edduo.<\/p><p>Benef\u00edcios da Coleta Adequada de Res\u00edduos de Sa\u00fade<\/p>\t\t\t\t\t\t\t\t<\/div>\n\t\t\t\t<\/div>\n\t\t\t\t<div class=\"elementor-element elementor-element-05a589f elementor-widget elementor-widget-text-editor\" data-id=\"05a589f\" data-element_type=\"widget\" data-widget_type=\"text-editor.default\">\n\t\t\t\t<div class=\"elementor-widget-container\">\n\t\t\t\t\t\t\t\t\t<table>\n    <thead>\n        <tr>\n            <th>Benef\u00edcio<\/th>\n            <th>Descri\u00e7\u00e3o<\/th>\n        <\/tr>\n    <\/thead>\n    <tbody>\n        <tr>\n            <td>Seguran\u00e7a sanit\u00e1ria<\/td>\n            <td>Reduz riscos de contamina\u00e7\u00e3o e prolifera\u00e7\u00e3o de doen\u00e7as.<\/td>\n        <\/tr>\n        <tr>\n            <td>Prote\u00e7\u00e3o ambiental<\/td>\n            <td>Garante o descarte correto, evitando impactos negativos na natureza.<\/td>\n        <\/tr>\n        <tr>\n            <td>Conformidade legal<\/td>\n            <td>Atende \u00e0s normas sanit\u00e1rias e ambientais, evitando penalidades.<\/td>\n        <\/tr>\n        <tr>\n            <td>Bem-estar da popula\u00e7\u00e3o<\/td>\n            <td>Contribui para a sa\u00fade p\u00fablica ao manter o ambiente limpo e seguro.<\/td>\n        <\/tr>\n    <\/tbody>\n<\/table>\n\t\t\t\t\t\t\t\t<\/div>\n\t\t\t\t<\/div>\n\t\t\t\t\t<\/div>\n\t\t\t\t<\/div>\n\t\t<div class=\"elementor-element elementor-element-721a3d7 e-flex e-con-boxed e-con e-parent\" data-id=\"721a3d7\" data-element_type=\"container\">\n\t\t\t\t\t<div class=\"e-con-inner\">\n\t\t\t\t<div class=\"elementor-element elementor-element-e9f9343 elementor-align-center elementor-widget elementor-widget-button\" data-id=\"e9f9343\" data-element_type=\"widget\" data-widget_type=\"button.default\">\n\t\t\t\t<div class=\"elementor-widget-container\">\n\t\t\t\t\t\t\t\t\t<div class=\"elementor-button-wrapper\">\n\t\t\t\t\t<a class=\"elementor-button elementor-button-link elementor-size-sm\" href=\"https:\/\/www.clin.rj.gov.br\/SiteCLIN\/?page_id=17\">\n\t\t\t\t\t\t<span class=\"elementor-button-content-wrapper\">\n\t\t\t\t\t\t\t\t\t<span class=\"elementor-button-text\">Voltar<\/span>\n\t\t\t\t\t<\/span>\n\t\t\t\t\t<\/a>\n\t\t\t\t<\/div>\n\t\t\t\t\t\t\t\t<\/div>\n\t\t\t\t<\/div>\n\t\t\t\t\t<\/div>\n\t\t\t\t<\/div>\n\t\t\t\t<\/div>\n\t\t","protected":false},"excerpt":{"rendered":"<p>Coleta de Res\u00edduos de Sa\u00fade A Companhia Municipal de Limpeza Urbana de Niter\u00f3i (Clin) \u00e9 respons\u00e1vel pela coleta de res\u00edduos de sa\u00fade gerados por hospitais e outros pr\u00e9dios p\u00fablicos municipais. J\u00e1 os estabelecimentos particulares que necessitam desse servi\u00e7o devem contratar empresas certificadas para a coleta e destina\u00e7\u00e3o correta desse tipo de res\u00edduo. Benef\u00edcios da Coleta [&hellip;]<\/p>\n","protected":false},"author":1,"featured_media":0,"parent":0,"menu_order":0,"comment_status":"closed","ping_status":"closed","template":"","meta":{"footnotes":""},"class_list":["post-613","page","type-page","status-publish","hentry"],"_links":{"self":[{"href":"https:\/\/www.clin.rj.gov.br\/SiteCLIN\/index.php?rest_route=\/wp\/v2\/pages\/613","targetHints":{"allow":["GET"]}}],"collection":[{"href":"https:\/\/www.clin.rj.gov.br\/SiteCLIN\/index.php?rest_route=\/wp\/v2\/pages"}],"about":[{"href":"https:\/\/www.clin.rj.gov.br\/SiteCLIN\/index.php?rest_route=\/wp\/v2\/types\/page"}],"author":[{"embeddable":true,"href":"https:\/\/www.clin.rj.gov.br\/SiteCLIN\/index.php?rest_route=\/wp\/v2\/users\/1"}],"replies":[{"embeddable":true,"href":"https:\/\/www.clin.rj.gov.br\/SiteCLIN\/index.php?rest_route=%2Fwp%2Fv2%2Fcomments&post=613"}],"version-history":[{"count":31,"href":"https:\/\/www.clin.rj.gov.br\/SiteCLIN\/index.php?rest_route=\/wp\/v2\/pages\/613\/revisions"}],"predecessor-version":[{"id":3956,"href":"https:\/\/www.clin.rj.gov.br\/SiteCLIN\/index.php?rest_route=\/wp\/v2\/pages\/613\/revisions\/3956"}],"wp:attachment":[{"href":"https:\/\/www.clin.rj.gov.br\/SiteCLIN\/index.php?rest_route=%2Fwp%2Fv2%2Fmedia&parent=613"}],"curies":[{"name":"wp","href":"https:\/\/api.w.org\/{rel}","templated":true}]}}