{"id":628,"date":"2025-02-04T14:52:48","date_gmt":"2025-02-04T17:52:48","guid":{"rendered":"\/SiteCLIN\/?page_id=628"},"modified":"2025-12-09T15:25:22","modified_gmt":"2025-12-09T18:25:22","slug":"lixo-eletronico","status":"publish","type":"page","link":"https:\/\/www.clin.rj.gov.br\/SiteCLIN\/?page_id=628","title":{"rendered":"Lixo Eletr\u00f4nico"},"content":{"rendered":"\t\t<div data-elementor-type=\"wp-page\" data-elementor-id=\"628\" class=\"elementor elementor-628\" data-elementor-post-type=\"page\">\n\t\t\t\t<div class=\"elementor-element elementor-element-6dd0220 e-flex e-con-boxed e-con e-parent\" data-id=\"6dd0220\" data-element_type=\"container\" data-settings=\"{&quot;background_background&quot;:&quot;classic&quot;}\">\n\t\t\t\t\t<div class=\"e-con-inner\">\n\t\t<div class=\"elementor-element elementor-element-6afd4df e-con-full e-flex e-con e-child\" data-id=\"6afd4df\" data-element_type=\"container\">\n\t\t\t\t<div class=\"elementor-element elementor-element-23abe64 elementor-widget elementor-widget-image\" data-id=\"23abe64\" data-element_type=\"widget\" data-widget_type=\"image.default\">\n\t\t\t\t<div class=\"elementor-widget-container\">\n\t\t\t\t\t\t\t\t\t\t\t\t\t\t\t<img fetchpriority=\"high\" decoding=\"async\" width=\"800\" height=\"448\" src=\"https:\/\/www.clin.rj.gov.br\/SiteCLIN\/wp-content\/uploads\/2025\/02\/lixo-eletronico.png\" class=\"attachment-large size-large wp-image-407\" alt=\"\" \/>\t\t\t\t\t\t\t\t\t\t\t\t\t\t\t<\/div>\n\t\t\t\t<\/div>\n\t\t\t\t<\/div>\n\t\t<div class=\"elementor-element elementor-element-73c0327 e-con-full e-flex e-con e-child\" data-id=\"73c0327\" data-element_type=\"container\" data-settings=\"{&quot;background_background&quot;:&quot;classic&quot;}\">\n\t\t\t\t<div class=\"elementor-element elementor-element-7412884 elementor-widget elementor-widget-heading\" data-id=\"7412884\" data-element_type=\"widget\" data-widget_type=\"heading.default\">\n\t\t\t\t<div class=\"elementor-widget-container\">\n\t\t\t\t\t<h2 class=\"elementor-heading-title elementor-size-default\">Lixo Eletr\u00f4nico<\/h2>\t\t\t\t<\/div>\n\t\t\t\t<\/div>\n\t\t\t\t<\/div>\n\t\t\t\t\t<\/div>\n\t\t\t\t<\/div>\n\t\t<div class=\"elementor-element elementor-element-759942c e-flex e-con-boxed e-con e-parent\" data-id=\"759942c\" data-element_type=\"container\">\n\t\t\t\t\t<div class=\"e-con-inner\">\n\t\t\t\t<div class=\"elementor-element elementor-element-a526c2e elementor-widget elementor-widget-heading\" data-id=\"a526c2e\" data-element_type=\"widget\" data-widget_type=\"heading.default\">\n\t\t\t\t<div class=\"elementor-widget-container\">\n\t\t\t\t\t<h2 class=\"elementor-heading-title elementor-size-default\">Projeto Lixo Eletr\u00f4nico na cidade de Niter\u00f3i<\/h2>\t\t\t\t<\/div>\n\t\t\t\t<\/div>\n\t\t\t\t<div class=\"elementor-element elementor-element-aa0d692 elementor-widget elementor-widget-text-editor\" data-id=\"aa0d692\" data-element_type=\"widget\" data-widget_type=\"text-editor.default\">\n\t\t\t\t<div class=\"elementor-widget-container\">\n\t\t\t\t\t\t\t\t\t<p>A Clin recebe eletroeletr\u00f4nicos nos pontos do programa Ecoclin. Esta \u00e9 mais uma iniciativa para incentivar e refor\u00e7ar a pr\u00e1tica da coleta seletiva na cidade.\n\nVoc\u00ea pode conferir os endere\u00e7os dos PEVs\n<a href=\"https:\/\/www.clin.rj.gov.br\/SiteCLIN\/?page_id=575\" >clicando aqui.<\/a>\n<\/p>\n\n<p> Al\u00e9m disso, voc\u00ea pode solicitar uma coleta seletiva \u00fanica para recolhimento do seu res\u00edduo. Entre em contato atrav\u00e9s do  0800 367 9100 ou Whatsapp: (21) 99753-1952<\/p>\t\t\t\t\t\t\t\t<\/div>\n\t\t\t\t<\/div>\n\t\t\t\t\t<\/div>\n\t\t\t\t<\/div>\n\t\t<div class=\"elementor-element elementor-element-765cb3c e-con-full e-flex e-con e-parent\" data-id=\"765cb3c\" data-element_type=\"container\">\n\t\t\t\t<div class=\"elementor-element elementor-element-28f2c47 elementor-align-center elementor-widget elementor-widget-button\" data-id=\"28f2c47\" data-element_type=\"widget\" data-widget_type=\"button.default\">\n\t\t\t\t<div class=\"elementor-widget-container\">\n\t\t\t\t\t\t\t\t\t<div class=\"elementor-button-wrapper\">\n\t\t\t\t\t<a class=\"elementor-button elementor-button-link elementor-size-sm\" href=\"https:\/\/www.clin.rj.gov.br\/SiteCLIN\/?page_id=17\">\n\t\t\t\t\t\t<span class=\"elementor-button-content-wrapper\">\n\t\t\t\t\t\t\t\t\t<span class=\"elementor-button-text\">Voltar<\/span>\n\t\t\t\t\t<\/span>\n\t\t\t\t\t<\/a>\n\t\t\t\t<\/div>\n\t\t\t\t\t\t\t\t<\/div>\n\t\t\t\t<\/div>\n\t\t\t\t<\/div>\n\t\t\t\t<\/div>\n\t\t","protected":false},"excerpt":{"rendered":"<p>Lixo Eletr\u00f4nico Projeto Lixo Eletr\u00f4nico na cidade de Niter\u00f3i A Clin recebe eletroeletr\u00f4nicos nos pontos do programa Ecoclin. Esta \u00e9 mais uma iniciativa para incentivar e refor\u00e7ar a pr\u00e1tica da coleta seletiva na cidade. Voc\u00ea pode conferir os endere\u00e7os dos PEVs clicando aqui. Al\u00e9m disso, voc\u00ea pode solicitar uma coleta seletiva \u00fanica para recolhimento do [&hellip;]<\/p>\n","protected":false},"author":1,"featured_media":0,"parent":0,"menu_order":0,"comment_status":"closed","ping_status":"closed","template":"","meta":{"footnotes":""},"class_list":["post-628","page","type-page","status-publish","hentry"],"_links":{"self":[{"href":"https:\/\/www.clin.rj.gov.br\/SiteCLIN\/index.php?rest_route=\/wp\/v2\/pages\/628","targetHints":{"allow":["GET"]}}],"collection":[{"href":"https:\/\/www.clin.rj.gov.br\/SiteCLIN\/index.php?rest_route=\/wp\/v2\/pages"}],"about":[{"href":"https:\/\/www.clin.rj.gov.br\/SiteCLIN\/index.php?rest_route=\/wp\/v2\/types\/page"}],"author":[{"embeddable":true,"href":"https:\/\/www.clin.rj.gov.br\/SiteCLIN\/index.php?rest_route=\/wp\/v2\/users\/1"}],"replies":[{"embeddable":true,"href":"https:\/\/www.clin.rj.gov.br\/SiteCLIN\/index.php?rest_route=%2Fwp%2Fv2%2Fcomments&post=628"}],"version-history":[{"count":47,"href":"https:\/\/www.clin.rj.gov.br\/SiteCLIN\/index.php?rest_route=\/wp\/v2\/pages\/628\/revisions"}],"predecessor-version":[{"id":3977,"href":"https:\/\/www.clin.rj.gov.br\/SiteCLIN\/index.php?rest_route=\/wp\/v2\/pages\/628\/revisions\/3977"}],"wp:attachment":[{"href":"https:\/\/www.clin.rj.gov.br\/SiteCLIN\/index.php?rest_route=%2Fwp%2Fv2%2Fmedia&parent=628"}],"curies":[{"name":"wp","href":"https:\/\/api.w.org\/{rel}","templated":true}]}}