{"id":646,"date":"2025-02-04T15:17:22","date_gmt":"2025-02-04T18:17:22","guid":{"rendered":"\/SiteCLIN\/?page_id=646"},"modified":"2025-09-22T14:08:10","modified_gmt":"2025-09-22T17:08:10","slug":"sanitizacao","status":"publish","type":"page","link":"https:\/\/www.clin.rj.gov.br\/SiteCLIN\/?page_id=646","title":{"rendered":"Sanitiza\u00e7\u00e3o"},"content":{"rendered":"\t\t<div data-elementor-type=\"wp-page\" data-elementor-id=\"646\" class=\"elementor elementor-646\" data-elementor-post-type=\"page\">\n\t\t\t\t<div class=\"elementor-element elementor-element-7652603 e-flex e-con-boxed e-con e-parent\" data-id=\"7652603\" data-element_type=\"container\" data-settings=\"{&quot;background_background&quot;:&quot;classic&quot;}\">\n\t\t\t\t\t<div class=\"e-con-inner\">\n\t\t<div class=\"elementor-element elementor-element-98ae4dd e-con-full e-flex e-con e-child\" data-id=\"98ae4dd\" data-element_type=\"container\">\n\t\t\t\t<div class=\"elementor-element elementor-element-3d6b33a elementor-widget elementor-widget-image\" data-id=\"3d6b33a\" data-element_type=\"widget\" data-widget_type=\"image.default\">\n\t\t\t\t<div class=\"elementor-widget-container\">\n\t\t\t\t\t\t\t\t\t\t\t\t\t\t\t<img fetchpriority=\"high\" decoding=\"async\" width=\"800\" height=\"450\" src=\"https:\/\/www.clin.rj.gov.br\/SiteCLIN\/wp-content\/uploads\/2025\/02\/Sanitizacao-Clin.png\" class=\"attachment-large size-large wp-image-413\" alt=\"\" \/>\t\t\t\t\t\t\t\t\t\t\t\t\t\t\t<\/div>\n\t\t\t\t<\/div>\n\t\t\t\t<\/div>\n\t\t<div class=\"elementor-element elementor-element-053d014 e-con-full e-flex e-con e-child\" data-id=\"053d014\" data-element_type=\"container\" data-settings=\"{&quot;background_background&quot;:&quot;classic&quot;}\">\n\t\t\t\t<div class=\"elementor-element elementor-element-bd70390 elementor-widget elementor-widget-heading\" data-id=\"bd70390\" data-element_type=\"widget\" data-widget_type=\"heading.default\">\n\t\t\t\t<div class=\"elementor-widget-container\">\n\t\t\t\t\t<h2 class=\"elementor-heading-title elementor-size-default\">Sanitiza\u00e7\u00e3o<\/h2>\t\t\t\t<\/div>\n\t\t\t\t<\/div>\n\t\t\t\t<\/div>\n\t\t\t\t\t<\/div>\n\t\t\t\t<\/div>\n\t\t<div class=\"elementor-element elementor-element-be53f1f e-flex e-con-boxed e-con e-parent\" data-id=\"be53f1f\" data-element_type=\"container\">\n\t\t\t\t\t<div class=\"e-con-inner\">\n\t\t\t\t<div class=\"elementor-element elementor-element-e250e85 elementor-widget elementor-widget-text-editor\" data-id=\"e250e85\" data-element_type=\"widget\" data-widget_type=\"text-editor.default\">\n\t\t\t\t<div class=\"elementor-widget-container\">\n\t\t\t\t\t\t\t\t\tDurante a pandemia de Covid-19, a Clin promoveu a\u00e7\u00f5es de sanitiza\u00e7\u00e3o em ruas e espa\u00e7os p\u00fablicos de Niter\u00f3i. Para esse trabalho, foram empregados sais de quatern\u00e1rio de am\u00f4nio de quinta gera\u00e7\u00e3o, subst\u00e2ncia que cria uma pel\u00edcula protetora capaz de eliminar v\u00edrus, bact\u00e9rias e fungos das superf\u00edcies, constituindo uma medida eficaz de preven\u00e7\u00e3o e enfrentamento da doen\u00e7a no munic\u00edpio.\n\nAtualmente, a lavagem das vias permanece sendo realizada de forma regular, sempre com a utiliza\u00e7\u00e3o de \u00e1gua de re\u00faso e produtos que asseguram maior efici\u00eancia nos servi\u00e7os de\u00a0limpeza\u00a0urbana.\t\t\t\t\t\t\t\t<\/div>\n\t\t\t\t<\/div>\n\t\t\t\t\t<\/div>\n\t\t\t\t<\/div>\n\t\t<div class=\"elementor-element elementor-element-1dc05ed e-flex e-con-boxed e-con e-parent\" data-id=\"1dc05ed\" data-element_type=\"container\">\n\t\t\t\t\t<div class=\"e-con-inner\">\n\t\t\t\t<div class=\"elementor-element elementor-element-d158b41 elementor-align-center elementor-widget elementor-widget-button\" data-id=\"d158b41\" data-element_type=\"widget\" data-widget_type=\"button.default\">\n\t\t\t\t<div class=\"elementor-widget-container\">\n\t\t\t\t\t\t\t\t\t<div class=\"elementor-button-wrapper\">\n\t\t\t\t\t<a class=\"elementor-button elementor-button-link elementor-size-sm\" href=\"https:\/\/www.clin.rj.gov.br\/SiteCLIN\/?page_id=17\">\n\t\t\t\t\t\t<span class=\"elementor-button-content-wrapper\">\n\t\t\t\t\t\t\t\t\t<span class=\"elementor-button-text\">Voltar<\/span>\n\t\t\t\t\t<\/span>\n\t\t\t\t\t<\/a>\n\t\t\t\t<\/div>\n\t\t\t\t\t\t\t\t<\/div>\n\t\t\t\t<\/div>\n\t\t\t\t\t<\/div>\n\t\t\t\t<\/div>\n\t\t\t\t<\/div>\n\t\t","protected":false},"excerpt":{"rendered":"<p>Sanitiza\u00e7\u00e3o Durante a pandemia de Covid-19, a Clin promoveu a\u00e7\u00f5es de sanitiza\u00e7\u00e3o em ruas e espa\u00e7os p\u00fablicos de Niter\u00f3i. Para esse trabalho, foram empregados sais de quatern\u00e1rio de am\u00f4nio de quinta gera\u00e7\u00e3o, subst\u00e2ncia que cria uma pel\u00edcula protetora capaz de eliminar v\u00edrus, bact\u00e9rias e fungos das superf\u00edcies, constituindo uma medida eficaz de preven\u00e7\u00e3o e enfrentamento [&hellip;]<\/p>\n","protected":false},"author":1,"featured_media":0,"parent":0,"menu_order":0,"comment_status":"closed","ping_status":"closed","template":"","meta":{"footnotes":""},"class_list":["post-646","page","type-page","status-publish","hentry"],"_links":{"self":[{"href":"https:\/\/www.clin.rj.gov.br\/SiteCLIN\/index.php?rest_route=\/wp\/v2\/pages\/646","targetHints":{"allow":["GET"]}}],"collection":[{"href":"https:\/\/www.clin.rj.gov.br\/SiteCLIN\/index.php?rest_route=\/wp\/v2\/pages"}],"about":[{"href":"https:\/\/www.clin.rj.gov.br\/SiteCLIN\/index.php?rest_route=\/wp\/v2\/types\/page"}],"author":[{"embeddable":true,"href":"https:\/\/www.clin.rj.gov.br\/SiteCLIN\/index.php?rest_route=\/wp\/v2\/users\/1"}],"replies":[{"embeddable":true,"href":"https:\/\/www.clin.rj.gov.br\/SiteCLIN\/index.php?rest_route=%2Fwp%2Fv2%2Fcomments&post=646"}],"version-history":[{"count":31,"href":"https:\/\/www.clin.rj.gov.br\/SiteCLIN\/index.php?rest_route=\/wp\/v2\/pages\/646\/revisions"}],"predecessor-version":[{"id":3444,"href":"https:\/\/www.clin.rj.gov.br\/SiteCLIN\/index.php?rest_route=\/wp\/v2\/pages\/646\/revisions\/3444"}],"wp:attachment":[{"href":"https:\/\/www.clin.rj.gov.br\/SiteCLIN\/index.php?rest_route=%2Fwp%2Fv2%2Fmedia&parent=646"}],"curies":[{"name":"wp","href":"https:\/\/api.w.org\/{rel}","templated":true}]}}