{"id":678,"date":"2025-02-04T15:11:11","date_gmt":"2025-02-04T18:11:11","guid":{"rendered":"\/SiteCLIN\/?page_id=678"},"modified":"2025-12-09T15:12:23","modified_gmt":"2025-12-09T18:12:23","slug":"varricao-manual-e-mecanizada","status":"publish","type":"page","link":"https:\/\/www.clin.rj.gov.br\/SiteCLIN\/?page_id=678","title":{"rendered":"Varri\u00e7\u00e3o Manual e Mecanizada"},"content":{"rendered":"\t\t<div data-elementor-type=\"wp-page\" data-elementor-id=\"678\" class=\"elementor elementor-678\" data-elementor-post-type=\"page\">\n\t\t\t\t<div class=\"elementor-element elementor-element-b36dcd1 e-flex e-con-boxed e-con e-parent\" data-id=\"b36dcd1\" data-element_type=\"container\" data-settings=\"{&quot;background_background&quot;:&quot;classic&quot;}\">\n\t\t\t\t\t<div class=\"e-con-inner\">\n\t\t<div class=\"elementor-element elementor-element-daae318 e-con-full e-flex e-con e-child\" data-id=\"daae318\" data-element_type=\"container\">\n\t\t\t\t<div class=\"elementor-element elementor-element-eeef210 elementor-widget elementor-widget-image\" data-id=\"eeef210\" data-element_type=\"widget\" data-widget_type=\"image.default\">\n\t\t\t\t<div class=\"elementor-widget-container\">\n\t\t\t\t\t\t\t\t\t\t\t\t\t\t\t<img fetchpriority=\"high\" decoding=\"async\" width=\"800\" height=\"450\" src=\"https:\/\/www.clin.rj.gov.br\/SiteCLIN\/wp-content\/uploads\/2025\/02\/varricao-icarai.png\" class=\"attachment-large size-large wp-image-408\" alt=\"\" \/>\t\t\t\t\t\t\t\t\t\t\t\t\t\t\t<\/div>\n\t\t\t\t<\/div>\n\t\t\t\t<\/div>\n\t\t<div class=\"elementor-element elementor-element-26b1e42 e-con-full e-flex e-con e-child\" data-id=\"26b1e42\" data-element_type=\"container\" data-settings=\"{&quot;background_background&quot;:&quot;classic&quot;}\">\n\t\t\t\t<div class=\"elementor-element elementor-element-5c87992 elementor-widget elementor-widget-heading\" data-id=\"5c87992\" data-element_type=\"widget\" data-widget_type=\"heading.default\">\n\t\t\t\t<div class=\"elementor-widget-container\">\n\t\t\t\t\t<h2 class=\"elementor-heading-title elementor-size-default\">Varri\u00e7\u00e3o Manual e Mecanizada<\/h2>\t\t\t\t<\/div>\n\t\t\t\t<\/div>\n\t\t\t\t<\/div>\n\t\t\t\t\t<\/div>\n\t\t\t\t<\/div>\n\t\t<div class=\"elementor-element elementor-element-570c1c8 e-flex e-con-boxed e-con e-parent\" data-id=\"570c1c8\" data-element_type=\"container\">\n\t\t\t\t\t<div class=\"e-con-inner\">\n\t\t\t\t<div class=\"elementor-element elementor-element-2b1330b elementor-widget__width-initial elementor-widget elementor-widget-text-editor\" data-id=\"2b1330b\" data-element_type=\"widget\" data-widget_type=\"text-editor.default\">\n\t\t\t\t<div class=\"elementor-widget-container\">\n\t\t\t\t\t\t\t\t\t<p>Os servi\u00e7os de varri\u00e7\u00e3o manual s\u00e3o realizados diariamente por equipes de garis da Clin, divididas por 14 Distritos de Limpeza Urbana (DLU). Os res\u00edduos coletados s\u00e3o armazenados em sacos pl\u00e1sticos para a posterior coleta pelo caminh\u00e3o e envio para o Centro de Tratamento de Res\u00edduos (CTR) do Morro C\u00e9u, que est\u00e1 licenciado para receber.<\/p><p>A varri\u00e7\u00e3o mecanizada \u00e9 realizada pela Econit de acordo com roteiros espec\u00edficos, com emprego de pessoal e maquin\u00e1rio pr\u00f3prio, sendo utilizadas varredeiras autopropelidas.<\/p>\t\t\t\t\t\t\t\t<\/div>\n\t\t\t\t<\/div>\n\t\t\t\t\t<\/div>\n\t\t\t\t<\/div>\n\t\t<div class=\"elementor-element elementor-element-519d2eb e-flex e-con-boxed e-con e-parent\" data-id=\"519d2eb\" data-element_type=\"container\">\n\t\t\t\t\t<div class=\"e-con-inner\">\n\t\t\t\t<div class=\"elementor-element elementor-element-91812e2 elementor-align-center elementor-widget elementor-widget-button\" data-id=\"91812e2\" data-element_type=\"widget\" data-widget_type=\"button.default\">\n\t\t\t\t<div class=\"elementor-widget-container\">\n\t\t\t\t\t\t\t\t\t<div class=\"elementor-button-wrapper\">\n\t\t\t\t\t<a class=\"elementor-button elementor-button-link elementor-size-sm\" href=\"https:\/\/www.clin.rj.gov.br\/SiteCLIN\/?page_id=17\">\n\t\t\t\t\t\t<span class=\"elementor-button-content-wrapper\">\n\t\t\t\t\t\t\t\t\t<span class=\"elementor-button-text\">Voltar<\/span>\n\t\t\t\t\t<\/span>\n\t\t\t\t\t<\/a>\n\t\t\t\t<\/div>\n\t\t\t\t\t\t\t\t<\/div>\n\t\t\t\t<\/div>\n\t\t\t\t\t<\/div>\n\t\t\t\t<\/div>\n\t\t<div class=\"elementor-element elementor-element-b0f0f32 e-flex e-con-boxed e-con e-parent\" data-id=\"b0f0f32\" data-element_type=\"container\">\n\t\t\t\t\t<div class=\"e-con-inner\">\n\t\t<div class=\"elementor-element elementor-element-d3ed523 e-con-full e-flex e-con e-child\" data-id=\"d3ed523\" data-element_type=\"container\">\n\t\t\t\t<\/div>\n\t\t\t\t\t<\/div>\n\t\t\t\t<\/div>\n\t\t\t\t<\/div>\n\t\t","protected":false},"excerpt":{"rendered":"<p>Varri\u00e7\u00e3o Manual e Mecanizada Os servi\u00e7os de varri\u00e7\u00e3o manual s\u00e3o realizados diariamente por equipes de garis da Clin, divididas por 14 Distritos de Limpeza Urbana (DLU). Os res\u00edduos coletados s\u00e3o armazenados em sacos pl\u00e1sticos para a posterior coleta pelo caminh\u00e3o e envio para o Centro de Tratamento de Res\u00edduos (CTR) do Morro C\u00e9u, que est\u00e1 [&hellip;]<\/p>\n","protected":false},"author":1,"featured_media":0,"parent":0,"menu_order":0,"comment_status":"closed","ping_status":"closed","template":"","meta":{"footnotes":""},"class_list":["post-678","page","type-page","status-publish","hentry"],"_links":{"self":[{"href":"https:\/\/www.clin.rj.gov.br\/SiteCLIN\/index.php?rest_route=\/wp\/v2\/pages\/678","targetHints":{"allow":["GET"]}}],"collection":[{"href":"https:\/\/www.clin.rj.gov.br\/SiteCLIN\/index.php?rest_route=\/wp\/v2\/pages"}],"about":[{"href":"https:\/\/www.clin.rj.gov.br\/SiteCLIN\/index.php?rest_route=\/wp\/v2\/types\/page"}],"author":[{"embeddable":true,"href":"https:\/\/www.clin.rj.gov.br\/SiteCLIN\/index.php?rest_route=\/wp\/v2\/users\/1"}],"replies":[{"embeddable":true,"href":"https:\/\/www.clin.rj.gov.br\/SiteCLIN\/index.php?rest_route=%2Fwp%2Fv2%2Fcomments&post=678"}],"version-history":[{"count":28,"href":"https:\/\/www.clin.rj.gov.br\/SiteCLIN\/index.php?rest_route=\/wp\/v2\/pages\/678\/revisions"}],"predecessor-version":[{"id":3947,"href":"https:\/\/www.clin.rj.gov.br\/SiteCLIN\/index.php?rest_route=\/wp\/v2\/pages\/678\/revisions\/3947"}],"wp:attachment":[{"href":"https:\/\/www.clin.rj.gov.br\/SiteCLIN\/index.php?rest_route=%2Fwp%2Fv2%2Fmedia&parent=678"}],"curies":[{"name":"wp","href":"https:\/\/api.w.org\/{rel}","templated":true}]}}