{"id":686,"date":"2025-02-04T15:16:42","date_gmt":"2025-02-04T18:16:42","guid":{"rendered":"\/SiteCLIN\/?page_id=686"},"modified":"2025-12-09T15:13:01","modified_gmt":"2025-12-09T18:13:01","slug":"limpeza-dos-bueiros","status":"publish","type":"page","link":"https:\/\/www.clin.rj.gov.br\/SiteCLIN\/?page_id=686","title":{"rendered":"Limpeza dos Bueiros"},"content":{"rendered":"\t\t<div data-elementor-type=\"wp-page\" data-elementor-id=\"686\" class=\"elementor elementor-686\" data-elementor-post-type=\"page\">\n\t\t\t\t<div class=\"elementor-element elementor-element-20604f4 e-flex e-con-boxed e-con e-parent\" data-id=\"20604f4\" data-element_type=\"container\" data-settings=\"{&quot;background_background&quot;:&quot;classic&quot;}\">\n\t\t\t\t\t<div class=\"e-con-inner\">\n\t\t<div class=\"elementor-element elementor-element-3523e60 e-con-full e-flex e-con e-child\" data-id=\"3523e60\" data-element_type=\"container\">\n\t\t\t\t<div class=\"elementor-element elementor-element-b5ab254 elementor-widget elementor-widget-image\" data-id=\"b5ab254\" data-element_type=\"widget\" data-widget_type=\"image.default\">\n\t\t\t\t<div class=\"elementor-widget-container\">\n\t\t\t\t\t\t\t\t\t\t\t\t\t\t\t<img fetchpriority=\"high\" decoding=\"async\" width=\"800\" height=\"450\" src=\"https:\/\/www.clin.rj.gov.br\/SiteCLIN\/wp-content\/uploads\/2025\/02\/bueiro.png\" class=\"attachment-large size-large wp-image-409\" alt=\"\" \/>\t\t\t\t\t\t\t\t\t\t\t\t\t\t\t<\/div>\n\t\t\t\t<\/div>\n\t\t\t\t<\/div>\n\t\t<div class=\"elementor-element elementor-element-8bf6b61 e-con-full e-flex e-con e-child\" data-id=\"8bf6b61\" data-element_type=\"container\" data-settings=\"{&quot;background_background&quot;:&quot;classic&quot;}\">\n\t\t\t\t<div class=\"elementor-element elementor-element-d8adffc elementor-widget elementor-widget-heading\" data-id=\"d8adffc\" data-element_type=\"widget\" data-widget_type=\"heading.default\">\n\t\t\t\t<div class=\"elementor-widget-container\">\n\t\t\t\t\t<h2 class=\"elementor-heading-title elementor-size-default\">Limpeza de Bueiros<\/h2>\t\t\t\t<\/div>\n\t\t\t\t<\/div>\n\t\t\t\t<\/div>\n\t\t\t\t\t<\/div>\n\t\t\t\t<\/div>\n\t\t<div class=\"elementor-element elementor-element-f1ce697 e-flex e-con-boxed e-con e-parent\" data-id=\"f1ce697\" data-element_type=\"container\">\n\t\t\t\t\t<div class=\"e-con-inner\">\n\t\t\t\t<div class=\"elementor-element elementor-element-04ea8e2 elementor-widget elementor-widget-text-editor\" data-id=\"04ea8e2\" data-element_type=\"widget\" data-widget_type=\"text-editor.default\">\n\t\t\t\t<div class=\"elementor-widget-container\">\n\t\t\t\t\t\t\t\t\t<p>A Clin realiza regularmente a limpeza de caixas e ralos de bueiros, garantindo o eficiente escoamento das \u00e1guas pluviais e prevenindo alagamentos, especialmente em per\u00edodos de chuvas intensas. Esse servi\u00e7o \u00e9 essencial para manter a cidade segura, mas a colabora\u00e7\u00e3o da popula\u00e7\u00e3o tamb\u00e9m \u00e9 fundamental.<br \/>Estudos apontam que at\u00e9 80% dos entupimentos em bueiros s\u00e3o causados pelo descarte inadequado de res\u00edduos. Para evitar esse problema, \u00e9 indispens\u00e1vel que todos fa\u00e7am o descarte correto do lixo e respeitem o prazo m\u00e1ximo de uma hora de anteced\u00eancia para colocar os res\u00edduos na cal\u00e7ada. Com essa atitude simples, contribu\u00edmos para uma cidade mais limpa, segura e livre de alagamentos.<\/p>\t\t\t\t\t\t\t\t<\/div>\n\t\t\t\t<\/div>\n\t\t\t\t<div class=\"elementor-element elementor-element-ab85afb elementor-widget elementor-widget-text-editor\" data-id=\"ab85afb\" data-element_type=\"widget\" data-widget_type=\"text-editor.default\">\n\t\t\t\t<div class=\"elementor-widget-container\">\n\t\t\t\t\t\t\t\t\t<table>\n    <thead>\n        <tr>\n            <th>A\u00e7\u00e3o<\/th>\n            <th>Benef\u00edcio<\/th>\n        <\/tr>\n    <\/thead>\n    <tbody>\n        <tr>\n            <td>Descartar o lixo corretamente<\/td>\n            <td>Evita entupimentos e melhora o funcionamento do sistema de drenagem.<\/td>\n        <\/tr>\n        <tr>\n            <td>Respeitar o hor\u00e1rio de coleta<\/td>\n            <td>Impede que res\u00edduos sejam levados pela chuva para os bueiros.<\/td>\n        <\/tr>\n        <tr>\n            <td>N\u00e3o jogar res\u00edduos nas ruas<\/td>\n            <td>Reduz impactos ambientais e melhora a limpeza urbana.<\/td>\n        <\/tr>\n        <tr>\n            <td>Conscientizar vizinhos e familiares<\/td>\n            <td>Multiplica os efeitos positivos para toda a cidade.<\/td>\n        <\/tr>\n    <\/tbody>\n<\/table>\n\t\t\t\t\t\t\t\t<\/div>\n\t\t\t\t<\/div>\n\t\t\t\t\t<\/div>\n\t\t\t\t<\/div>\n\t\t<div class=\"elementor-element elementor-element-fcac3f7 e-flex e-con-boxed e-con e-parent\" data-id=\"fcac3f7\" data-element_type=\"container\">\n\t\t\t\t\t<div class=\"e-con-inner\">\n\t\t\t\t<div class=\"elementor-element elementor-element-29d1f95 elementor-align-center elementor-widget elementor-widget-button\" data-id=\"29d1f95\" data-element_type=\"widget\" data-widget_type=\"button.default\">\n\t\t\t\t<div class=\"elementor-widget-container\">\n\t\t\t\t\t\t\t\t\t<div class=\"elementor-button-wrapper\">\n\t\t\t\t\t<a class=\"elementor-button elementor-button-link elementor-size-sm\" href=\"https:\/\/www.clin.rj.gov.br\/SiteCLIN\/?page_id=17\">\n\t\t\t\t\t\t<span class=\"elementor-button-content-wrapper\">\n\t\t\t\t\t\t\t\t\t<span class=\"elementor-button-text\">Voltar<\/span>\n\t\t\t\t\t<\/span>\n\t\t\t\t\t<\/a>\n\t\t\t\t<\/div>\n\t\t\t\t\t\t\t\t<\/div>\n\t\t\t\t<\/div>\n\t\t\t\t\t<\/div>\n\t\t\t\t<\/div>\n\t\t\t\t<\/div>\n\t\t","protected":false},"excerpt":{"rendered":"<p>Limpeza de Bueiros A Clin realiza regularmente a limpeza de caixas e ralos de bueiros, garantindo o eficiente escoamento das \u00e1guas pluviais e prevenindo alagamentos, especialmente em per\u00edodos de chuvas intensas. Esse servi\u00e7o \u00e9 essencial para manter a cidade segura, mas a colabora\u00e7\u00e3o da popula\u00e7\u00e3o tamb\u00e9m \u00e9 fundamental.Estudos apontam que at\u00e9 80% dos entupimentos em [&hellip;]<\/p>\n","protected":false},"author":1,"featured_media":0,"parent":0,"menu_order":0,"comment_status":"closed","ping_status":"closed","template":"","meta":{"footnotes":""},"class_list":["post-686","page","type-page","status-publish","hentry"],"_links":{"self":[{"href":"https:\/\/www.clin.rj.gov.br\/SiteCLIN\/index.php?rest_route=\/wp\/v2\/pages\/686","targetHints":{"allow":["GET"]}}],"collection":[{"href":"https:\/\/www.clin.rj.gov.br\/SiteCLIN\/index.php?rest_route=\/wp\/v2\/pages"}],"about":[{"href":"https:\/\/www.clin.rj.gov.br\/SiteCLIN\/index.php?rest_route=\/wp\/v2\/types\/page"}],"author":[{"embeddable":true,"href":"https:\/\/www.clin.rj.gov.br\/SiteCLIN\/index.php?rest_route=\/wp\/v2\/users\/1"}],"replies":[{"embeddable":true,"href":"https:\/\/www.clin.rj.gov.br\/SiteCLIN\/index.php?rest_route=%2Fwp%2Fv2%2Fcomments&post=686"}],"version-history":[{"count":38,"href":"https:\/\/www.clin.rj.gov.br\/SiteCLIN\/index.php?rest_route=\/wp\/v2\/pages\/686\/revisions"}],"predecessor-version":[{"id":3950,"href":"https:\/\/www.clin.rj.gov.br\/SiteCLIN\/index.php?rest_route=\/wp\/v2\/pages\/686\/revisions\/3950"}],"wp:attachment":[{"href":"https:\/\/www.clin.rj.gov.br\/SiteCLIN\/index.php?rest_route=%2Fwp%2Fv2%2Fmedia&parent=686"}],"curies":[{"name":"wp","href":"https:\/\/api.w.org\/{rel}","templated":true}]}}