{"id":697,"date":"2025-02-04T15:21:39","date_gmt":"2025-02-04T18:21:39","guid":{"rendered":"\/SiteCLIN\/?page_id=697"},"modified":"2025-12-09T15:14:32","modified_gmt":"2025-12-09T18:14:32","slug":"limpeza-de-monumentos","status":"publish","type":"page","link":"https:\/\/www.clin.rj.gov.br\/SiteCLIN\/?page_id=697","title":{"rendered":"Limpeza de Monumentos \u200b"},"content":{"rendered":"\t\t<div data-elementor-type=\"wp-page\" data-elementor-id=\"697\" class=\"elementor elementor-697\" data-elementor-post-type=\"page\">\n\t\t\t\t<div class=\"elementor-element elementor-element-9056b9b e-flex e-con-boxed e-con e-parent\" data-id=\"9056b9b\" data-element_type=\"container\" data-settings=\"{&quot;background_background&quot;:&quot;classic&quot;}\">\n\t\t\t\t\t<div class=\"e-con-inner\">\n\t\t<div class=\"elementor-element elementor-element-3ba5ed6 e-con-full e-flex e-con e-child\" data-id=\"3ba5ed6\" data-element_type=\"container\">\n\t\t\t\t<div class=\"elementor-element elementor-element-a57b2e1 elementor-widget elementor-widget-image\" data-id=\"a57b2e1\" data-element_type=\"widget\" data-widget_type=\"image.default\">\n\t\t\t\t<div class=\"elementor-widget-container\">\n\t\t\t\t\t\t\t\t\t\t\t\t\t\t\t<img fetchpriority=\"high\" decoding=\"async\" width=\"800\" height=\"448\" src=\"https:\/\/www.clin.rj.gov.br\/SiteCLIN\/wp-content\/uploads\/2025\/02\/Limpeza-de-monumentos.png\" class=\"attachment-large size-large wp-image-414\" alt=\"\" \/>\t\t\t\t\t\t\t\t\t\t\t\t\t\t\t<\/div>\n\t\t\t\t<\/div>\n\t\t\t\t<\/div>\n\t\t<div class=\"elementor-element elementor-element-fd68c6c e-con-full e-flex e-con e-child\" data-id=\"fd68c6c\" data-element_type=\"container\" data-settings=\"{&quot;background_background&quot;:&quot;classic&quot;}\">\n\t\t\t\t<div class=\"elementor-element elementor-element-39cd82c elementor-widget elementor-widget-heading\" data-id=\"39cd82c\" data-element_type=\"widget\" data-widget_type=\"heading.default\">\n\t\t\t\t<div class=\"elementor-widget-container\">\n\t\t\t\t\t<h2 class=\"elementor-heading-title elementor-size-default\">Limpeza de Monumentos <\/h2>\t\t\t\t<\/div>\n\t\t\t\t<\/div>\n\t\t\t\t<\/div>\n\t\t\t\t\t<\/div>\n\t\t\t\t<\/div>\n\t\t<div class=\"elementor-element elementor-element-6068d4f e-flex e-con-boxed e-con e-parent\" data-id=\"6068d4f\" data-element_type=\"container\">\n\t\t\t\t\t<div class=\"e-con-inner\">\n\t\t\t\t<div class=\"elementor-element elementor-element-f12ec7b elementor-widget elementor-widget-text-editor\" data-id=\"f12ec7b\" data-element_type=\"widget\" data-widget_type=\"text-editor.default\">\n\t\t\t\t<div class=\"elementor-widget-container\">\n\t\t\t\t\t\t\t\t\t<p>Remo\u00e7\u00e3o de Picha\u00e7\u00f5es em Monumentos<br \/>A Clin realiza a remo\u00e7\u00e3o de picha\u00e7\u00f5es em monumentos da cidade com tecnologia e produtos de alta efici\u00eancia. A empresa utiliza duas solu\u00e7\u00f5es especializadas, desenvolvidas para a limpeza segura de superf\u00edcies como pedra, concreto, granito e m\u00e1rmore. Esses produtos s\u00e3o altamente eficazes na remo\u00e7\u00e3o de oxida\u00e7\u00e3o, fuligem e res\u00edduos qu\u00edmicos ou naturais, garantindo a preserva\u00e7\u00e3o das esculturas sem causar danos.<\/p><p>Vantagens e Informa\u00e7\u00f5es Importantes<\/p>\t\t\t\t\t\t\t\t<\/div>\n\t\t\t\t<\/div>\n\t\t\t\t\t<\/div>\n\t\t\t\t<\/div>\n\t\t<div class=\"elementor-element elementor-element-3123078 e-flex e-con-boxed e-con e-parent\" data-id=\"3123078\" data-element_type=\"container\">\n\t\t\t\t\t<div class=\"e-con-inner\">\n\t\t\t\t<div class=\"elementor-element elementor-element-446ee41 elementor-widget elementor-widget-text-editor\" data-id=\"446ee41\" data-element_type=\"widget\" data-widget_type=\"text-editor.default\">\n\t\t\t\t<div class=\"elementor-widget-container\">\n\t\t\t\t\t\t\t\t\t<table>\n    <thead>\n        <tr>\n            <th>Benef\u00edcio<\/th>\n            <th>Detalhes<\/th>\n        <\/tr>\n    <\/thead>\n    <tbody>\n        <tr>\n            <td>Produtos Seguros<\/td>\n            <td>N\u00e3o danificam as esculturas nem alteram suas caracter\u00edsticas originais.<\/td>\n        <\/tr>\n        <tr>\n            <td>Alta Efici\u00eancia<\/td>\n            <td>Removem picha\u00e7\u00f5es, oxida\u00e7\u00e3o, fuligem e agentes impregnantes com rapidez.<\/td>\n        <\/tr>\n        <tr>\n            <td>Aplica\u00e7\u00e3o Especializada<\/td>\n            <td>T\u00e9cnicas adequadas para diferentes tipos de materiais, como concreto, granito e m\u00e1rmore.<\/td>\n        <\/tr>\n        <tr>\n            <td>Preserva\u00e7\u00e3o do Patrim\u00f4nio<\/td>\n            <td>Mant\u00e9m a integridade est\u00e9tica e estrutural dos monumentos da cidade.<\/td>\n        <\/tr>\n        <tr>\n            <td>Sustentabilidade<\/td>\n            <td>Produtos desenvolvidos com foco na redu\u00e7\u00e3o de impactos ambientais.<\/td>\n        <\/tr>\n    <\/tbody>\n<\/table>\n\t\t\t\t\t\t\t\t<\/div>\n\t\t\t\t<\/div>\n\t\t\t\t\t<\/div>\n\t\t\t\t<\/div>\n\t\t<div class=\"elementor-element elementor-element-d670aba e-flex e-con-boxed e-con e-parent\" data-id=\"d670aba\" data-element_type=\"container\">\n\t\t\t\t\t<div class=\"e-con-inner\">\n\t\t\t\t<div class=\"elementor-element elementor-element-70f185d elementor-align-center elementor-widget elementor-widget-button\" data-id=\"70f185d\" data-element_type=\"widget\" data-widget_type=\"button.default\">\n\t\t\t\t<div class=\"elementor-widget-container\">\n\t\t\t\t\t\t\t\t\t<div class=\"elementor-button-wrapper\">\n\t\t\t\t\t<a class=\"elementor-button elementor-button-link elementor-size-sm\" href=\"https:\/\/www.clin.rj.gov.br\/SiteCLIN\/?page_id=17\">\n\t\t\t\t\t\t<span class=\"elementor-button-content-wrapper\">\n\t\t\t\t\t\t\t\t\t<span class=\"elementor-button-text\">Voltar<\/span>\n\t\t\t\t\t<\/span>\n\t\t\t\t\t<\/a>\n\t\t\t\t<\/div>\n\t\t\t\t\t\t\t\t<\/div>\n\t\t\t\t<\/div>\n\t\t\t\t\t<\/div>\n\t\t\t\t<\/div>\n\t\t\t\t<\/div>\n\t\t","protected":false},"excerpt":{"rendered":"<p>Limpeza de Monumentos Remo\u00e7\u00e3o de Picha\u00e7\u00f5es em MonumentosA Clin realiza a remo\u00e7\u00e3o de picha\u00e7\u00f5es em monumentos da cidade com tecnologia e produtos de alta efici\u00eancia. A empresa utiliza duas solu\u00e7\u00f5es especializadas, desenvolvidas para a limpeza segura de superf\u00edcies como pedra, concreto, granito e m\u00e1rmore. Esses produtos s\u00e3o altamente eficazes na remo\u00e7\u00e3o de oxida\u00e7\u00e3o, fuligem e [&hellip;]<\/p>\n","protected":false},"author":1,"featured_media":0,"parent":0,"menu_order":0,"comment_status":"closed","ping_status":"closed","template":"","meta":{"footnotes":""},"class_list":["post-697","page","type-page","status-publish","hentry"],"_links":{"self":[{"href":"https:\/\/www.clin.rj.gov.br\/SiteCLIN\/index.php?rest_route=\/wp\/v2\/pages\/697","targetHints":{"allow":["GET"]}}],"collection":[{"href":"https:\/\/www.clin.rj.gov.br\/SiteCLIN\/index.php?rest_route=\/wp\/v2\/pages"}],"about":[{"href":"https:\/\/www.clin.rj.gov.br\/SiteCLIN\/index.php?rest_route=\/wp\/v2\/types\/page"}],"author":[{"embeddable":true,"href":"https:\/\/www.clin.rj.gov.br\/SiteCLIN\/index.php?rest_route=\/wp\/v2\/users\/1"}],"replies":[{"embeddable":true,"href":"https:\/\/www.clin.rj.gov.br\/SiteCLIN\/index.php?rest_route=%2Fwp%2Fv2%2Fcomments&post=697"}],"version-history":[{"count":25,"href":"https:\/\/www.clin.rj.gov.br\/SiteCLIN\/index.php?rest_route=\/wp\/v2\/pages\/697\/revisions"}],"predecessor-version":[{"id":3959,"href":"https:\/\/www.clin.rj.gov.br\/SiteCLIN\/index.php?rest_route=\/wp\/v2\/pages\/697\/revisions\/3959"}],"wp:attachment":[{"href":"https:\/\/www.clin.rj.gov.br\/SiteCLIN\/index.php?rest_route=%2Fwp%2Fv2%2Fmedia&parent=697"}],"curies":[{"name":"wp","href":"https:\/\/api.w.org\/{rel}","templated":true}]}}