{"id":738,"date":"2025-02-04T15:31:09","date_gmt":"2025-02-04T18:31:09","guid":{"rendered":"\/SiteCLIN\/?page_id=738"},"modified":"2025-12-09T15:14:48","modified_gmt":"2025-12-09T18:14:48","slug":"pintura-de-meio-fios","status":"publish","type":"page","link":"https:\/\/www.clin.rj.gov.br\/SiteCLIN\/?page_id=738","title":{"rendered":"Pintura de Meio-Fios\u200b"},"content":{"rendered":"\t\t<div data-elementor-type=\"wp-page\" data-elementor-id=\"738\" class=\"elementor elementor-738\" data-elementor-post-type=\"page\">\n\t\t\t\t<div class=\"elementor-element elementor-element-52456b5 e-flex e-con-boxed e-con e-parent\" data-id=\"52456b5\" data-element_type=\"container\" data-settings=\"{&quot;background_background&quot;:&quot;classic&quot;}\">\n\t\t\t\t\t<div class=\"e-con-inner\">\n\t\t<div class=\"elementor-element elementor-element-1e0fd16 e-con-full e-flex e-con e-child\" data-id=\"1e0fd16\" data-element_type=\"container\">\n\t\t\t\t<div class=\"elementor-element elementor-element-75d60a7 elementor-widget elementor-widget-image\" data-id=\"75d60a7\" data-element_type=\"widget\" data-widget_type=\"image.default\">\n\t\t\t\t<div class=\"elementor-widget-container\">\n\t\t\t\t\t\t\t\t\t\t\t\t\t\t\t<img fetchpriority=\"high\" decoding=\"async\" width=\"800\" height=\"449\" src=\"https:\/\/www.clin.rj.gov.br\/SiteCLIN\/wp-content\/uploads\/2025\/02\/meio-fio.png\" class=\"attachment-large size-large wp-image-415\" alt=\"\" \/>\t\t\t\t\t\t\t\t\t\t\t\t\t\t\t<\/div>\n\t\t\t\t<\/div>\n\t\t\t\t<\/div>\n\t\t<div class=\"elementor-element elementor-element-d02e017 e-con-full e-flex e-con e-child\" data-id=\"d02e017\" data-element_type=\"container\" data-settings=\"{&quot;background_background&quot;:&quot;classic&quot;}\">\n\t\t\t\t<div class=\"elementor-element elementor-element-3027532 elementor-widget elementor-widget-heading\" data-id=\"3027532\" data-element_type=\"widget\" data-widget_type=\"heading.default\">\n\t\t\t\t<div class=\"elementor-widget-container\">\n\t\t\t\t\t<h2 class=\"elementor-heading-title elementor-size-default\">Pintura<br>de Meio-Fios<\/h2>\t\t\t\t<\/div>\n\t\t\t\t<\/div>\n\t\t\t\t<\/div>\n\t\t\t\t\t<\/div>\n\t\t\t\t<\/div>\n\t\t<div class=\"elementor-element elementor-element-6e5c77c e-flex e-con-boxed e-con e-parent\" data-id=\"6e5c77c\" data-element_type=\"container\">\n\t\t\t\t\t<div class=\"e-con-inner\">\n\t\t\t\t<div class=\"elementor-element elementor-element-10d9b43 elementor-widget elementor-widget-text-editor\" data-id=\"10d9b43\" data-element_type=\"widget\" data-widget_type=\"text-editor.default\">\n\t\t\t\t<div class=\"elementor-widget-container\">\n\t\t\t\t\t\t\t\t\t<p>Al\u00e9m da limpeza especializada, a <strong>Clin<\/strong> tamb\u00e9m realiza a <strong>caia\u00e7\u00e3o do meio-fio<\/strong>, contribuindo para a seguran\u00e7a de pedestres e motoristas. Esse servi\u00e7o melhora a visibilidade das vias, reduzindo riscos de acidentes, al\u00e9m de valorizar a est\u00e9tica urbana e deixar os bairros de <strong>Niter\u00f3i<\/strong> mais organizados e bonitos.<\/p>\t\t\t\t\t\t\t\t<\/div>\n\t\t\t\t<\/div>\n\t\t\t\t\t<\/div>\n\t\t\t\t<\/div>\n\t\t<div class=\"elementor-element elementor-element-ec7b772 e-flex e-con-boxed e-con e-parent\" data-id=\"ec7b772\" data-element_type=\"container\">\n\t\t\t\t\t<div class=\"e-con-inner\">\n\t\t\t\t<div class=\"elementor-element elementor-element-b29c611 elementor-widget elementor-widget-text-editor\" data-id=\"b29c611\" data-element_type=\"widget\" data-widget_type=\"text-editor.default\">\n\t\t\t\t<div class=\"elementor-widget-container\">\n\t\t\t\t\t\t\t\t\t<table border=\"1\" cellspacing=\"0\" cellpadding=\"10\"><thead><tr><th>Benef\u00edcio<\/th><th>Descri\u00e7\u00e3o<\/th><\/tr><\/thead><tbody><tr><td><strong>Mais Seguran\u00e7a<\/strong><\/td><td>Melhora a visibilidade das cal\u00e7adas e vias, prevenindo acidentes.<\/td><\/tr><tr><td><strong>Valoriza\u00e7\u00e3o Urbana<\/strong><\/td><td>Deixa ruas e bairros mais organizados e bem cuidados.<\/td><\/tr><tr><td><strong>Manuten\u00e7\u00e3o Eficiente<\/strong><\/td><td>F\u00e1cil aplica\u00e7\u00e3o e renova\u00e7\u00e3o peri\u00f3dica garantem durabilidade.<\/td><\/tr><tr><td><strong>Impacto Positivo<\/strong><\/td><td>Contribui para o bem-estar da comunidade e a preserva\u00e7\u00e3o da cidade.<\/td><\/tr><\/tbody><\/table>\t\t\t\t\t\t\t\t<\/div>\n\t\t\t\t<\/div>\n\t\t\t\t\t<\/div>\n\t\t\t\t<\/div>\n\t\t<div class=\"elementor-element elementor-element-7bb8467 e-flex e-con-boxed e-con e-parent\" data-id=\"7bb8467\" data-element_type=\"container\">\n\t\t\t\t\t<div class=\"e-con-inner\">\n\t\t\t\t<div class=\"elementor-element elementor-element-14bdf82 elementor-align-center elementor-widget elementor-widget-button\" data-id=\"14bdf82\" data-element_type=\"widget\" data-widget_type=\"button.default\">\n\t\t\t\t<div class=\"elementor-widget-container\">\n\t\t\t\t\t\t\t\t\t<div class=\"elementor-button-wrapper\">\n\t\t\t\t\t<a class=\"elementor-button elementor-button-link elementor-size-sm\" href=\"https:\/\/www.clin.rj.gov.br\/SiteCLIN\/?page_id=17\">\n\t\t\t\t\t\t<span class=\"elementor-button-content-wrapper\">\n\t\t\t\t\t\t\t\t\t<span class=\"elementor-button-text\">Voltar<\/span>\n\t\t\t\t\t<\/span>\n\t\t\t\t\t<\/a>\n\t\t\t\t<\/div>\n\t\t\t\t\t\t\t\t<\/div>\n\t\t\t\t<\/div>\n\t\t\t\t\t<\/div>\n\t\t\t\t<\/div>\n\t\t\t\t<\/div>\n\t\t","protected":false},"excerpt":{"rendered":"<p>Pinturade Meio-Fios Al\u00e9m da limpeza especializada, a Clin tamb\u00e9m realiza a caia\u00e7\u00e3o do meio-fio, contribuindo para a seguran\u00e7a de pedestres e motoristas. Esse servi\u00e7o melhora a visibilidade das vias, reduzindo riscos de acidentes, al\u00e9m de valorizar a est\u00e9tica urbana e deixar os bairros de Niter\u00f3i mais organizados e bonitos. Benef\u00edcio Descri\u00e7\u00e3o Mais Seguran\u00e7a Melhora a [&hellip;]<\/p>\n","protected":false},"author":1,"featured_media":0,"parent":0,"menu_order":0,"comment_status":"closed","ping_status":"closed","template":"","meta":{"footnotes":""},"class_list":["post-738","page","type-page","status-publish","hentry"],"_links":{"self":[{"href":"https:\/\/www.clin.rj.gov.br\/SiteCLIN\/index.php?rest_route=\/wp\/v2\/pages\/738","targetHints":{"allow":["GET"]}}],"collection":[{"href":"https:\/\/www.clin.rj.gov.br\/SiteCLIN\/index.php?rest_route=\/wp\/v2\/pages"}],"about":[{"href":"https:\/\/www.clin.rj.gov.br\/SiteCLIN\/index.php?rest_route=\/wp\/v2\/types\/page"}],"author":[{"embeddable":true,"href":"https:\/\/www.clin.rj.gov.br\/SiteCLIN\/index.php?rest_route=\/wp\/v2\/users\/1"}],"replies":[{"embeddable":true,"href":"https:\/\/www.clin.rj.gov.br\/SiteCLIN\/index.php?rest_route=%2Fwp%2Fv2%2Fcomments&post=738"}],"version-history":[{"count":16,"href":"https:\/\/www.clin.rj.gov.br\/SiteCLIN\/index.php?rest_route=\/wp\/v2\/pages\/738\/revisions"}],"predecessor-version":[{"id":3962,"href":"https:\/\/www.clin.rj.gov.br\/SiteCLIN\/index.php?rest_route=\/wp\/v2\/pages\/738\/revisions\/3962"}],"wp:attachment":[{"href":"https:\/\/www.clin.rj.gov.br\/SiteCLIN\/index.php?rest_route=%2Fwp%2Fv2%2Fmedia&parent=738"}],"curies":[{"name":"wp","href":"https:\/\/api.w.org\/{rel}","templated":true}]}}