{"id":986,"date":"2025-02-06T16:11:07","date_gmt":"2025-02-06T19:11:07","guid":{"rendered":"\/SiteCLIN\/?page_id=986"},"modified":"2025-11-18T17:04:36","modified_gmt":"2025-11-18T20:04:36","slug":"acessar-licitacoes","status":"publish","type":"page","link":"https:\/\/www.clin.rj.gov.br\/SiteCLIN\/?page_id=986","title":{"rendered":"Acessar Licita\u00e7\u00f5es"},"content":{"rendered":"\t\t<div data-elementor-type=\"wp-page\" data-elementor-id=\"986\" class=\"elementor elementor-986\" data-elementor-post-type=\"page\">\n\t\t\t\t<div class=\"elementor-element elementor-element-f8834d1 e-flex e-con-boxed e-con e-parent\" data-id=\"f8834d1\" data-element_type=\"container\" data-settings=\"{&quot;background_background&quot;:&quot;classic&quot;}\">\n\t\t\t\t\t<div class=\"e-con-inner\">\n\t\t\t\t<div class=\"elementor-element elementor-element-f61a618 elementor-widget__width-initial elementor-widget elementor-widget-heading\" data-id=\"f61a618\" data-element_type=\"widget\" data-widget_type=\"heading.default\">\n\t\t\t\t<div class=\"elementor-widget-container\">\n\t\t\t\t\t<h2 class=\"elementor-heading-title elementor-size-default\">Licita\u00e7\u00f5es da CLIN\n<\/h2>\t\t\t\t<\/div>\n\t\t\t\t<\/div>\n\t\t\t\t\t<\/div>\n\t\t\t\t<\/div>\n\t\t<div class=\"elementor-element elementor-element-00a9825 e-flex e-con-boxed e-con e-parent\" data-id=\"00a9825\" data-element_type=\"container\">\n\t\t\t\t\t<div class=\"e-con-inner\">\n\t\t\t\t<div class=\"elementor-element elementor-element-5fb9998 elementor-widget elementor-widget-html\" data-id=\"5fb9998\" data-element_type=\"widget\" data-widget_type=\"html.default\">\n\t\t\t\t<div class=\"elementor-widget-container\">\n\t\t\t\t\t<iframe src=\"https:\/\/www.clin.rj.gov.br\/SiteCLIN\/antigo\/licitacoes.php\" width=\"100%\" height=\"720\" scrolling=\"yes\" class=\"iframe-class\" frameborder=\"0\"><\/iframe>\t\t\t\t<\/div>\n\t\t\t\t<\/div>\n\t\t\t\t\t<\/div>\n\t\t\t\t<\/div>\n\t\t<div class=\"elementor-element elementor-element-7f0527f e-flex e-con-boxed e-con e-parent\" data-id=\"7f0527f\" data-element_type=\"container\">\n\t\t\t\t\t<div class=\"e-con-inner\">\n\t\t\t\t<div class=\"elementor-element elementor-element-9256ed6 elementor-widget__width-initial elementor-invisible elementor-widget elementor-widget-heading\" data-id=\"9256ed6\" data-element_type=\"widget\" data-settings=\"{&quot;_animation&quot;:&quot;bounceIn&quot;}\" data-widget_type=\"heading.default\">\n\t\t\t\t<div class=\"elementor-widget-container\">\n\t\t\t\t\t<h2 class=\"elementor-heading-title elementor-size-default\"><a href=\"https:\/\/www.clin.rj.gov.br\/SiteCLIN\/wp-content\/uploads\/2025\/02\/REGULAMENTO_DE_LICITACOES_E_CONTRATOS_CLIN_compressed.pdf\" target=\"_blank\">Clique aqui para acessar o Regulamento Interno de Licita\u00e7\u00f5es e Contratos (RILC) da Companhia Municipal de Limpeza Urbana de Niter\u00f3i (CLIN)<\/a><\/h2>\t\t\t\t<\/div>\n\t\t\t\t<\/div>\n\t\t\t\t<div class=\"elementor-element elementor-element-82eca0f elementor-widget__width-initial elementor-invisible elementor-widget elementor-widget-heading\" data-id=\"82eca0f\" data-element_type=\"widget\" data-settings=\"{&quot;_animation&quot;:&quot;bounceIn&quot;}\" data-widget_type=\"heading.default\">\n\t\t\t\t<div class=\"elementor-widget-container\">\n\t\t\t\t\t<h2 class=\"elementor-heading-title elementor-size-default\"><a href=\"\/SiteCLIN\/wp-content\/uploads\/2025\/11\/Fluxograma-Licitacoes.pdf\" target=\"_blank\">Clique aqui para acessar Fluxograma para os Processos de Licita\u00e7\u00f5es e Contrata\u00e7\u00f5es Diretas da Companhia de Limpeza Urbana de Niter\u00f3i (CLIN)<\/a><\/h2>\t\t\t\t<\/div>\n\t\t\t\t<\/div>\n\t\t\t\t\t<\/div>\n\t\t\t\t<\/div>\n\t\t<div class=\"elementor-element elementor-element-d7848e8 e-flex e-con-boxed e-con e-parent\" data-id=\"d7848e8\" data-element_type=\"container\">\n\t\t\t\t\t<div class=\"e-con-inner\">\n\t\t\t\t<div class=\"elementor-element elementor-element-078aee8 elementor-widget__width-initial elementor-invisible elementor-widget elementor-widget-heading\" data-id=\"078aee8\" data-element_type=\"widget\" data-settings=\"{&quot;_animation&quot;:&quot;bounceIn&quot;}\" data-widget_type=\"heading.default\">\n\t\t\t\t<div class=\"elementor-widget-container\">\n\t\t\t\t\t<h2 class=\"elementor-heading-title elementor-size-default\"><a href=\"https:\/\/www.clin.rj.gov.br\/SiteCLIN\/wp-content\/uploads\/2025\/02\/deliberacao-1-2025.pdf\">Acessar Delibera\u00e7\u00e3o 01\/2025<\/a><\/h2>\t\t\t\t<\/div>\n\t\t\t\t<\/div>\n\t\t\t\t\t<\/div>\n\t\t\t\t<\/div>\n\t\t<div class=\"elementor-element elementor-element-b287f17 e-flex e-con-boxed e-con e-parent\" data-id=\"b287f17\" data-element_type=\"container\">\n\t\t\t\t\t<div class=\"e-con-inner\">\n\t\t\t\t<div class=\"elementor-element elementor-element-fd94b99 elementor-widget__width-initial elementor-invisible elementor-widget elementor-widget-heading\" data-id=\"fd94b99\" data-element_type=\"widget\" data-settings=\"{&quot;_animation&quot;:&quot;bounceIn&quot;}\" data-widget_type=\"heading.default\">\n\t\t\t\t<div class=\"elementor-widget-container\">\n\t\t\t\t\t<h2 class=\"elementor-heading-title elementor-size-default\"><a href=\"https:\/\/www.clin.rj.gov.br\/SiteCLIN\/?page_id=19\">VOLTAR<\/a><\/h2>\t\t\t\t<\/div>\n\t\t\t\t<\/div>\n\t\t\t\t\t<\/div>\n\t\t\t\t<\/div>\n\t\t\t\t<\/div>\n\t\t","protected":false},"excerpt":{"rendered":"<p>Licita\u00e7\u00f5es da CLIN Clique aqui para acessar o Regulamento Interno de Licita\u00e7\u00f5es e Contratos (RILC) da Companhia Municipal de Limpeza Urbana de Niter\u00f3i (CLIN) Clique aqui para acessar Fluxograma para os Processos de Licita\u00e7\u00f5es e Contrata\u00e7\u00f5es Diretas da Companhia de Limpeza Urbana de Niter\u00f3i (CLIN) Acessar Delibera\u00e7\u00e3o 01\/2025 VOLTAR<\/p>\n","protected":false},"author":1,"featured_media":0,"parent":0,"menu_order":0,"comment_status":"closed","ping_status":"closed","template":"","meta":{"footnotes":""},"class_list":["post-986","page","type-page","status-publish","hentry"],"_links":{"self":[{"href":"https:\/\/www.clin.rj.gov.br\/SiteCLIN\/index.php?rest_route=\/wp\/v2\/pages\/986","targetHints":{"allow":["GET"]}}],"collection":[{"href":"https:\/\/www.clin.rj.gov.br\/SiteCLIN\/index.php?rest_route=\/wp\/v2\/pages"}],"about":[{"href":"https:\/\/www.clin.rj.gov.br\/SiteCLIN\/index.php?rest_route=\/wp\/v2\/types\/page"}],"author":[{"embeddable":true,"href":"https:\/\/www.clin.rj.gov.br\/SiteCLIN\/index.php?rest_route=\/wp\/v2\/users\/1"}],"replies":[{"embeddable":true,"href":"https:\/\/www.clin.rj.gov.br\/SiteCLIN\/index.php?rest_route=%2Fwp%2Fv2%2Fcomments&post=986"}],"version-history":[{"count":49,"href":"https:\/\/www.clin.rj.gov.br\/SiteCLIN\/index.php?rest_route=\/wp\/v2\/pages\/986\/revisions"}],"predecessor-version":[{"id":3899,"href":"https:\/\/www.clin.rj.gov.br\/SiteCLIN\/index.php?rest_route=\/wp\/v2\/pages\/986\/revisions\/3899"}],"wp:attachment":[{"href":"https:\/\/www.clin.rj.gov.br\/SiteCLIN\/index.php?rest_route=%2Fwp%2Fv2%2Fmedia&parent=986"}],"curies":[{"name":"wp","href":"https:\/\/api.w.org\/{rel}","templated":true}]}}